{"id":35018,"date":"2025-02-20T22:34:42","date_gmt":"2025-02-20T22:34:42","guid":{"rendered":"http:\/\/olemosaic.com\/producto\/vaso-de-chupito-de-ceramica-flores-barcelona-blanco\/"},"modified":"2025-07-25T18:40:47","modified_gmt":"2025-07-25T16:40:47","slug":"copo-de-shot-de-ceramica-flores-barcelona-branco","status":"publish","type":"product","link":"https:\/\/olemosaic.com\/pt-pt\/produto\/copo-de-shot-de-ceramica-flores-barcelona-branco\/","title":{"rendered":"Copo de shot de cer\u00e2mica. Flores. Barcelona. Branco."},"content":{"rendered":"<p>Este copo de shot de cer\u00e2mica, decorado com um design floral vibrante, evoca a ess\u00eancia de Barcelona, tornando-o o souvenir ideal para recordar a beleza desta cidade emblem\u00e1tica. Com um acabamento branco que real\u00e7a o seu interior laranja brilhante, cada copo apresenta um motivo elaborado de mosaico que combina cores intensas como o vermelho, o azul e o amarelo, refletindo a ornamenta\u00e7\u00e3o caracter\u00edstica da cidade. O texto \u201cBarcelona\u201d encontra-se impresso num estilo moderno, acrescentando um toque contempor\u00e2neo a este souvenir cl\u00e1ssico.<\/p>\n<p>O design do copo \u00e9 inspirado no famoso Parque G\u00fcell de Antoni Gaud\u00ed, um \u00edcone do modernismo catal\u00e3o, onde os mosaicos de cer\u00e2mica criam um ambiente de fantasia e criatividade. Este copo n\u00e3o \u00e9 apenas perfeito para desfrutar de shots em celebra\u00e7\u00f5es, mas tamb\u00e9m pode funcionar como um elemento decorativo atraente para qualquer casa.<\/p>\n<p>Na Ol\u00e9 Mosaic especializamo-nos na distribui\u00e7\u00e3o de souvenirs por grosso, oferecendo artigos aut\u00eanticos que representam a cultura espanhola. Este copo de shot de cer\u00e2mica de Barcelona \u00e9 uma excelente op\u00e7\u00e3o para lojas de recorda\u00e7\u00f5es tur\u00edsticas que procuram souvenirs de qualidade e significado cultural. Ao escolher os nossos produtos, garante aos seus clientes uma recorda\u00e7\u00e3o aut\u00eantica e representativa da sua visita a esta cidade maravilhosa.<\/p>\n","protected":false},"excerpt":{"rendered":"<p>Copo de shot de cer\u00e2mica decorado com um design floral vibrante que evoca a ess\u00eancia de Barcelona. Este atraente copo, com acabamento branco e interior laranja, apresenta um motivo elaborado de mosaico em vermelho, azul e amarelo, que captura a ornamenta\u00e7\u00e3o caracter\u00edstica da cidade. Com o texto &#8220;Barcelona&#8221; impresso num estilo moderno, \u00e9 o souvenir perfeito para recordar a beleza e a arte desta regi\u00e3o emblem\u00e1tica. Ideal para usar em celebra\u00e7\u00f5es ou como elemento decorativo.<\/p>\n","protected":false},"featured_media":9067,"template":"","meta":{"_acf_changed":false},"product_brand":[],"product_cat":[815],"product_tag":[515],"class_list":{"0":"post-35018","1":"product","2":"type-product","3":"status-publish","4":"has-post-thumbnail","6":"product_cat-copos-de-shot","7":"product_tag-ceramica","8":"pa_ciudad-barcelona","9":"pa_motivo-flores","10":"pa_pais-espana","12":"first","13":"instock","14":"shipping-taxable","15":"product-type-simple"},"acf":[],"_links":{"self":[{"href":"https:\/\/olemosaic.com\/pt-pt\/wp-json\/wp\/v2\/product\/35018","targetHints":{"allow":["GET"]}}],"collection":[{"href":"https:\/\/olemosaic.com\/pt-pt\/wp-json\/wp\/v2\/product"}],"about":[{"href":"https:\/\/olemosaic.com\/pt-pt\/wp-json\/wp\/v2\/types\/product"}],"wp:featuredmedia":[{"embeddable":true,"href":"https:\/\/olemosaic.com\/pt-pt\/wp-json\/wp\/v2\/media\/9067"}],"wp:attachment":[{"href":"https:\/\/olemosaic.com\/pt-pt\/wp-json\/wp\/v2\/media?parent=35018"}],"wp:term":[{"taxonomy":"product_brand","embeddable":true,"href":"https:\/\/olemosaic.com\/pt-pt\/wp-json\/wp\/v2\/product_brand?post=35018"},{"taxonomy":"product_cat","embeddable":true,"href":"https:\/\/olemosaic.com\/pt-pt\/wp-json\/wp\/v2\/product_cat?post=35018"},{"taxonomy":"product_tag","embeddable":true,"href":"https:\/\/olemosaic.com\/pt-pt\/wp-json\/wp\/v2\/product_tag?post=35018"}],"curies":[{"name":"wp","href":"https:\/\/api.w.org\/{rel}","templated":true}]}}