{"id":35017,"date":"2025-02-20T22:34:42","date_gmt":"2025-02-20T22:34:42","guid":{"rendered":"http:\/\/olemosaic.com\/producto\/vaso-de-chupito-de-ceramica-toro-madrid-beige\/"},"modified":"2025-07-25T18:48:25","modified_gmt":"2025-07-25T16:48:25","slug":"copo-de-shot-de-ceramica-touro-madrid-bege","status":"publish","type":"product","link":"https:\/\/olemosaic.com\/pt-pt\/produto\/copo-de-shot-de-ceramica-touro-madrid-bege\/","title":{"rendered":"Copo de shot de cer\u00e2mica. Touro. Madrid. Bege."},"content":{"rendered":"<p>Este copo de shot de cer\u00e2mica, decorado com um design vibrante de touro, \u00e9 uma excelente recorda\u00e7\u00e3o de Madrid que captura a ess\u00eancia da cultura espanhola. Com uma cor bege elegante como base, o copo apresenta um mosaico chamativo em tons de verde, vermelho e azul que se destaca sobre o fundo claro, evocando a tradi\u00e7\u00e3o taurom\u00e1quica e a rica heran\u00e7a cultural da cidade. A figura do touro, emblema ic\u00f3nico de Espanha, est\u00e1 representada de forma colorida e art\u00edstica, transformando este copo num objeto tanto funcional como decorativo.<\/p>\n<p>Impresso com a palavra &#8220;Madrid&#8221;, este copo de shot transforma-se num artigo representativo perfeito para quem procura levar para casa um peda\u00e7o da identidade madrilena. Ideal para desfrutar de uma bebida em celebra\u00e7\u00f5es ou reuni\u00f5es, o seu design original n\u00e3o s\u00f3 capta a aten\u00e7\u00e3o dos visitantes, como tamb\u00e9m lhes permite experimentar a autenticidade do tapeio espanhol.<\/p>\n<p>Na Ol\u00e9 Mosaic especializamo-nos na distribui\u00e7\u00e3o de souvenirs por grosso, oferecendo produtos que refletem a diversidade cultural de Espanha. Este copo de shot de cer\u00e2mica \u00e9 uma oportunidade perfeita para lojas de recorda\u00e7\u00f5es tur\u00edsticas que procuram artigos \u00fanicos e aut\u00eanticos que realcem a riqueza do patrim\u00f3nio espanhol. Certifique-se de incluir este copo vibrante na sua oferta e encante os seus clientes com um pedacinho de Madrid.<\/p>\n","protected":false},"excerpt":{"rendered":"<p>Copo de shot de cer\u00e2mica decorado com um design vibrante de touro, emblema da cultura espanhola, inspirado na tradi\u00e7\u00e3o taurom\u00e1quica madrilena. Este copo, de cor bege, apresenta um mosaico colorido em tons de verde, vermelho e azul que se destaca sobre o fundo claro. Com a palavra &#8220;Madrid&#8221; impressa, o copo oferece um toque aut\u00eantico e representativo, ideal para desfrutar de um shot enquanto se celebra a rica heran\u00e7a cultural da cidade.<\/p>\n","protected":false},"featured_media":7056,"template":"","meta":{"_acf_changed":false},"product_brand":[],"product_cat":[815],"product_tag":[516,515],"class_list":{"0":"post-35017","1":"product","2":"type-product","3":"status-publish","4":"has-post-thumbnail","6":"product_cat-copos-de-shot","7":"product_tag-animais","8":"product_tag-ceramica","9":"pa_ciudad-madrid","10":"pa_motivo-touros","11":"pa_pais-espana","13":"first","14":"instock","15":"shipping-taxable","16":"product-type-simple"},"acf":[],"_links":{"self":[{"href":"https:\/\/olemosaic.com\/pt-pt\/wp-json\/wp\/v2\/product\/35017","targetHints":{"allow":["GET"]}}],"collection":[{"href":"https:\/\/olemosaic.com\/pt-pt\/wp-json\/wp\/v2\/product"}],"about":[{"href":"https:\/\/olemosaic.com\/pt-pt\/wp-json\/wp\/v2\/types\/product"}],"wp:featuredmedia":[{"embeddable":true,"href":"https:\/\/olemosaic.com\/pt-pt\/wp-json\/wp\/v2\/media\/7056"}],"wp:attachment":[{"href":"https:\/\/olemosaic.com\/pt-pt\/wp-json\/wp\/v2\/media?parent=35017"}],"wp:term":[{"taxonomy":"product_brand","embeddable":true,"href":"https:\/\/olemosaic.com\/pt-pt\/wp-json\/wp\/v2\/product_brand?post=35017"},{"taxonomy":"product_cat","embeddable":true,"href":"https:\/\/olemosaic.com\/pt-pt\/wp-json\/wp\/v2\/product_cat?post=35017"},{"taxonomy":"product_tag","embeddable":true,"href":"https:\/\/olemosaic.com\/pt-pt\/wp-json\/wp\/v2\/product_tag?post=35017"}],"curies":[{"name":"wp","href":"https:\/\/api.w.org\/{rel}","templated":true}]}}