{"id":35016,"date":"2025-02-20T22:34:41","date_gmt":"2025-02-20T22:34:41","guid":{"rendered":"http:\/\/olemosaic.com\/producto\/vaso-de-chupito-de-ceramica-salamandra-y-flores-gran-canaria-blanco\/"},"modified":"2025-07-25T18:49:29","modified_gmt":"2025-07-25T16:49:29","slug":"copo-de-shot-de-ceramica-salamandra-e-flores-gran-canaria-branco","status":"publish","type":"product","link":"https:\/\/olemosaic.com\/pt-pt\/produto\/copo-de-shot-de-ceramica-salamandra-e-flores-gran-canaria-branco\/","title":{"rendered":"Copo de shot de cer\u00e2mica. Salamandra e flores. Gran Canaria. Branco."},"content":{"rendered":"<p>Este copo de shot de cer\u00e2mica, decorado com salamandras e flores, \u00e9 uma aut\u00eantica homenagem \u00e0 cultura vibrante de Gran Canaria. Com um design extrovertido e colorido, este copo branco apresenta um interior vermelho brilhante que real\u00e7a os tons vivos das salamandras e os motivos florais, desenhados numa interessante combina\u00e7\u00e3o de azuis, vermelhos, amarelos e verdes. Cada detalhe foi cuidadosamente desenhado para capturar a ess\u00eancia do arquip\u00e9lago can\u00e1rio, fazendo deste copo uma pe\u00e7a cheia de personalidade e car\u00e1cter.<\/p>\n<p>O design art\u00edstico das salamandras, tradicionais no simbolismo can\u00e1rio, mistura-se harmoniosamente com as flores, evocando a rica flora da regi\u00e3o. Este copo \u00e9 ideal para desfrutar das suas bebidas favoritas, seja em celebra\u00e7\u00f5es familiares ou em encontros com amigos, enquanto celebra a autenticidade e beleza de Gran Canaria. O seu fabrico em cer\u00e2mica de alta qualidade n\u00e3o s\u00f3 garante durabilidade, como tamb\u00e9m o torna um objeto decorativo que brilhar\u00e1 em qualquer casa.<\/p>\n<p>Na Ol\u00e9 Mosaic, somos especialistas na distribui\u00e7\u00e3o de souvenirs por grosso, oferecendo produtos aut\u00eanticos que refletem a riqueza cultural de Espanha. Este copo de shot de cer\u00e2mica \u00e9 a escolha perfeita para lojas de recorda\u00e7\u00f5es tur\u00edsticas que desejam oferecer aos seus clientes uma recorda\u00e7\u00e3o significativa e representativa de Gran Canaria, dispon\u00edvel como parte da nossa linha exclusiva de souvenirs can\u00e1rios.<\/p>\n","protected":false},"excerpt":{"rendered":"<p>Copo de shot de cer\u00e2mica decorado com salamandras e flores, inspirado na cultura vibrante de Gran Canaria. Este copo branco, com interior vermelho brilhante, apresenta um design colorido onde se destacam salamandras e motivos florais em tons de azul, vermelho, amarelo e verde. Fabricado com cer\u00e2mica de alta qualidade, este copo \u00e9 ideal para desfrutar das suas bebidas favoritas enquanto celebra a ess\u00eancia do arquip\u00e9lago can\u00e1rio.<\/p>\n","protected":false},"featured_media":8249,"template":"","meta":{"_acf_changed":false},"product_brand":[],"product_cat":[815],"product_tag":[516,515],"class_list":{"0":"post-35016","1":"product","2":"type-product","3":"status-publish","4":"has-post-thumbnail","6":"product_cat-copos-de-shot","7":"product_tag-animais","8":"product_tag-ceramica","9":"pa_ciudad-gran-canaria","10":"pa_motivo-salamandras","11":"pa_pais-espana","13":"first","14":"instock","15":"shipping-taxable","16":"product-type-simple"},"acf":[],"_links":{"self":[{"href":"https:\/\/olemosaic.com\/pt-pt\/wp-json\/wp\/v2\/product\/35016","targetHints":{"allow":["GET"]}}],"collection":[{"href":"https:\/\/olemosaic.com\/pt-pt\/wp-json\/wp\/v2\/product"}],"about":[{"href":"https:\/\/olemosaic.com\/pt-pt\/wp-json\/wp\/v2\/types\/product"}],"wp:featuredmedia":[{"embeddable":true,"href":"https:\/\/olemosaic.com\/pt-pt\/wp-json\/wp\/v2\/media\/8249"}],"wp:attachment":[{"href":"https:\/\/olemosaic.com\/pt-pt\/wp-json\/wp\/v2\/media?parent=35016"}],"wp:term":[{"taxonomy":"product_brand","embeddable":true,"href":"https:\/\/olemosaic.com\/pt-pt\/wp-json\/wp\/v2\/product_brand?post=35016"},{"taxonomy":"product_cat","embeddable":true,"href":"https:\/\/olemosaic.com\/pt-pt\/wp-json\/wp\/v2\/product_cat?post=35016"},{"taxonomy":"product_tag","embeddable":true,"href":"https:\/\/olemosaic.com\/pt-pt\/wp-json\/wp\/v2\/product_tag?post=35016"}],"curies":[{"name":"wp","href":"https:\/\/api.w.org\/{rel}","templated":true}]}}