{"id":35015,"date":"2025-02-20T23:34:41","date_gmt":"2025-02-20T22:34:41","guid":{"rendered":"http:\/\/olemosaic.com\/producto\/vaso-de-chupito-de-ceramica-salamandra-barcelona-beige\/"},"modified":"2025-07-25T18:49:20","modified_gmt":"2025-07-25T16:49:20","slug":"copo-de-shot-de-ceramica-salamandra-barcelona-bege","status":"publish","type":"product","link":"https:\/\/olemosaic.com\/pt-pt\/produto\/copo-de-shot-de-ceramica-salamandra-barcelona-bege\/","title":{"rendered":"Copo de shot de cer\u00e2mica. Salamandra. Barcelona. Bege."},"content":{"rendered":"<p>Este copo de shot de cer\u00e2mica, decorado com salamandras, \u00e9 uma pe\u00e7a \u00fanica que captura a ess\u00eancia art\u00edstica de Barcelona. Com um acabamento delicado em cor bege, este atraente copo apresenta um design vibrante pintado \u00e0 m\u00e3o que inclui as ic\u00f3nicas salamandras de Gaud\u00ed, um s\u00edmbolo da criatividade e originalidade da cidade. As salamandras, em cores que variam do verde ao vermelho, est\u00e3o rodeadas de divertidos motivos florais que complementam a sua est\u00e9tica, enquanto a inscri\u00e7\u00e3o &#8220;Barcelona&#8221; na parte superior do copo destaca a sua liga\u00e7\u00e3o direta \u00e0 cidade.<\/p>\n<p>O interior vermelho do copo oferece um belo contraste que real\u00e7a a beleza deste produto artesanal. Cada copo \u00e9 meticulosamente elaborado, proporcionando n\u00e3o apenas um objeto funcional, mas uma recorda\u00e7\u00e3o cultural significativa que os turistas poder\u00e3o levar para casa. Este copo de shot \u00e9 ideal para os amantes da arquitetura e da arte catal\u00e3, mas tamb\u00e9m demonstra a rica tradi\u00e7\u00e3o artesanal da regi\u00e3o.<\/p>\n<p>Na Ol\u00e9 Mosaic, distribu\u00edmos souvenirs aut\u00eanticos por grosso, e este copo \u00e9 uma excelente op\u00e7\u00e3o para lojas de recorda\u00e7\u00f5es tur\u00edsticas que procuram oferecer aos seus clientes um peda\u00e7o da cultura vibrante de Barcelona. Com a sua relev\u00e2ncia cultural e o seu design atraente, este copo torna-se um presente perfeito e uma recorda\u00e7\u00e3o \u00fanica desta bela cidade.<\/p>\n","protected":false},"excerpt":{"rendered":"<p>Copo de shot de cer\u00e2mica decorado com salamandras, perfeito para recordar Barcelona. Este atraente copo, de cor bege, apresenta um design artesanal, pintado \u00e0 m\u00e3o, com elementos coloridos e motivos florais, incluindo a famosa salamandra de Gaud\u00ed, s\u00edmbolo da criatividade da cidade. O seu interior \u00e9 vermelho, proporcionando um contraste vibrante que real\u00e7a a sua beleza artesanal e encanto cultural. Uma recorda\u00e7\u00e3o ideal para os amantes da arquitetura e da arte catal\u00e3.<\/p>\n","protected":false},"featured_media":7024,"template":"","meta":{"_acf_changed":false},"product_brand":[],"product_cat":[815],"product_tag":[516,515],"class_list":{"0":"post-35015","1":"product","2":"type-product","3":"status-publish","4":"has-post-thumbnail","6":"product_cat-copos-de-shot","7":"product_tag-animais","8":"product_tag-ceramica","9":"pa_ciudad-barcelona","10":"pa_motivo-salamandras","11":"pa_pais-espana","13":"first","14":"instock","15":"shipping-taxable","16":"product-type-simple"},"acf":[],"_links":{"self":[{"href":"https:\/\/olemosaic.com\/pt-pt\/wp-json\/wp\/v2\/product\/35015","targetHints":{"allow":["GET"]}}],"collection":[{"href":"https:\/\/olemosaic.com\/pt-pt\/wp-json\/wp\/v2\/product"}],"about":[{"href":"https:\/\/olemosaic.com\/pt-pt\/wp-json\/wp\/v2\/types\/product"}],"wp:featuredmedia":[{"embeddable":true,"href":"https:\/\/olemosaic.com\/pt-pt\/wp-json\/wp\/v2\/media\/7024"}],"wp:attachment":[{"href":"https:\/\/olemosaic.com\/pt-pt\/wp-json\/wp\/v2\/media?parent=35015"}],"wp:term":[{"taxonomy":"product_brand","embeddable":true,"href":"https:\/\/olemosaic.com\/pt-pt\/wp-json\/wp\/v2\/product_brand?post=35015"},{"taxonomy":"product_cat","embeddable":true,"href":"https:\/\/olemosaic.com\/pt-pt\/wp-json\/wp\/v2\/product_cat?post=35015"},{"taxonomy":"product_tag","embeddable":true,"href":"https:\/\/olemosaic.com\/pt-pt\/wp-json\/wp\/v2\/product_tag?post=35015"}],"curies":[{"name":"wp","href":"https:\/\/api.w.org\/{rel}","templated":true}]}}