{"id":35008,"date":"2025-02-20T23:34:41","date_gmt":"2025-02-20T22:34:41","guid":{"rendered":"http:\/\/olemosaic.com\/producto\/vaso-de-chupito-de-ceramica-la-alhambra-granada-beige\/"},"modified":"2025-07-25T18:33:44","modified_gmt":"2025-07-25T16:33:44","slug":"copo-de-shot-de-ceramica-la-alhambra-granada-bege","status":"publish","type":"product","link":"https:\/\/olemosaic.com\/pt-pt\/produto\/copo-de-shot-de-ceramica-la-alhambra-granada-bege\/","title":{"rendered":"Copo de shot de cer\u00e2mica. Alhambra. Granada. Bege."},"content":{"rendered":"<p>Este copo de shot de cer\u00e2mica, decorado com ilustra\u00e7\u00f5es do Alhambra e da cidade de Granada, \u00e9 a recorda\u00e7\u00e3o perfeita para quem deseja levar um peda\u00e7o da rica cultura andaluza. Com um atraente design em tons bege, este copo real\u00e7a a majestosidade do ic\u00f3nico pal\u00e1cio, que se destaca pela sua impressionante arquitetura e jardins exuberantes. Pintado \u00e0 m\u00e3o, cada detalhe do Alhambra ganha vida, permitindo a quem o possui desfrutar de uma representa\u00e7\u00e3o art\u00edstica \u00fanica que celebra a hist\u00f3ria e a beleza deste patrim\u00f3nio mundial.<\/p>\n<p>O copo apresenta as palavras &#8220;La Alhambra&#8221; e &#8220;Granada&#8221; em cores vibrantes, real\u00e7ando ainda mais a sua liga\u00e7\u00e3o com a regi\u00e3o. A borda preta acrescenta um toque de eleg\u00e2ncia, enquanto o mosaico na base evoca as t\u00e9cnicas art\u00edsticas tradicionais da zona, refletindo assim a rica heran\u00e7a cultural de Granada. Este copo de shot n\u00e3o s\u00f3 cumpre a sua fun\u00e7\u00e3o pr\u00e1tica, como tamb\u00e9m atua como uma encantadora recorda\u00e7\u00e3o da visita a este lugar emblem\u00e1tico.<\/p>\n<p>Na Ol\u00e9 Mosaic, especializamo-nos na distribui\u00e7\u00e3o de recorda\u00e7\u00f5es por grosso, e este copo de shot de cer\u00e2mica representa uma excelente op\u00e7\u00e3o para as lojas de presentes tur\u00edsticos que procuram oferecer produtos aut\u00eanticos e de qualidade. Ideal para turistas e viajantes que procuram uma recorda\u00e7\u00e3o aut\u00eantica de Granada, este copo destacar-se-\u00e1 em qualquer cole\u00e7\u00e3o de mem\u00f3rias.<\/p>\n","protected":false},"excerpt":{"rendered":"<p>Copo de shot de cer\u00e2mica decorado com ilustra\u00e7\u00f5es do Alhambra e da cidade de Granada. Este atraente copo em tons bege apresenta um design artesanal, pintado \u00e0 m\u00e3o, que real\u00e7a a majestosidade do famoso pal\u00e1cio, com detalhes da sua arquitetura e da vegeta\u00e7\u00e3o circundante. Nas laterais, pode ler-se &#8220;La Alhambra&#8221; e &#8220;Granada&#8221; em cores vibrantes, complementado com uma borda preta e um mosaico na base, que evocam a rica cultura andaluza. Ideal para recordar a sua visita a este lugar emblem\u00e1tico.<\/p>\n","protected":false},"featured_media":7516,"template":"","meta":{"_acf_changed":false},"product_brand":[],"product_cat":[815],"product_tag":[515],"class_list":{"0":"post-35008","1":"product","2":"type-product","3":"status-publish","4":"has-post-thumbnail","6":"product_cat-copos-de-shot","7":"product_tag-ceramica","8":"pa_ciudad-granada","9":"pa_motivo-a-alhambra","10":"pa_pais-espana","12":"first","13":"instock","14":"shipping-taxable","15":"product-type-simple"},"acf":[],"_links":{"self":[{"href":"https:\/\/olemosaic.com\/pt-pt\/wp-json\/wp\/v2\/product\/35008","targetHints":{"allow":["GET"]}}],"collection":[{"href":"https:\/\/olemosaic.com\/pt-pt\/wp-json\/wp\/v2\/product"}],"about":[{"href":"https:\/\/olemosaic.com\/pt-pt\/wp-json\/wp\/v2\/types\/product"}],"wp:featuredmedia":[{"embeddable":true,"href":"https:\/\/olemosaic.com\/pt-pt\/wp-json\/wp\/v2\/media\/7516"}],"wp:attachment":[{"href":"https:\/\/olemosaic.com\/pt-pt\/wp-json\/wp\/v2\/media?parent=35008"}],"wp:term":[{"taxonomy":"product_brand","embeddable":true,"href":"https:\/\/olemosaic.com\/pt-pt\/wp-json\/wp\/v2\/product_brand?post=35008"},{"taxonomy":"product_cat","embeddable":true,"href":"https:\/\/olemosaic.com\/pt-pt\/wp-json\/wp\/v2\/product_cat?post=35008"},{"taxonomy":"product_tag","embeddable":true,"href":"https:\/\/olemosaic.com\/pt-pt\/wp-json\/wp\/v2\/product_tag?post=35008"}],"curies":[{"name":"wp","href":"https:\/\/api.w.org\/{rel}","templated":true}]}}