{"id":35007,"date":"2025-02-20T23:34:41","date_gmt":"2025-02-20T22:34:41","guid":{"rendered":"http:\/\/olemosaic.com\/producto\/vaso-de-chupito-de-ceramica-salamandra-y-flores-blanco\/"},"modified":"2025-07-25T18:51:29","modified_gmt":"2025-07-25T16:51:29","slug":"copo-de-shot-de-ceramica-salamandra-e-flores-branco","status":"publish","type":"product","link":"https:\/\/olemosaic.com\/pt-pt\/produto\/copo-de-shot-de-ceramica-salamandra-e-flores-branco\/","title":{"rendered":"Copo de shot de cer\u00e2mica. Salamandra e flores. Branco."},"content":{"rendered":"<p>Este copo de shot de cer\u00e2mica, decorado com coloridas salamandras, \u00e9 um aut\u00eantico s\u00edmbolo do folclore espanhol, ideal para quem procura recorda\u00e7\u00f5es \u00fanicas e representativas da cultura mediterr\u00e2nica. Com um fundo branco luminoso que contrasta na perfei\u00e7\u00e3o com o vibrante interior vermelho, este copo destaca-se pelo seu requintado design pintado \u00e0 m\u00e3o, onde cada detalhe conta uma hist\u00f3ria. As salamandras, em tons verdes e vermelhos, aparecem com um toque art\u00edstico e festivo, rodeadas de flores azuis e amarelas, criando um efeito visual alegre e din\u00e2mico que evoca a rica biodiversidade da regi\u00e3o.<\/p>\n<p>Cada copo \u00e9 uma pe\u00e7a \u00fanica, elaborada com cer\u00e2mica que real\u00e7a a tradi\u00e7\u00e3o artesanal espanhola, esse toque especial que todo o turista procura como recorda\u00e7\u00e3o. Este copo n\u00e3o \u00e9 apenas uma excelente escolha para desfrutar das suas bebidas favoritas, mas tamb\u00e9m uma aut\u00eantica representa\u00e7\u00e3o da vida selvagem e da arte do mosaico que caracteriza as obras locais.<\/p>\n<p>Na Ol\u00e9 Mosaic, somos distribuidores por grosso de produtos artesanais, e este copo de shot de cer\u00e2mica \u00e9 uma excelente op\u00e7\u00e3o para lojas de presentes tur\u00edsticos que desejem oferecer recorda\u00e7\u00f5es de qualidade que liguem os visitantes \u00e0 ess\u00eancia de Espanha. Confere um estilo vibrante e aut\u00eantico a qualquer cole\u00e7\u00e3o de recorda\u00e7\u00f5es, tornando-se uma mem\u00f3ria significativa e decorativa da passagem pelo Mediterr\u00e2neo.<\/p>\n","protected":false},"excerpt":{"rendered":"<p>Copo de shot de cer\u00e2mica decorado com coloridas salamandras e flores. Este copo original, com fundo branco e um vibrante interior vermelho, est\u00e1 adornado com detalhes em mosaico que representam salamandras em tons verdes e vermelhos, bem como flores azuis e amarelas. Cada copo \u00e9 uma pe\u00e7a \u00fanica, de design artesanal, pintado \u00e0 m\u00e3o, que evoca o folclore espanhol e a vida selvagem mediterr\u00e2nica. Ideal para desfrutar das suas bebidas favoritas com um toque art\u00edstico.<\/p>\n","protected":false},"featured_media":8344,"template":"","meta":{"_acf_changed":false},"product_brand":[],"product_cat":[815],"product_tag":[516,515],"class_list":{"0":"post-35007","1":"product","2":"type-product","3":"status-publish","4":"has-post-thumbnail","6":"product_cat-copos-de-shot","7":"product_tag-animais","8":"product_tag-ceramica","9":"pa_motivo-salamandras","11":"first","12":"instock","13":"shipping-taxable","14":"product-type-simple"},"acf":[],"_links":{"self":[{"href":"https:\/\/olemosaic.com\/pt-pt\/wp-json\/wp\/v2\/product\/35007","targetHints":{"allow":["GET"]}}],"collection":[{"href":"https:\/\/olemosaic.com\/pt-pt\/wp-json\/wp\/v2\/product"}],"about":[{"href":"https:\/\/olemosaic.com\/pt-pt\/wp-json\/wp\/v2\/types\/product"}],"wp:featuredmedia":[{"embeddable":true,"href":"https:\/\/olemosaic.com\/pt-pt\/wp-json\/wp\/v2\/media\/8344"}],"wp:attachment":[{"href":"https:\/\/olemosaic.com\/pt-pt\/wp-json\/wp\/v2\/media?parent=35007"}],"wp:term":[{"taxonomy":"product_brand","embeddable":true,"href":"https:\/\/olemosaic.com\/pt-pt\/wp-json\/wp\/v2\/product_brand?post=35007"},{"taxonomy":"product_cat","embeddable":true,"href":"https:\/\/olemosaic.com\/pt-pt\/wp-json\/wp\/v2\/product_cat?post=35007"},{"taxonomy":"product_tag","embeddable":true,"href":"https:\/\/olemosaic.com\/pt-pt\/wp-json\/wp\/v2\/product_tag?post=35007"}],"curies":[{"name":"wp","href":"https:\/\/api.w.org\/{rel}","templated":true}]}}