{"id":35006,"date":"2025-02-20T22:34:41","date_gmt":"2025-02-20T22:34:41","guid":{"rendered":"http:\/\/olemosaic.com\/producto\/vaso-de-chupito-de-ceramica-punt-de-trobada-barcelona-blanco\/"},"modified":"2025-07-25T18:48:31","modified_gmt":"2025-07-25T16:48:31","slug":"copo-de-shot-de-ceramica-punt-de-trobada-barcelona-branco","status":"publish","type":"product","link":"https:\/\/olemosaic.com\/pt-pt\/produto\/copo-de-shot-de-ceramica-punt-de-trobada-barcelona-branco\/","title":{"rendered":"Copo de shot de cer\u00e2mica. Punt de trobada. Barcelona. Branco."},"content":{"rendered":"<p>Este copinho de shot de cer\u00e2mica, decorado ao estilo &#8220;Punt de Trobada&#8221; de Barcelona, \u00e9 uma aut\u00eantica homenagem \u00e0 vibrante cultura catal\u00e3. Sobre uma base branca que serve de tela, apresenta um cativante design de mosaico que incorpora uma paleta de cores vivas, como o vermelho, o azul e o amarelo, evocando a ess\u00eancia da famosa arquitetura modernista da cidade. Os padr\u00f5es geom\u00e9tricos e fluidos que adornam o copo n\u00e3o s\u00f3 complementam a sua forma, mas tamb\u00e9m narram a rica hist\u00f3ria art\u00edstica de Barcelona, refletindo a inova\u00e7\u00e3o e o engenho dos seus arquitetos e artistas.<\/p>\n<p>A parte superior, de uma atraente cor vermelha, real\u00e7a o design, criando um contraste chamativo que capta a aten\u00e7\u00e3o e torna este copinho numa excelente op\u00e7\u00e3o, tanto para desfrutar de um shot como para us\u00e1-lo como pe\u00e7a decorativa. A liga\u00e7\u00e3o cultural do copo reside na sua representa\u00e7\u00e3o do &#8220;Punt de Trobada&#8221;, um elemento ic\u00f3nico que simboliza a uni\u00e3o e o encontro, aspetos fundamentais na vida social da cidade.<\/p>\n<p>Este copinho de shot n\u00e3o \u00e9 apenas uma recorda\u00e7\u00e3o; \u00e9 uma pe\u00e7a representativa da autenticidade e do legado cultural de Barcelona. Ideal para turistas que procuram recorda\u00e7\u00f5es \u00fanicas, na Ol\u00e9 Mosaic oferecemos esta verdadeira arte em forma de copo, perfeito para as lojas de presentes tur\u00edsticos que procuram oferecer produtos com significado. Com cada copinho, as mem\u00f3rias de Barcelona ficar\u00e3o gravadas de forma memor\u00e1vel, real\u00e7ando a sua relev\u00e2ncia cultural e atrativo visual.<\/p>\n","protected":false},"excerpt":{"rendered":"<p>Copo de shot de cer\u00e2mica decorado com o ic\u00f3nico estilo do &#8216;Punt de Trobada&#8217; de Barcelona. O copo apresenta uma base branca com um design de mosaico que inclui cores vibrantes como vermelho, azul e amarelo, representando elementos da arquitetura modernista da cidade. A parte superior, de uma atraente cor vermelha, real\u00e7a o seu design art\u00edstico. Ideal para desfrutar de um shot ou como pe\u00e7a decorativa que evoca a cultura catal\u00e3.<\/p>\n","protected":false},"featured_media":9139,"template":"","meta":{"_acf_changed":false},"product_brand":[],"product_cat":[815],"product_tag":[515],"class_list":{"0":"post-35006","1":"product","2":"type-product","3":"status-publish","4":"has-post-thumbnail","6":"product_cat-copos-de-shot","7":"product_tag-ceramica","8":"pa_ciudad-barcelona","9":"pa_motivo-punt-de-trobada","10":"pa_pais-espana","12":"first","13":"instock","14":"shipping-taxable","15":"product-type-simple"},"acf":[],"_links":{"self":[{"href":"https:\/\/olemosaic.com\/pt-pt\/wp-json\/wp\/v2\/product\/35006","targetHints":{"allow":["GET"]}}],"collection":[{"href":"https:\/\/olemosaic.com\/pt-pt\/wp-json\/wp\/v2\/product"}],"about":[{"href":"https:\/\/olemosaic.com\/pt-pt\/wp-json\/wp\/v2\/types\/product"}],"wp:featuredmedia":[{"embeddable":true,"href":"https:\/\/olemosaic.com\/pt-pt\/wp-json\/wp\/v2\/media\/9139"}],"wp:attachment":[{"href":"https:\/\/olemosaic.com\/pt-pt\/wp-json\/wp\/v2\/media?parent=35006"}],"wp:term":[{"taxonomy":"product_brand","embeddable":true,"href":"https:\/\/olemosaic.com\/pt-pt\/wp-json\/wp\/v2\/product_brand?post=35006"},{"taxonomy":"product_cat","embeddable":true,"href":"https:\/\/olemosaic.com\/pt-pt\/wp-json\/wp\/v2\/product_cat?post=35006"},{"taxonomy":"product_tag","embeddable":true,"href":"https:\/\/olemosaic.com\/pt-pt\/wp-json\/wp\/v2\/product_tag?post=35006"}],"curies":[{"name":"wp","href":"https:\/\/api.w.org\/{rel}","templated":true}]}}