{"id":35005,"date":"2025-02-20T22:34:40","date_gmt":"2025-02-20T22:34:40","guid":{"rendered":"http:\/\/olemosaic.com\/producto\/vaso-de-chupito-de-ceramica-salamandra-y-flores-mallorca-blanco\/"},"modified":"2025-07-25T18:49:20","modified_gmt":"2025-07-25T16:49:20","slug":"copo-de-shot-de-ceramica-salamandra-e-flores-maiorca-branco","status":"publish","type":"product","link":"https:\/\/olemosaic.com\/pt-pt\/produto\/copo-de-shot-de-ceramica-salamandra-e-flores-maiorca-branco\/","title":{"rendered":"Copo de shot de cer\u00e2mica. Salamandra e flores. Maiorca. Branco."},"content":{"rendered":"<p>Este copo de shot de cer\u00e2mica de Maiorca \u00e9 uma bonita recorda\u00e7\u00e3o que capta a ess\u00eancia da ilha balear, ideal para quem procura uma recorda\u00e7\u00e3o aut\u00eantica e significativa. Com um design vibrante e colorido, este copo destaca-se pela sua base interior de uma chamativa cor vermelha e um acabamento exterior branco que simula um mosaico art\u00edstico. Decorado com salamandras em tons azuis e vermelhos, bem como com flores azuis e amarelas, este copo n\u00e3o \u00e9 apenas funcional, mas tamb\u00e9m uma pe\u00e7a decorativa que real\u00e7a a beleza natural e cultural de Maiorca.<\/p>\n<p>Cada detalhe da cer\u00e2mica \u00e9 cuidadosamente pintado \u00e0 m\u00e3o, o que acrescenta um toque especial e exclusivo a cada copo. As salamandras representam a fauna local, enquanto os motivos florais evocam as vibrantes paisagens da ilha. Este copo de shot n\u00e3o \u00e9 apenas perfeito para desfrutar de uma bebida em boa companhia, mas tamb\u00e9m serve como uma excelente pe\u00e7a de conversa que recorda o calor e o encanto das tradi\u00e7\u00f5es maiorquinas.<\/p>\n<p>Na Ol\u00e9 Mosaic, especializamo-nos na distribui\u00e7\u00e3o de recorda\u00e7\u00f5es por grosso, e este copo de shot \u00e9 uma op\u00e7\u00e3o imprescind\u00edvel para lojas de presentes tur\u00edsticos que procuram produtos aut\u00eanticos e de qualidade. Representa a heran\u00e7a cultural de Maiorca e real\u00e7a a arte local, tornando-se um presente significativo para quem deseja levar um peda\u00e7o desta bela ilha. Como grossista de cer\u00e2mica, garantimos que cada copo \u00e9 uma celebra\u00e7\u00e3o da hist\u00f3ria e da arte de Maiorca.<\/p>\n","protected":false},"excerpt":{"rendered":"<p>Copo de shot de cer\u00e2mica decorado com chamativas salamandras e flores, que representa a beleza de Maiorca. Este copo original destaca-se pelo seu design em branco e pelos vibrantes detalhes de cor, com uma base vermelha no interior. A cer\u00e2mica apresenta um acabamento que lembra um mosaico, onde as salamandras em tons azul e vermelho se combinam com flores azuis e amarelas, oferecendo um atrativo visual ideal para desfrutar de uma boa bebida em companhia.<\/p>\n","protected":false},"featured_media":8020,"template":"","meta":{"_acf_changed":false},"product_brand":[],"product_cat":[815],"product_tag":[516,515],"class_list":{"0":"post-35005","1":"product","2":"type-product","3":"status-publish","4":"has-post-thumbnail","6":"product_cat-copos-de-shot","7":"product_tag-animais","8":"product_tag-ceramica","9":"pa_ciudad-mallorca","10":"pa_motivo-salamandras","11":"pa_pais-espana","13":"first","14":"instock","15":"shipping-taxable","16":"product-type-simple"},"acf":[],"_links":{"self":[{"href":"https:\/\/olemosaic.com\/pt-pt\/wp-json\/wp\/v2\/product\/35005","targetHints":{"allow":["GET"]}}],"collection":[{"href":"https:\/\/olemosaic.com\/pt-pt\/wp-json\/wp\/v2\/product"}],"about":[{"href":"https:\/\/olemosaic.com\/pt-pt\/wp-json\/wp\/v2\/types\/product"}],"wp:featuredmedia":[{"embeddable":true,"href":"https:\/\/olemosaic.com\/pt-pt\/wp-json\/wp\/v2\/media\/8020"}],"wp:attachment":[{"href":"https:\/\/olemosaic.com\/pt-pt\/wp-json\/wp\/v2\/media?parent=35005"}],"wp:term":[{"taxonomy":"product_brand","embeddable":true,"href":"https:\/\/olemosaic.com\/pt-pt\/wp-json\/wp\/v2\/product_brand?post=35005"},{"taxonomy":"product_cat","embeddable":true,"href":"https:\/\/olemosaic.com\/pt-pt\/wp-json\/wp\/v2\/product_cat?post=35005"},{"taxonomy":"product_tag","embeddable":true,"href":"https:\/\/olemosaic.com\/pt-pt\/wp-json\/wp\/v2\/product_tag?post=35005"}],"curies":[{"name":"wp","href":"https:\/\/api.w.org\/{rel}","templated":true}]}}