{"id":35004,"date":"2025-02-20T23:34:40","date_gmt":"2025-02-20T22:34:40","guid":{"rendered":"http:\/\/olemosaic.com\/producto\/vaso-de-chupito-de-ceramica-panoramica-sevilla-beige\/"},"modified":"2025-07-25T18:39:12","modified_gmt":"2025-07-25T16:39:12","slug":"copo-de-shot-de-ceramica-panoramica-sevilha-bege","status":"publish","type":"product","link":"https:\/\/olemosaic.com\/pt-pt\/produto\/copo-de-shot-de-ceramica-panoramica-sevilha-bege\/","title":{"rendered":"Copo de shot de cer\u00e2mica. Panor\u00e2mica. Sevilha. Bege."},"content":{"rendered":"<p>Este copinho de cer\u00e2mica com uma encantadora panor\u00e2mica de Sevilha \u00e9 a recorda\u00e7\u00e3o perfeita para recordar os seus momentos na capital andaluza. De um suave tom bege, o copo apresenta ilustra\u00e7\u00f5es minuciosamente pintadas \u00e0 m\u00e3o de edif\u00edcios emblem\u00e1ticos de Sevilha, como a majestosa Torre del Oro e a impressionante Catedral de Sevilha, onde cada detalhe vibrante real\u00e7a a riqueza arquitet\u00f3nica da cidade. Decorado com o nome &#8220;SEVILHA&#8221; em letras destacadas, este copo incorpora elementos florais que acrescentam um toque elegante e distintivo.<\/p>\n<p>A cer\u00e2mica de alta qualidade garante durabilidade, e o seu design funcional torna-o um artigo ideal tanto para uso quotidiano como para colecionadores de recorda\u00e7\u00f5es. Este copinho n\u00e3o \u00e9 apenas uma obra de arte utiliz\u00e1vel, mas uma recorda\u00e7\u00e3o tang\u00edvel da beleza e do encanto de Sevilha, que evoca a ess\u00eancia cultural da regi\u00e3o em cada gole. Na Ol\u00e9 Mosaic, especializamo-nos na distribui\u00e7\u00e3o de recorda\u00e7\u00f5es aut\u00eanticas, e este copinho de cer\u00e2mica \u00e9 uma op\u00e7\u00e3o excecional para lojas de presentes tur\u00edsticos que procurem produtos representativos de Sevilha. Com a sua autenticidade e atrativo, este copo \u00e9 uma excelente adi\u00e7\u00e3o a qualquer cole\u00e7\u00e3o de recorda\u00e7\u00f5es da Andaluzia e uma \u00f3tima op\u00e7\u00e3o para quem procura mem\u00f3rias significativas.<\/p>\n","protected":false},"excerpt":{"rendered":"<p>Copo de shot de cer\u00e2mica com uma encantadora panor\u00e2mica de Sevilha. Este copinho, em tom bege, apresenta ilustra\u00e7\u00f5es de edif\u00edcios emblem\u00e1ticos de Sevilha, como a Torre del Oro e a Catedral, com detalhes pintados \u00e0 m\u00e3o em cores vibrantes. A decora\u00e7\u00e3o inclui o nome &#8220;SEVILHA&#8221; com elementos florais que lhe conferem um toque elegante. Ideal para recordar a ess\u00eancia andaluza em cada brinde.<\/p>\n","protected":false},"featured_media":7507,"template":"","meta":{"_acf_changed":false},"product_brand":[],"product_cat":[815],"product_tag":[515],"class_list":{"0":"post-35004","1":"product","2":"type-product","3":"status-publish","4":"has-post-thumbnail","6":"product_cat-copos-de-shot","7":"product_tag-ceramica","8":"pa_ciudad-sevilla","9":"pa_motivo-panoramas","10":"pa_pais-espana","12":"first","13":"instock","14":"shipping-taxable","15":"product-type-simple"},"acf":[],"_links":{"self":[{"href":"https:\/\/olemosaic.com\/pt-pt\/wp-json\/wp\/v2\/product\/35004","targetHints":{"allow":["GET"]}}],"collection":[{"href":"https:\/\/olemosaic.com\/pt-pt\/wp-json\/wp\/v2\/product"}],"about":[{"href":"https:\/\/olemosaic.com\/pt-pt\/wp-json\/wp\/v2\/types\/product"}],"wp:featuredmedia":[{"embeddable":true,"href":"https:\/\/olemosaic.com\/pt-pt\/wp-json\/wp\/v2\/media\/7507"}],"wp:attachment":[{"href":"https:\/\/olemosaic.com\/pt-pt\/wp-json\/wp\/v2\/media?parent=35004"}],"wp:term":[{"taxonomy":"product_brand","embeddable":true,"href":"https:\/\/olemosaic.com\/pt-pt\/wp-json\/wp\/v2\/product_brand?post=35004"},{"taxonomy":"product_cat","embeddable":true,"href":"https:\/\/olemosaic.com\/pt-pt\/wp-json\/wp\/v2\/product_cat?post=35004"},{"taxonomy":"product_tag","embeddable":true,"href":"https:\/\/olemosaic.com\/pt-pt\/wp-json\/wp\/v2\/product_tag?post=35004"}],"curies":[{"name":"wp","href":"https:\/\/api.w.org\/{rel}","templated":true}]}}