{"id":34993,"date":"2025-02-20T22:34:40","date_gmt":"2025-02-20T22:34:40","guid":{"rendered":"http:\/\/olemosaic.com\/producto\/vaso-de-chupito-de-ceramica-toros-blanco\/"},"modified":"2025-07-25T18:34:54","modified_gmt":"2025-07-25T16:34:54","slug":"copo-de-shot-de-ceramica-touros-branco","status":"publish","type":"product","link":"https:\/\/olemosaic.com\/pt-pt\/produto\/copo-de-shot-de-ceramica-touros-branco\/","title":{"rendered":"Copo de shot de cer\u00e2mica. Touros. Branco."},"content":{"rendered":"<p>Este copo de shot de cer\u00e2mica com motivos chamativos de touros \u00e9 uma aut\u00eantica joia que encapsula a ess\u00eancia cultural de Espanha. O seu design vibrante apresenta um mosaico colorido com touros, um s\u00edmbolo ic\u00f3nico da tradi\u00e7\u00e3o espanhola, real\u00e7ado com um sol radiante e flores sobre um fundo branco que acentua a intensidade das cores. Cada copo \u00e9 uma obra-prima, elaborado com grande aten\u00e7\u00e3o ao detalhe, onde os touros se destacam com tonalidades vermelhas, azuis e verdes, conferindo um ar festivo e din\u00e2mico \u00e0 pe\u00e7a. O interior do copo surpreende com uma cor vermelha intensa, criando um atraente contraste com o exterior, ideal para desfrutar de um gole em boa companhia.<\/p>\n<p>Este copo de shot \u00e9 o souvenir perfeito para quem deseja levar um pedacinho da cultura taurina espanhola, uma recorda\u00e7\u00e3o tang\u00edvel dos costumes e celebra\u00e7\u00f5es que giram em torno deste emblem\u00e1tico animal. Na Ol\u00e9 Mosaic, especializamo-nos na distribui\u00e7\u00e3o de souvenirs por grosso, oferecendo produtos aut\u00eanticos que real\u00e7am a rica heran\u00e7a cultural de Espanha. Este copo \u00e9 uma op\u00e7\u00e3o ideal para lojas de presentes tur\u00edsticos, proporcionando aos seus clientes um acess\u00f3rio \u00fanico e representativo que celebra a tradi\u00e7\u00e3o espanhola em cada brinde.<\/p>\n","protected":false},"excerpt":{"rendered":"<p>Copo de shot de cer\u00e2mica com motivos chamativos de touros, ideal para recordar a ess\u00eancia cultural de Espanha. Este copo apresenta um design colorido com animais representados em mosaico, adornado com elementos como um sol radiante e flores, tudo sobre um fundo branco que real\u00e7a as cores vibrantes. O interior do copo \u00e9 de uma cor vermelha intensa, o que cria um atraente contraste. Um souvenir perfeito para os amantes da tradi\u00e7\u00e3o taurina.<\/p>\n","protected":false},"featured_media":8525,"template":"","meta":{"_acf_changed":false},"product_brand":[],"product_cat":[815],"product_tag":[516,515],"class_list":{"0":"post-34993","1":"product","2":"type-product","3":"status-publish","4":"has-post-thumbnail","6":"product_cat-copos-de-shot","7":"product_tag-animais","8":"product_tag-ceramica","9":"pa_motivo-touros","11":"first","12":"instock","13":"shipping-taxable","14":"product-type-simple"},"acf":[],"_links":{"self":[{"href":"https:\/\/olemosaic.com\/pt-pt\/wp-json\/wp\/v2\/product\/34993","targetHints":{"allow":["GET"]}}],"collection":[{"href":"https:\/\/olemosaic.com\/pt-pt\/wp-json\/wp\/v2\/product"}],"about":[{"href":"https:\/\/olemosaic.com\/pt-pt\/wp-json\/wp\/v2\/types\/product"}],"wp:featuredmedia":[{"embeddable":true,"href":"https:\/\/olemosaic.com\/pt-pt\/wp-json\/wp\/v2\/media\/8525"}],"wp:attachment":[{"href":"https:\/\/olemosaic.com\/pt-pt\/wp-json\/wp\/v2\/media?parent=34993"}],"wp:term":[{"taxonomy":"product_brand","embeddable":true,"href":"https:\/\/olemosaic.com\/pt-pt\/wp-json\/wp\/v2\/product_brand?post=34993"},{"taxonomy":"product_cat","embeddable":true,"href":"https:\/\/olemosaic.com\/pt-pt\/wp-json\/wp\/v2\/product_cat?post=34993"},{"taxonomy":"product_tag","embeddable":true,"href":"https:\/\/olemosaic.com\/pt-pt\/wp-json\/wp\/v2\/product_tag?post=34993"}],"curies":[{"name":"wp","href":"https:\/\/api.w.org\/{rel}","templated":true}]}}