{"id":34992,"date":"2025-02-20T23:34:40","date_gmt":"2025-02-20T22:34:40","guid":{"rendered":"http:\/\/olemosaic.com\/producto\/vaso-de-chupito-de-ceramica-bailaora-madrid-beige\/"},"modified":"2025-07-25T18:40:45","modified_gmt":"2025-07-25T16:40:45","slug":"copo-de-shot-de-ceramica-bailaora-madrid-bege","status":"publish","type":"product","link":"https:\/\/olemosaic.com\/pt-pt\/produto\/copo-de-shot-de-ceramica-bailaora-madrid-bege\/","title":{"rendered":"Copo de shot de cer\u00e2mica. Bailaora. Madrid. Bege."},"content":{"rendered":"<p>Este copinho de shot de cer\u00e2mica com a ilustra\u00e7\u00e3o de uma bailaora flamenca \u00e9 um souvenir emblem\u00e1tico que captura a ess\u00eancia vibrante de Madrid. O seu design atraente, num elegante tom bege, apresenta uma bailaora em pleno baile, com detalhes coloridos que evocam a energia da arte flamenca. Pintada \u00e0 m\u00e3o, cada pe\u00e7a \u00e9 \u00fanica e mostra a destreza da artesania espanhola, o que torna este copinho n\u00e3o apenas um objeto de uso quotidiano, mas tamb\u00e9m uma express\u00e3o cultural.<\/p>\n<p>A bailaora, representada com um desplante de cores, veste um vestido que reflete a alegria e o ritmo do flamenco, enquanto a inscri\u00e7\u00e3o &#8220;MADRID&#8221;, em letras vibrantes, real\u00e7a a liga\u00e7\u00e3o deste produto com a cultura madrilena. Este copinho \u00e9 mais do que um simples recipiente; \u00e9 uma celebra\u00e7\u00e3o do folclore espanhol e uma homenagem \u00e0 tradi\u00e7\u00e3o art\u00edstica que caracteriza a capital.<\/p>\n<p>Na Ol\u00e9 Mosaic, especializamo-nos na distribui\u00e7\u00e3o de souvenirs por grosso, oferecendo produtos que s\u00e3o um verdadeiro s\u00edmbolo de autenticidade. Este copinho de shot \u00e9 uma excelente op\u00e7\u00e3o para lojas de presentes tur\u00edsticos que procuram artigos que reflitam a riqueza cultural de Madrid. Ao incorporar este copinho de cer\u00e2mica na sua sele\u00e7\u00e3o, estar\u00e1 a oferecer aos turistas uma recorda\u00e7\u00e3o significativa e representativa da sua visita a esta vibrante cidade.<\/p>\n","protected":false},"excerpt":{"rendered":"<p>Copo de shot de cer\u00e2mica com a ilustra\u00e7\u00e3o de uma bailaora flamenca, que representa a energia da arte em Madrid. Este atraente copo, de cor bege, apresenta um design artesanal, pintado \u00e0 m\u00e3o, que mostra a bailaora em pleno movimento, rodeada de detalhes coloridos que evocam o folclore espanhol. A inscri\u00e7\u00e3o &#8220;MADRID&#8221; destaca-se em cores vibrantes, adicionando um toque distintivo a este souvenir que captura a ess\u00eancia cultural da capital espanhola.<\/p>\n","protected":false},"featured_media":7057,"template":"","meta":{"_acf_changed":false},"product_brand":[],"product_cat":[815],"product_tag":[515],"class_list":{"0":"post-34992","1":"product","2":"type-product","3":"status-publish","4":"has-post-thumbnail","6":"product_cat-copos-de-shot","7":"product_tag-ceramica","8":"pa_ciudad-madrid","9":"pa_motivo-dancarinos","10":"pa_pais-espana","12":"first","13":"instock","14":"shipping-taxable","15":"product-type-simple"},"acf":[],"_links":{"self":[{"href":"https:\/\/olemosaic.com\/pt-pt\/wp-json\/wp\/v2\/product\/34992","targetHints":{"allow":["GET"]}}],"collection":[{"href":"https:\/\/olemosaic.com\/pt-pt\/wp-json\/wp\/v2\/product"}],"about":[{"href":"https:\/\/olemosaic.com\/pt-pt\/wp-json\/wp\/v2\/types\/product"}],"wp:featuredmedia":[{"embeddable":true,"href":"https:\/\/olemosaic.com\/pt-pt\/wp-json\/wp\/v2\/media\/7057"}],"wp:attachment":[{"href":"https:\/\/olemosaic.com\/pt-pt\/wp-json\/wp\/v2\/media?parent=34992"}],"wp:term":[{"taxonomy":"product_brand","embeddable":true,"href":"https:\/\/olemosaic.com\/pt-pt\/wp-json\/wp\/v2\/product_brand?post=34992"},{"taxonomy":"product_cat","embeddable":true,"href":"https:\/\/olemosaic.com\/pt-pt\/wp-json\/wp\/v2\/product_cat?post=34992"},{"taxonomy":"product_tag","embeddable":true,"href":"https:\/\/olemosaic.com\/pt-pt\/wp-json\/wp\/v2\/product_tag?post=34992"}],"curies":[{"name":"wp","href":"https:\/\/api.w.org\/{rel}","templated":true}]}}