{"id":34991,"date":"2025-02-20T22:34:39","date_gmt":"2025-02-20T22:34:39","guid":{"rendered":"http:\/\/olemosaic.com\/producto\/vaso-de-chupito-de-ceramica-madrid-blanco\/"},"modified":"2025-07-25T18:49:29","modified_gmt":"2025-07-25T16:49:29","slug":"copo-de-shot-de-ceramica-madrid-branco","status":"publish","type":"product","link":"https:\/\/olemosaic.com\/pt-pt\/produto\/copo-de-shot-de-ceramica-madrid-branco\/","title":{"rendered":"Copo de shot de cer\u00e2mica. Madrid. Branco."},"content":{"rendered":"<p>Este copo de shot de cer\u00e2mica colorida \u00e9 uma recorda\u00e7\u00e3o excecional que encapsula a vibrante ess\u00eancia de Madrid. Com um acabamento branco que real\u00e7a o seu car\u00e1ter \u00fanico, o interior vermelho brilhante confere um toque de calor e um atraente contraste. O design apresenta ilustra\u00e7\u00f5es detalhadas de \u00edcones emblem\u00e1ticos da capital espanhola, como a famosa Puerta del Sol, rodeada de elementos naturais e arquitet\u00f3nicos coloridos, o que torna este copo uma representa\u00e7\u00e3o visual da vida madrilena.<\/p>\n<p>Cada detalhe da cer\u00e2mica foi meticulosamente pintado \u00e0 m\u00e3o, garantindo que n\u00e3o existam dois copos id\u00eanticos, o que amplifica a sua autenticidade como recorda\u00e7\u00e3o desta hist\u00f3rica cidade. As cores vibrantes e o uso de t\u00e9cnicas artesanais real\u00e7am a rica cultura e o estilo de vida de Madrid, tornando-o um artigo tanto funcional como decorativo.<\/p>\n<p>Este copo de shot \u00e9 um presente ideal para turistas que procuram uma recorda\u00e7\u00e3o representativa, pois n\u00e3o s\u00f3 captura a beleza da cidade, como tamb\u00e9m serve como um lembrete tang\u00edvel da sua visita. Na Ol\u00e9 Mosaic, especializamo-nos na distribui\u00e7\u00e3o de recorda\u00e7\u00f5es por grosso, sendo uma refer\u00eancia em artigos aut\u00eanticos que refletem a heran\u00e7a cultural de Espanha. Este copo \u00e9 uma op\u00e7\u00e3o brilhante para lojas de presentes tur\u00edsticos que desejem oferecer produtos de qualidade e relev\u00e2ncia cultural.<\/p>\n","protected":false},"excerpt":{"rendered":"<p>Copo de shot de cer\u00e2mica com um design colorido que representa \u00edcones emblem\u00e1ticos de Madrid. Este atraente copo, com acabamento branco e um interior vermelho brilhante, apresenta ilustra\u00e7\u00f5es detalhadas da Puerta del Sol e outros monumentos madrilenos, rodeados de elementos naturais e arquitet\u00f3nicos. O uso de cores vibrantes e t\u00e9cnicas de pintura \u00e0 m\u00e3o real\u00e7a a cultura e o estilo de vida da capital espanhola, tornando-o um souvenir perfeito e funcional.<\/p>\n","protected":false},"featured_media":9948,"template":"","meta":{"_acf_changed":false},"product_brand":[],"product_cat":[815],"product_tag":[515],"class_list":{"0":"post-34991","1":"product","2":"type-product","3":"status-publish","4":"has-post-thumbnail","6":"product_cat-copos-de-shot","7":"product_tag-ceramica","8":"pa_ciudad-madrid","9":"pa_pais-espana","11":"first","12":"instock","13":"shipping-taxable","14":"product-type-simple"},"acf":[],"_links":{"self":[{"href":"https:\/\/olemosaic.com\/pt-pt\/wp-json\/wp\/v2\/product\/34991","targetHints":{"allow":["GET"]}}],"collection":[{"href":"https:\/\/olemosaic.com\/pt-pt\/wp-json\/wp\/v2\/product"}],"about":[{"href":"https:\/\/olemosaic.com\/pt-pt\/wp-json\/wp\/v2\/types\/product"}],"wp:featuredmedia":[{"embeddable":true,"href":"https:\/\/olemosaic.com\/pt-pt\/wp-json\/wp\/v2\/media\/9948"}],"wp:attachment":[{"href":"https:\/\/olemosaic.com\/pt-pt\/wp-json\/wp\/v2\/media?parent=34991"}],"wp:term":[{"taxonomy":"product_brand","embeddable":true,"href":"https:\/\/olemosaic.com\/pt-pt\/wp-json\/wp\/v2\/product_brand?post=34991"},{"taxonomy":"product_cat","embeddable":true,"href":"https:\/\/olemosaic.com\/pt-pt\/wp-json\/wp\/v2\/product_cat?post=34991"},{"taxonomy":"product_tag","embeddable":true,"href":"https:\/\/olemosaic.com\/pt-pt\/wp-json\/wp\/v2\/product_tag?post=34991"}],"curies":[{"name":"wp","href":"https:\/\/api.w.org\/{rel}","templated":true}]}}