{"id":34990,"date":"2025-02-20T23:34:39","date_gmt":"2025-02-20T22:34:39","guid":{"rendered":"http:\/\/olemosaic.com\/producto\/vaso-de-chupito-de-ceramica-malaga-blanco\/"},"modified":"2025-07-25T18:40:09","modified_gmt":"2025-07-25T16:40:09","slug":"copo-de-shot-de-ceramica-malaga-branco","status":"publish","type":"product","link":"https:\/\/olemosaic.com\/pt-pt\/produto\/copo-de-shot-de-ceramica-malaga-branco\/","title":{"rendered":"Copo de shot de cer\u00e2mica. M\u00e1laga. Branco."},"content":{"rendered":"<p>Este colorido copinho de cer\u00e2mica \u00e9 uma magn\u00edfica recorda\u00e7\u00e3o de M\u00e1laga, desenhado para levar a ess\u00eancia vibrante desta emblem\u00e1tica cidade andaluza a cada gole. Com um acabamento branco que real\u00e7a os seus designs pintados \u00e0 m\u00e3o, o copinho apresenta ilustra\u00e7\u00f5es dos monumentos mais representativos de M\u00e1laga, como a majestosa Plaza de Toros e a impressionante Catedral, rodeados por uma paisagem montanhosa que captura a beleza do ambiente de M\u00e1laga. As cores vivas utilizadas nos detalhes tornam cada copinho uma obra de arte \u00fanica, enquanto o interior verde brilhante adiciona um toque de frescura e alegria.<\/p>\n<p>Este copinho n\u00e3o \u00e9 apenas atraente pelo seu design, mas tamb\u00e9m simboliza a rica cultura e patrim\u00f3nio de M\u00e1laga, tornando-se uma excelente recorda\u00e7\u00e3o de uma visita inesquec\u00edvel \u00e0 cidade. Adequado tanto para o uso di\u00e1rio como para ser exibido numa cole\u00e7\u00e3o de recorda\u00e7\u00f5es, este copinho \u00e9 perfeito para os turistas que procuram levar para casa um pedacinho da Andaluzia.<\/p>\n<p>Na Ol\u00e9 Mosaic, a nossa cole\u00e7\u00e3o de recorda\u00e7\u00f5es de M\u00e1laga inclui este copinho, ideal para lojas de presentes tur\u00edsticos que desejem oferecer produtos aut\u00eanticos e de qualidade. Como distribuidores de cer\u00e2mica, garantimos que cada pe\u00e7a reflete a tradi\u00e7\u00e3o e a arte que fazem da Andaluzia um destino magn\u00e9tico e cheio de hist\u00f3ria.<\/p>\n","protected":false},"excerpt":{"rendered":"<p>Copo de shot de cer\u00e2mica colorido, inspirado na vibrante cidade de M\u00e1laga. Este atraente copo apresenta ilustra\u00e7\u00f5es de monumentos emblem\u00e1ticos de M\u00e1laga, como a Plaza de Toros e a Catedral, num design artesanal, pintado \u00e0 m\u00e3o, com um acabamento branco e um interior verde brilhante. Os detalhes em cores vivas real\u00e7am a arquitetura local e a paisagem montanhosa, tornando-o uma recorda\u00e7\u00e3o perfeita para evocar a ess\u00eancia andaluza.<\/p>\n","protected":false},"featured_media":10541,"template":"","meta":{"_acf_changed":false},"product_brand":[],"product_cat":[815],"product_tag":[516,515],"class_list":{"0":"post-34990","1":"product","2":"type-product","3":"status-publish","4":"has-post-thumbnail","6":"product_cat-copos-de-shot","7":"product_tag-animais","8":"product_tag-ceramica","9":"pa_ciudad-malaga","10":"pa_pais-espana","12":"first","13":"instock","14":"shipping-taxable","15":"product-type-simple"},"acf":[],"_links":{"self":[{"href":"https:\/\/olemosaic.com\/pt-pt\/wp-json\/wp\/v2\/product\/34990","targetHints":{"allow":["GET"]}}],"collection":[{"href":"https:\/\/olemosaic.com\/pt-pt\/wp-json\/wp\/v2\/product"}],"about":[{"href":"https:\/\/olemosaic.com\/pt-pt\/wp-json\/wp\/v2\/types\/product"}],"wp:featuredmedia":[{"embeddable":true,"href":"https:\/\/olemosaic.com\/pt-pt\/wp-json\/wp\/v2\/media\/10541"}],"wp:attachment":[{"href":"https:\/\/olemosaic.com\/pt-pt\/wp-json\/wp\/v2\/media?parent=34990"}],"wp:term":[{"taxonomy":"product_brand","embeddable":true,"href":"https:\/\/olemosaic.com\/pt-pt\/wp-json\/wp\/v2\/product_brand?post=34990"},{"taxonomy":"product_cat","embeddable":true,"href":"https:\/\/olemosaic.com\/pt-pt\/wp-json\/wp\/v2\/product_cat?post=34990"},{"taxonomy":"product_tag","embeddable":true,"href":"https:\/\/olemosaic.com\/pt-pt\/wp-json\/wp\/v2\/product_tag?post=34990"}],"curies":[{"name":"wp","href":"https:\/\/api.w.org\/{rel}","templated":true}]}}