{"id":34947,"date":"2025-02-20T22:34:38","date_gmt":"2025-02-20T22:34:38","guid":{"rendered":"http:\/\/olemosaic.com\/producto\/vaso-de-ceramica-patio-madrid-blanco\/"},"modified":"2025-07-25T18:43:13","modified_gmt":"2025-07-25T16:43:13","slug":"copo-de-ceramica-patio-madrid-branco","status":"publish","type":"product","link":"https:\/\/olemosaic.com\/pt-pt\/produto\/copo-de-ceramica-patio-madrid-branco\/","title":{"rendered":"Copo de cer\u00e2mica. P\u00e1tio. Madrid. Branco."},"content":{"rendered":"<p>Este copo de cer\u00e2mica decorado evoca a ess\u00eancia e o encanto de Madrid, tornando-se uma recorda\u00e7\u00e3o perfeita que capta a cultura espanhola em cada gole. Sobre uma base branca, que se estende como uma tela, o copo apresenta uma ilustra\u00e7\u00e3o vibrante de um alegre p\u00e1tio andaluz adornado com flores coloridas em vasos azuis, que d\u00e3o vida e frescura ao design. No centro, dois bailarinos de flamenco assumem o protagonismo, representando a paix\u00e3o e a arte da dan\u00e7a espanhola: a bailaora destaca-se com o seu espetacular vestido vermelho, enquanto o bailarino, com a sua vestimenta elegante, complementa esta cena festiva.<\/p>\n<p>Os detalhes arquitet\u00f3nicos, como um candeeiro t\u00edpico e cadeiras de madeira, adicionam um ar aut\u00eantico e acolhedor, recordando os p\u00e1tios culturais que abrem as portas ao calor da vida em Espanha. Este copo n\u00e3o \u00e9 apenas um objeto funcional, mas tamb\u00e9m um s\u00edmbolo da rica heran\u00e7a cultural de Madrid, ideal para quem procura um souvenir que fale da tradi\u00e7\u00e3o e da arte flamenca. Na Ol\u00e9 Mosaic, orgulhamo-nos de distribuir souvenirs de cer\u00e2mica como este, que refletem a ess\u00eancia da cultura espanhola e s\u00e3o ideais para lojas de presentes tur\u00edsticos em busca de artigos aut\u00eanticos e representativos. Valorizamos cada pe\u00e7a, garantindo a sua relev\u00e2ncia cultural e o seu apelo para os visitantes que desejam levar um peda\u00e7o de Madrid para casa.<\/p>\n","protected":false},"excerpt":{"rendered":"<p>Copo de cer\u00e2mica decorado que evoca a ess\u00eancia de Madrid, ilustrado com um design vibrante de um p\u00e1tio andaluz. Este copo apresenta uma superf\u00edcie branca adornada com flores coloridas em vasos azuis e detalhes de arquitetura t\u00edpica, como um candeeiro e cadeiras. No centro, dois bailaores de flamenco trajados com roupas tradicionais, real\u00e7ando a cor vermelha do vestido da bailaora. Ideal para saborear a cultura espanhola em cada gole.<\/p>\n","protected":false},"featured_media":7963,"template":"","meta":{"_acf_changed":false},"product_brand":[],"product_cat":[828],"product_tag":[515],"class_list":{"0":"post-34947","1":"product","2":"type-product","3":"status-publish","4":"has-post-thumbnail","6":"product_cat-copos","7":"product_tag-ceramica","8":"pa_ciudad-madrid","9":"pa_motivo-patios","10":"pa_pais-espana","12":"first","13":"instock","14":"shipping-taxable","15":"product-type-simple"},"acf":[],"_links":{"self":[{"href":"https:\/\/olemosaic.com\/pt-pt\/wp-json\/wp\/v2\/product\/34947","targetHints":{"allow":["GET"]}}],"collection":[{"href":"https:\/\/olemosaic.com\/pt-pt\/wp-json\/wp\/v2\/product"}],"about":[{"href":"https:\/\/olemosaic.com\/pt-pt\/wp-json\/wp\/v2\/types\/product"}],"wp:featuredmedia":[{"embeddable":true,"href":"https:\/\/olemosaic.com\/pt-pt\/wp-json\/wp\/v2\/media\/7963"}],"wp:attachment":[{"href":"https:\/\/olemosaic.com\/pt-pt\/wp-json\/wp\/v2\/media?parent=34947"}],"wp:term":[{"taxonomy":"product_brand","embeddable":true,"href":"https:\/\/olemosaic.com\/pt-pt\/wp-json\/wp\/v2\/product_brand?post=34947"},{"taxonomy":"product_cat","embeddable":true,"href":"https:\/\/olemosaic.com\/pt-pt\/wp-json\/wp\/v2\/product_cat?post=34947"},{"taxonomy":"product_tag","embeddable":true,"href":"https:\/\/olemosaic.com\/pt-pt\/wp-json\/wp\/v2\/product_tag?post=34947"}],"curies":[{"name":"wp","href":"https:\/\/api.w.org\/{rel}","templated":true}]}}