{"id":34923,"date":"2025-02-20T22:34:37","date_gmt":"2025-02-20T22:34:37","guid":{"rendered":"http:\/\/olemosaic.com\/producto\/vaso-de-ceramica-salamandra-barcelona-beige\/"},"modified":"2025-07-25T18:43:12","modified_gmt":"2025-07-25T16:43:12","slug":"copo-de-ceramica-salamandra-barcelona-bege","status":"publish","type":"product","link":"https:\/\/olemosaic.com\/pt-pt\/produto\/copo-de-ceramica-salamandra-barcelona-bege\/","title":{"rendered":"Copo de cer\u00e2mica. Salamandra. Barcelona. Bege."},"content":{"rendered":"<p>Este copo de cer\u00e2mica, decorado com alegres salamandras, \u00e9 uma vibrante representa\u00e7\u00e3o da ess\u00eancia de Barcelona. O design em tons bege \u00e9 adornado com salamandras multicoloridas, que evocam o famoso trencad\u00eds de Gaud\u00ed, um estilo caracter\u00edstico que transforma a cer\u00e2mica numa obra de arte. As salamandras distribuem-se alegremente pela superf\u00edcie do copo, captando a aten\u00e7\u00e3o e conferindo um toque de frescura e cor que recorda os mosaicos do Park G\u00fcell. O interior do copo apresenta uma cor vermelha chamativa que contrasta harmoniosamente com o exterior, enquanto o rebordo \u00e9 delicadamente acentuado com detalhes dourados, adicionando um toque de eleg\u00e2ncia a esta pe\u00e7a funcional.<\/p>\n<p>Este copo n\u00e3o s\u00f3 \u00e9 ideal para desfrutar das suas bebidas favoritas, como tamb\u00e9m funciona como uma excelente recorda\u00e7\u00e3o de Barcelona, perfeito para aqueles que desejam levar um pedacinho da cidade. A liga\u00e7\u00e3o cultural do copo com Barcelona torna-o um artigo aut\u00eantico, representativo da sua rica heran\u00e7a art\u00edstica e arquitet\u00f3nica. Na Ol\u00e9 Mosaic, somos distribuidores de lembran\u00e7as por grosso, oferecendo produtos genu\u00ednos e de alta qualidade. Este copo de cer\u00e2mica com salamandras \u00e9 uma magn\u00edfica op\u00e7\u00e3o para lojas de presentes tur\u00edsticos que procuram atrair os visitantes com recorda\u00e7\u00f5es \u00fanicas da sua experi\u00eancia em Barcelona.<\/p>\n","protected":false},"excerpt":{"rendered":"<p>Copo de cer\u00e2mica decorado com alegres salamandras e a palavra &#8220;Barcelona&#8221;. Este copo, de tom bege, apresenta um design vibrante, onde as salamandras multicoloridas, inspiradas no famoso trencad\u00eds de Gaud\u00ed, d\u00e3o vida \u00e0 pe\u00e7a. O interior \u00e9 de uma cor vermelha chamativa e o rebordo, com detalhes dourados, combina funcionalidade e arte. Ideal para desfrutar das suas bebidas favoritas e levar um pedacinho de Barcelona consigo.<\/p>\n","protected":false},"featured_media":7365,"template":"","meta":{"_acf_changed":false},"product_brand":[],"product_cat":[828],"product_tag":[516,515],"class_list":{"0":"post-34923","1":"product","2":"type-product","3":"status-publish","4":"has-post-thumbnail","6":"product_cat-copos","7":"product_tag-animais","8":"product_tag-ceramica","9":"pa_ciudad-barcelona","10":"pa_motivo-salamandras","11":"pa_pais-espana","13":"first","14":"instock","15":"shipping-taxable","16":"product-type-simple"},"acf":[],"_links":{"self":[{"href":"https:\/\/olemosaic.com\/pt-pt\/wp-json\/wp\/v2\/product\/34923","targetHints":{"allow":["GET"]}}],"collection":[{"href":"https:\/\/olemosaic.com\/pt-pt\/wp-json\/wp\/v2\/product"}],"about":[{"href":"https:\/\/olemosaic.com\/pt-pt\/wp-json\/wp\/v2\/types\/product"}],"wp:featuredmedia":[{"embeddable":true,"href":"https:\/\/olemosaic.com\/pt-pt\/wp-json\/wp\/v2\/media\/7365"}],"wp:attachment":[{"href":"https:\/\/olemosaic.com\/pt-pt\/wp-json\/wp\/v2\/media?parent=34923"}],"wp:term":[{"taxonomy":"product_brand","embeddable":true,"href":"https:\/\/olemosaic.com\/pt-pt\/wp-json\/wp\/v2\/product_brand?post=34923"},{"taxonomy":"product_cat","embeddable":true,"href":"https:\/\/olemosaic.com\/pt-pt\/wp-json\/wp\/v2\/product_cat?post=34923"},{"taxonomy":"product_tag","embeddable":true,"href":"https:\/\/olemosaic.com\/pt-pt\/wp-json\/wp\/v2\/product_tag?post=34923"}],"curies":[{"name":"wp","href":"https:\/\/api.w.org\/{rel}","templated":true}]}}