{"id":34922,"date":"2025-02-20T22:34:37","date_gmt":"2025-02-20T22:34:37","guid":{"rendered":"http:\/\/olemosaic.com\/producto\/vaso-de-ceramica-punt-de-trobada\/"},"modified":"2025-07-25T19:09:41","modified_gmt":"2025-07-25T17:09:41","slug":"copo-de-ceramica-punt-de-trobada","status":"publish","type":"product","link":"https:\/\/olemosaic.com\/pt-pt\/produto\/copo-de-ceramica-punt-de-trobada\/","title":{"rendered":"Copo de cer\u00e2mica. Punt de trobada."},"content":{"rendered":"<p>Este copo de cer\u00e2mica de design colorido \u00e9 uma aut\u00eantica representa\u00e7\u00e3o do esp\u00edrito da arquitetura modernista barcelonesa, inspirado no famoso estilo art\u00edstico de Gaud\u00ed, conhecido como &#8220;Punt de trobada&#8221;. Com um belo padr\u00e3o de mosaicos que mostra uma vibrante paleta de cores em tons de azul, vermelho, verde e amarelo, este copo evoca a ess\u00eancia criativa e singular da arte catal\u00e3. Cada tra\u00e7o e detalhe \u00e9 meticulosamente executado, criando uma pe\u00e7a que n\u00e3o s\u00f3 \u00e9 funcional, mas que tamb\u00e9m serve como um atraente objeto decorativo. A tampa de silicone vermelha que o acompanha adiciona um toque contempor\u00e2neo e, al\u00e9m disso, confere funcionalidade, permitindo desfrutar de bebidas frias ou quentes sem preocupa\u00e7\u00f5es. Este copo \u00e9 ideal para aqueles que procuram uma lembran\u00e7a que represente a cultura e a arte de Barcelona, tornando-se uma excelente op\u00e7\u00e3o para turistas e amantes do modernismo. Na Ol\u00e9 Mosaic, como distribuidores de lembran\u00e7as por grosso, oferecemos produtos aut\u00eanticos que celebram a rica heran\u00e7a cultural de Espanha, posicionando este copo como uma escolha perfeita para lojas de presentes tur\u00edsticos que procurem oferecer artigos distintivos e de qualidade.<\/p>\n","protected":false},"excerpt":{"rendered":"<p>Copo de cer\u00e2mica de design colorido, inspirado no famoso estilo art\u00edstico de Gaud\u00ed, conhecido como &#8220;Punt de trobada&#8221;. Este copo apresenta um atraente padr\u00e3o de mosaicos em tons de azul, vermelho, verde e amarelo, que evocam a ess\u00eancia vibrante da arquitetura modernista de Barcelona. A sua tampa de silicone vermelha adiciona funcionalidade e um toque moderno, tornando-o um artigo ideal para desfrutar de bebidas frias ou quentes enquanto se aprecia um peda\u00e7o da arte catal\u00e3.<\/p>\n","protected":false},"featured_media":10035,"template":"","meta":{"_acf_changed":false},"product_brand":[],"product_cat":[828],"product_tag":[515],"class_list":{"0":"post-34922","1":"product","2":"type-product","3":"status-publish","4":"has-post-thumbnail","6":"product_cat-copos","7":"product_tag-ceramica","8":"pa_motivo-punt-de-trobada","10":"first","11":"instock","12":"shipping-taxable","13":"product-type-simple"},"acf":[],"_links":{"self":[{"href":"https:\/\/olemosaic.com\/pt-pt\/wp-json\/wp\/v2\/product\/34922","targetHints":{"allow":["GET"]}}],"collection":[{"href":"https:\/\/olemosaic.com\/pt-pt\/wp-json\/wp\/v2\/product"}],"about":[{"href":"https:\/\/olemosaic.com\/pt-pt\/wp-json\/wp\/v2\/types\/product"}],"wp:featuredmedia":[{"embeddable":true,"href":"https:\/\/olemosaic.com\/pt-pt\/wp-json\/wp\/v2\/media\/10035"}],"wp:attachment":[{"href":"https:\/\/olemosaic.com\/pt-pt\/wp-json\/wp\/v2\/media?parent=34922"}],"wp:term":[{"taxonomy":"product_brand","embeddable":true,"href":"https:\/\/olemosaic.com\/pt-pt\/wp-json\/wp\/v2\/product_brand?post=34922"},{"taxonomy":"product_cat","embeddable":true,"href":"https:\/\/olemosaic.com\/pt-pt\/wp-json\/wp\/v2\/product_cat?post=34922"},{"taxonomy":"product_tag","embeddable":true,"href":"https:\/\/olemosaic.com\/pt-pt\/wp-json\/wp\/v2\/product_tag?post=34922"}],"curies":[{"name":"wp","href":"https:\/\/api.w.org\/{rel}","templated":true}]}}