{"id":34921,"date":"2025-02-20T23:34:36","date_gmt":"2025-02-20T22:34:36","guid":{"rendered":"http:\/\/olemosaic.com\/producto\/vaso-de-ceramica-panoramica-barcelona-beige-2\/"},"modified":"2025-07-25T18:43:08","modified_gmt":"2025-07-25T16:43:08","slug":"copo-de-ceramica-panoramica-gaudi-barcelona-bege","status":"publish","type":"product","link":"https:\/\/olemosaic.com\/pt-pt\/produto\/copo-de-ceramica-panoramica-gaudi-barcelona-bege\/","title":{"rendered":"Copo de cer\u00e2mica. Panor\u00e2mica. Gaud\u00ed. Barcelona. Bege."},"content":{"rendered":"<p>Este copo de cer\u00e2mica, com uma chamativa panor\u00e2mica de Barcelona, \u00e9 uma lembran\u00e7a perfeita que captura a ess\u00eancia vibrante da ic\u00f3nica cidade catal\u00e3. Desenhado num alegre tom bege, o copo apresenta ilustra\u00e7\u00f5es coloridas e detalhadas do famoso mosaico de Gaud\u00ed, que adiciona um toque art\u00edstico e moderno, e da majestosa Sagrada Fam\u00edlia, um s\u00edmbolo inconfundible do patrim\u00f3nio arquitet\u00f3nico da cidade. A palavra &#8220;Barcelona&#8221; destaca-se em letras din\u00e2micas e coloridas, o que torna este copo n\u00e3o apenas um objeto funcional, mas uma aut\u00eantica homenagem \u00e0 cultura local. A parte superior do copo \u00e9 decorada com uma tampa vermelha, que n\u00e3o s\u00f3 real\u00e7a o seu apelo est\u00e9tico, mas tamb\u00e9m oferece uma fun\u00e7\u00e3o pr\u00e1tica, ideal para manter a temperatura das suas bebidas favoritas. Este copo de cer\u00e2mica \u00e9 mais do que um simples acess\u00f3rio; \u00e9 uma recorda\u00e7\u00e3o das maravilhas de Barcelona, perfeito para quem deseja levar um peda\u00e7o desta cidade nas suas viagens. Na Ol\u00e9 Mosaic especializamo-nos na distribui\u00e7\u00e3o de lembran\u00e7as aut\u00eanticas; este copo \u00e9 uma excelente op\u00e7\u00e3o para lojas de presentes tur\u00edsticos que procurem produtos que reflitam a riqueza cultural e a arte da regi\u00e3o.<\/p>\n","protected":false},"excerpt":{"rendered":"<p>Copo de cer\u00e2mica com uma vistosa panor\u00e2mica de Barcelona, desenhado num alegre tom bege. Este copo apresenta ilustra\u00e7\u00f5es vibrantes do ic\u00f3nico mosaico de Gaud\u00ed e da majestosa Sagrada Fam\u00edlia, acompanhadas pela palavra &#8220;Barcelona&#8221; em letras coloridas. A parte superior \u00e9 decorada com uma tampa vermelha que lhe confere um toque atraente e funcional. Ideal para desfrutar das suas bebidas favoritas enquanto recorda a beleza desta cidade catal\u00e3.<\/p>\n","protected":false},"featured_media":7366,"template":"","meta":{"_acf_changed":false},"product_brand":[],"product_cat":[828],"product_tag":[515],"class_list":{"0":"post-34921","1":"product","2":"type-product","3":"status-publish","4":"has-post-thumbnail","6":"product_cat-copos","7":"product_tag-ceramica","8":"pa_ciudad-barcelona","9":"pa_motivo-panoramas","10":"pa_pais-espana","12":"first","13":"instock","14":"shipping-taxable","15":"product-type-simple"},"acf":[],"_links":{"self":[{"href":"https:\/\/olemosaic.com\/pt-pt\/wp-json\/wp\/v2\/product\/34921","targetHints":{"allow":["GET"]}}],"collection":[{"href":"https:\/\/olemosaic.com\/pt-pt\/wp-json\/wp\/v2\/product"}],"about":[{"href":"https:\/\/olemosaic.com\/pt-pt\/wp-json\/wp\/v2\/types\/product"}],"wp:featuredmedia":[{"embeddable":true,"href":"https:\/\/olemosaic.com\/pt-pt\/wp-json\/wp\/v2\/media\/7366"}],"wp:attachment":[{"href":"https:\/\/olemosaic.com\/pt-pt\/wp-json\/wp\/v2\/media?parent=34921"}],"wp:term":[{"taxonomy":"product_brand","embeddable":true,"href":"https:\/\/olemosaic.com\/pt-pt\/wp-json\/wp\/v2\/product_brand?post=34921"},{"taxonomy":"product_cat","embeddable":true,"href":"https:\/\/olemosaic.com\/pt-pt\/wp-json\/wp\/v2\/product_cat?post=34921"},{"taxonomy":"product_tag","embeddable":true,"href":"https:\/\/olemosaic.com\/pt-pt\/wp-json\/wp\/v2\/product_tag?post=34921"}],"curies":[{"name":"wp","href":"https:\/\/api.w.org\/{rel}","templated":true}]}}