{"id":34920,"date":"2025-02-20T22:34:36","date_gmt":"2025-02-20T22:34:36","guid":{"rendered":"http:\/\/olemosaic.com\/producto\/vaso-de-ceramica-panoramica-barcelona-beige\/"},"modified":"2025-07-25T18:55:56","modified_gmt":"2025-07-25T16:55:56","slug":"copo-de-ceramica-panoramica-barcelona-bege","status":"publish","type":"product","link":"https:\/\/olemosaic.com\/pt-pt\/produto\/copo-de-ceramica-panoramica-barcelona-bege\/","title":{"rendered":"Copo de cer\u00e2mica. Panor\u00e2mica. Barcelona. Bege."},"content":{"rendered":"<p>Este copo de cer\u00e2mica com design panor\u00e2mico, que representa Barcelona, \u00e9 uma pe\u00e7a \u00fanica e encantadora, ideal para quem deseja desfrutar das suas bebidas favoritas enquanto evoca a ess\u00eancia da Cidade Condal. De cor bege, este atraente copo apresenta ilustra\u00e7\u00f5es vibrantes que destacam a emblem\u00e1tica coluna de Colombo, rodeada de majestosas palmeiras e os coloridos mosaicos do famoso Park G\u00fcell, uma obra-prima do arquiteto Antoni Gaud\u00ed. Com um rebordo vermelho que confere um toque de energia e detalhes em preto que real\u00e7am o seu design, este copo n\u00e3o \u00e9 apenas funcional, mas tamb\u00e9m atua como uma obra de arte decorativa.<\/p>\n<p>A representa\u00e7\u00e3o de \u00edcones barceloneses torna-o uma lembran\u00e7a perfeita para turistas que procuram levar para casa uma recorda\u00e7\u00e3o aut\u00eantica e significativa da sua visita. A cer\u00e2mica garante a durabilidade e qualidade do produto, enquanto o seu design panor\u00e2mico o faz destacar em qualquer cole\u00e7\u00e3o de recorda\u00e7\u00f5es de Barcelona. Na Ol\u00e9 Mosaic, somos distribuidores de lembran\u00e7as por grosso e oferecemos produtos que refletem a rica cultura e tradi\u00e7\u00e3o de Espanha. Este copo de cer\u00e2mica \u00e9 uma excelente op\u00e7\u00e3o para lojas de presentes tur\u00edsticos que procuram artigos de qualidade com um valor cultural significativo, capturando a magia de Barcelona em cada gole.<\/p>\n","protected":false},"excerpt":{"rendered":"<p>Copo de cer\u00e2mica com um design panor\u00e2mico representativo de Barcelona, ideal para desfrutar das suas bebidas favoritas. Este atraente copo, de cor bege, apresenta ilustra\u00e7\u00f5es vibrantes que mostram a emblem\u00e1tica coluna de Colombo, palmeiras e coloridos mosaicos, evocando o famoso Parque G\u00fcell. Com um rebordo vermelho e detalhes em preto, \u00e9 uma pe\u00e7a funcional e decorativa que captura a ess\u00eancia da cidade condal, perfeita como recorda\u00e7\u00e3o ou para o uso di\u00e1rio.<\/p>\n","protected":false},"featured_media":7367,"template":"","meta":{"_acf_changed":false},"product_brand":[],"product_cat":[828],"product_tag":[515],"class_list":{"0":"post-34920","1":"product","2":"type-product","3":"status-publish","4":"has-post-thumbnail","6":"product_cat-copos","7":"product_tag-ceramica","8":"pa_ciudad-barcelona","9":"pa_motivo-panoramas","10":"pa_pais-espana","12":"first","13":"instock","14":"shipping-taxable","15":"product-type-simple"},"acf":[],"_links":{"self":[{"href":"https:\/\/olemosaic.com\/pt-pt\/wp-json\/wp\/v2\/product\/34920","targetHints":{"allow":["GET"]}}],"collection":[{"href":"https:\/\/olemosaic.com\/pt-pt\/wp-json\/wp\/v2\/product"}],"about":[{"href":"https:\/\/olemosaic.com\/pt-pt\/wp-json\/wp\/v2\/types\/product"}],"wp:featuredmedia":[{"embeddable":true,"href":"https:\/\/olemosaic.com\/pt-pt\/wp-json\/wp\/v2\/media\/7367"}],"wp:attachment":[{"href":"https:\/\/olemosaic.com\/pt-pt\/wp-json\/wp\/v2\/media?parent=34920"}],"wp:term":[{"taxonomy":"product_brand","embeddable":true,"href":"https:\/\/olemosaic.com\/pt-pt\/wp-json\/wp\/v2\/product_brand?post=34920"},{"taxonomy":"product_cat","embeddable":true,"href":"https:\/\/olemosaic.com\/pt-pt\/wp-json\/wp\/v2\/product_cat?post=34920"},{"taxonomy":"product_tag","embeddable":true,"href":"https:\/\/olemosaic.com\/pt-pt\/wp-json\/wp\/v2\/product_tag?post=34920"}],"curies":[{"name":"wp","href":"https:\/\/api.w.org\/{rel}","templated":true}]}}