{"id":34888,"date":"2025-02-20T22:34:36","date_gmt":"2025-02-20T22:34:36","guid":{"rendered":"http:\/\/olemosaic.com\/producto\/vaso-de-ceramica-punt-de-trobada-barcelona-blanco\/"},"modified":"2025-07-25T18:54:15","modified_gmt":"2025-07-25T16:54:15","slug":"copo-de-ceramica-punt-de-trobada-barcelona-branco","status":"publish","type":"product","link":"https:\/\/olemosaic.com\/pt-pt\/produto\/copo-de-ceramica-punt-de-trobada-barcelona-branco\/","title":{"rendered":"Copo de cer\u00e2mica. Punt de trobada. Barcelona. Branco."},"content":{"rendered":"<p>Este copo de cer\u00e2mica, com o seu design colorido, \u00e9 uma aut\u00eantica homenagem ao famoso mosaico barcelon\u00eas, um reflexo da vibrante ess\u00eancia da cidade condal. O seu acabamento branco real\u00e7a o seu atrativo, enquanto a tampa vermelha n\u00e3o s\u00f3 \u00e9 funcional, como tamb\u00e9m adiciona um toque contempor\u00e2neo e din\u00e2mico. Decorado com uma encantadora variedade de elementos gr\u00e1ficos e abstratos, o copo apresenta uma alegre mistura de cores como o vermelho, o azul e o amarelo, evocando a criatividade e a arte que Barcelona respira em cada canto.<\/p>\n<p>Inspirado no reconhecido &#8220;Punt de Trobada&#8221; do mosaico de Gaud\u00ed, este copo \u00e9 muito mais do que um simples acess\u00f3rio: representa um fragmento do patrim\u00f3nio cultural catal\u00e3o, ideal para que os turistas o guardem como recorda\u00e7\u00e3o. Perfeito para desfrutar de qualquer bebida, o seu design cativante torna-o uma excelente op\u00e7\u00e3o para quem procura recorda\u00e7\u00f5es aut\u00eanticas de Barcelona.<\/p>\n<p>Na Ol\u00e9 Mosaic, como especialistas na distribui\u00e7\u00e3o de recorda\u00e7\u00f5es por grosso, oferecemos este copo como parte da nossa emocionante cole\u00e7\u00e3o, que celebra a rica heran\u00e7a art\u00edstica da cidade. \u00c9 um presente perfeito para as lojas de presentes tur\u00edsticos que desejam oferecer produtos que combinam estilo, funcionalidade e um profundo significado cultural.<\/p>\n","protected":false},"excerpt":{"rendered":"<p>Copo de cer\u00e2mica com um design colorido inspirado no famoso mosaico de Barcelona. Este pr\u00e1tico copo, com acabamento branco e tampa vermelha, adiciona um toque vibrante. Decorado com elementos gr\u00e1ficos abstratos, apresenta uma mistura de cores como o vermelho, o azul e o amarelo, que representam a ess\u00eancia art\u00edstica da cidade. Ideal para desfrutar das suas bebidas, combina funcionalidade e um distintivo estilo cultural catal\u00e3o.<\/p>\n","protected":false},"featured_media":9136,"template":"","meta":{"_acf_changed":false},"product_brand":[],"product_cat":[828],"product_tag":[515],"class_list":{"0":"post-34888","1":"product","2":"type-product","3":"status-publish","4":"has-post-thumbnail","6":"product_cat-copos","7":"product_tag-ceramica","8":"pa_ciudad-barcelona","9":"pa_motivo-punt-de-trobada","10":"pa_pais-espana","12":"first","13":"instock","14":"shipping-taxable","15":"product-type-simple"},"acf":[],"_links":{"self":[{"href":"https:\/\/olemosaic.com\/pt-pt\/wp-json\/wp\/v2\/product\/34888","targetHints":{"allow":["GET"]}}],"collection":[{"href":"https:\/\/olemosaic.com\/pt-pt\/wp-json\/wp\/v2\/product"}],"about":[{"href":"https:\/\/olemosaic.com\/pt-pt\/wp-json\/wp\/v2\/types\/product"}],"wp:featuredmedia":[{"embeddable":true,"href":"https:\/\/olemosaic.com\/pt-pt\/wp-json\/wp\/v2\/media\/9136"}],"wp:attachment":[{"href":"https:\/\/olemosaic.com\/pt-pt\/wp-json\/wp\/v2\/media?parent=34888"}],"wp:term":[{"taxonomy":"product_brand","embeddable":true,"href":"https:\/\/olemosaic.com\/pt-pt\/wp-json\/wp\/v2\/product_brand?post=34888"},{"taxonomy":"product_cat","embeddable":true,"href":"https:\/\/olemosaic.com\/pt-pt\/wp-json\/wp\/v2\/product_cat?post=34888"},{"taxonomy":"product_tag","embeddable":true,"href":"https:\/\/olemosaic.com\/pt-pt\/wp-json\/wp\/v2\/product_tag?post=34888"}],"curies":[{"name":"wp","href":"https:\/\/api.w.org\/{rel}","templated":true}]}}