{"id":34887,"date":"2025-02-20T22:34:36","date_gmt":"2025-02-20T22:34:36","guid":{"rendered":"http:\/\/olemosaic.com\/producto\/vaso-de-ceramica-salamandra-y-flores-barcelona-blanco\/"},"modified":"2025-07-25T20:23:00","modified_gmt":"2025-07-25T18:23:00","slug":"copo-de-ceramica-salamandra-e-flores-barcelona-branco","status":"publish","type":"product","link":"https:\/\/olemosaic.com\/pt-pt\/produto\/copo-de-ceramica-salamandra-e-flores-barcelona-branco\/","title":{"rendered":"Copo de cer\u00e2mica. Salamandra e flores. Barcelona. Branco."},"content":{"rendered":"<p>Este copo de cer\u00e2mica, com um design colorido de uma salamandra e flores, \u00e9 uma excelente representa\u00e7\u00e3o da vibrante ess\u00eancia de Barcelona. Com um acabamento branco que se complementa com um divertido mosaico, o copo destaca-se pela sua ilustra\u00e7\u00e3o de uma salamandra de cores vivas, uma homenagem \u00e0 c\u00e9lebre obra de Gaud\u00ed que adorna a cidade, recordando o famoso Parque G\u00fcell. O detalhe da salamandra, que simboliza a criatividade e a fauna local, desenrola-se com finos toques em tons de azul, vermelho e amarelo, rodeada por um jardim de flores em mosaico que adiciona um toque alegre e colorido.<\/p>\n<p>A parte superior do copo \u00e9 rematada com uma tampa azul, que n\u00e3o s\u00f3 confere funcionalidade, mas tamb\u00e9m real\u00e7a o seu design contempor\u00e2neo. Este copo n\u00e3o \u00e9 apenas um objeto para desfrutar de bebidas; \u00e9 uma aut\u00eantica recorda\u00e7\u00e3o de Barcelona que encapsula a mistura de arte e natureza que caracteriza a cidade. Perfeito para os turistas que procuram recorda\u00e7\u00f5es aut\u00eanticas e representativas, este copo \u00e9 ideal para qualquer loja de presentes tur\u00edsticos que deseje oferecer produtos verdadeiramente emblem\u00e1ticos. Na Ol\u00e9 Mosaic, como distribuidores de recorda\u00e7\u00f5es de cer\u00e2mica por grosso, garantimos que cada pe\u00e7a \u00e9 um reflexo do patrim\u00f3nio cultural espanhol, lo que torna este copo uma op\u00e7\u00e3o inigual\u00e1vel para quem quer levar um pedacinho de Barcelona para casa.<\/p>\n","protected":false},"excerpt":{"rendered":"<p>Copo de cer\u00e2mica com um design colorido de salamandra e flores, inspirado na ess\u00eancia de Barcelona. Este copo, com acabamento branco, apresenta um divertido mosaico que inclui uma salamandra de cores vivas, representando a famosa obra de Gaud\u00ed, acompanhada de diversas flores. A parte superior \u00e9 rematada com uma tampa azul, que adiciona funcionalidade e estilo. Ideal para desfrutar das suas bebidas com um toque art\u00edstico.<\/p>\n","protected":false},"featured_media":8066,"template":"","meta":{"_acf_changed":false},"product_brand":[],"product_cat":[828],"product_tag":[516,515],"class_list":{"0":"post-34887","1":"product","2":"type-product","3":"status-publish","4":"has-post-thumbnail","6":"product_cat-copos","7":"product_tag-animais","8":"product_tag-ceramica","9":"pa_ciudad-barcelona","10":"pa_motivo-salamandras","11":"pa_pais-espana","13":"first","14":"instock","15":"shipping-taxable","16":"product-type-simple"},"acf":[],"_links":{"self":[{"href":"https:\/\/olemosaic.com\/pt-pt\/wp-json\/wp\/v2\/product\/34887","targetHints":{"allow":["GET"]}}],"collection":[{"href":"https:\/\/olemosaic.com\/pt-pt\/wp-json\/wp\/v2\/product"}],"about":[{"href":"https:\/\/olemosaic.com\/pt-pt\/wp-json\/wp\/v2\/types\/product"}],"wp:featuredmedia":[{"embeddable":true,"href":"https:\/\/olemosaic.com\/pt-pt\/wp-json\/wp\/v2\/media\/8066"}],"wp:attachment":[{"href":"https:\/\/olemosaic.com\/pt-pt\/wp-json\/wp\/v2\/media?parent=34887"}],"wp:term":[{"taxonomy":"product_brand","embeddable":true,"href":"https:\/\/olemosaic.com\/pt-pt\/wp-json\/wp\/v2\/product_brand?post=34887"},{"taxonomy":"product_cat","embeddable":true,"href":"https:\/\/olemosaic.com\/pt-pt\/wp-json\/wp\/v2\/product_cat?post=34887"},{"taxonomy":"product_tag","embeddable":true,"href":"https:\/\/olemosaic.com\/pt-pt\/wp-json\/wp\/v2\/product_tag?post=34887"}],"curies":[{"name":"wp","href":"https:\/\/api.w.org\/{rel}","templated":true}]}}