{"id":34885,"date":"2025-02-20T23:34:35","date_gmt":"2025-02-20T22:34:35","guid":{"rendered":"http:\/\/olemosaic.com\/producto\/ref-3\/"},"modified":"2025-07-25T18:44:41","modified_gmt":"2025-07-25T16:44:41","slug":"taca-de-coco-fucsia-roda","status":"publish","type":"product","link":"https:\/\/olemosaic.com\/pt-pt\/produto\/taca-de-coco-fucsia-roda\/","title":{"rendered":"Ta\u00e7a de coco f\u00facsia. Roda."},"content":{"rendered":"<p>Esta tigela de cer\u00e2mica pintada \u00e0 m\u00e3o \u00e9 um aut\u00eantico reflexo da arte do mosaico t\u00edpica da Costa del Sol, capturando a ess\u00eancia vibrante da Andaluzia em cada detalhe. Com um design radiante que combina tons rosados e detalhes brilhantes, esta tigela n\u00e3o \u00e9 apenas funcional, mas tamb\u00e9m uma pe\u00e7a decorativa que confere um toque de cor e calor a qualquer lar. A sua superf\u00edcie apresenta um elegante padr\u00e3o radial que simula o trencad\u00eds, uma t\u00e9cnica tradicional espanhola que utiliza pequenos fragmentos de cer\u00e2mica para criar designs art\u00edsticos e coloridos.<\/p>\n<p>Ideal para servir aperitivos ou como objeto decorativo, esta tigela \u00e9 uma homenagem \u00e0 rica cultura andaluza, evocando as impressionantes vistas e ambientes quentes da regi\u00e3o. A sua autenticidade como recorda\u00e7\u00e3o da Costa del Sol torna-a um presente perfeito para os turistas que procuram levar um pedacinho de Espanha. Na Ol\u00e9 Mosaic, somos distribuidores por grosso deste tipo de recorda\u00e7\u00f5es, proporcionando \u00e0s lojas de presentes tur\u00edsticos a oportunidade de oferecer produtos de qualidade que celebram a heran\u00e7a cultural de Espanha. Esta tigela de cer\u00e2mica \u00e9 uma escolha excelente para aqueles que desejam oferecer aos seus clientes recorda\u00e7\u00f5es representativas da sua viagem pela Costa del Sol, ligando o seu lar ao esp\u00edrito vibrante da Andaluzia.<\/p>\n","protected":false},"excerpt":{"rendered":"<p>Tigela de cer\u00e2mica com design artesanal, pintada \u00e0 m\u00e3o, inspirada na arte caracter\u00edstica do mosaico da Costa del Sol. Esta atraente tigela apresenta um design vibrante em tons rosados e detalhes brilhantes que evocam o calor do ambiente andaluz. A superf\u00edcie exibe um elegante padr\u00e3o radial, com texturas que simulam o trencad\u00eds, t\u00edpico da ornamenta\u00e7\u00e3o espanhola. Ideal para servir aperitivos ou como pe\u00e7a decorativa no lar, esta tigela \u00e9 uma homenagem \u00e0 rica cultura da regi\u00e3o.<\/p>\n","protected":false},"featured_media":11731,"template":"","meta":{"_acf_changed":false},"product_brand":[],"product_cat":[513],"product_tag":[],"class_list":{"0":"post-34885","1":"product","2":"type-product","3":"status-publish","4":"has-post-thumbnail","6":"product_cat-bols","7":"pa_ciudad-rueda","8":"pa_pais-espana","10":"first","11":"instock","12":"shipping-taxable","13":"product-type-simple"},"acf":[],"_links":{"self":[{"href":"https:\/\/olemosaic.com\/pt-pt\/wp-json\/wp\/v2\/product\/34885","targetHints":{"allow":["GET"]}}],"collection":[{"href":"https:\/\/olemosaic.com\/pt-pt\/wp-json\/wp\/v2\/product"}],"about":[{"href":"https:\/\/olemosaic.com\/pt-pt\/wp-json\/wp\/v2\/types\/product"}],"wp:featuredmedia":[{"embeddable":true,"href":"https:\/\/olemosaic.com\/pt-pt\/wp-json\/wp\/v2\/media\/11731"}],"wp:attachment":[{"href":"https:\/\/olemosaic.com\/pt-pt\/wp-json\/wp\/v2\/media?parent=34885"}],"wp:term":[{"taxonomy":"product_brand","embeddable":true,"href":"https:\/\/olemosaic.com\/pt-pt\/wp-json\/wp\/v2\/product_brand?post=34885"},{"taxonomy":"product_cat","embeddable":true,"href":"https:\/\/olemosaic.com\/pt-pt\/wp-json\/wp\/v2\/product_cat?post=34885"},{"taxonomy":"product_tag","embeddable":true,"href":"https:\/\/olemosaic.com\/pt-pt\/wp-json\/wp\/v2\/product_tag?post=34885"}],"curies":[{"name":"wp","href":"https:\/\/api.w.org\/{rel}","templated":true}]}}