{"id":34884,"date":"2025-02-20T23:34:35","date_gmt":"2025-02-20T22:34:35","guid":{"rendered":"http:\/\/olemosaic.com\/producto\/tapon-de-ceramica-panoramica-barcelona-beige-2\/"},"modified":"2025-07-25T18:53:32","modified_gmt":"2025-07-25T16:53:32","slug":"rolha-de-ceramica-panoramica-barcelona-bege-2","status":"publish","type":"product","link":"https:\/\/olemosaic.com\/pt-pt\/produto\/rolha-de-ceramica-panoramica-barcelona-bege-2\/","title":{"rendered":"Rolha de cer\u00e2mica. Panor\u00e2mica. Fonte Plaza Catalunya. Barcelona. Bege."},"content":{"rendered":"<p>Esta rolha de cer\u00e2mica panor\u00e2mica de Barcelona \u00e9 a recorda\u00e7\u00e3o ideal para quem procura levar um peda\u00e7o aut\u00eantico e colorido desta vibrante cidade catal\u00e3. A parte superior da rolha apresenta um design cativante em tons de bege, adornado com ilustra\u00e7\u00f5es vibrantes que destacam elementos ic\u00f3nicos como a emblem\u00e1tica fonte da Plaza de Catalunya, o Park G\u00fcell e a famosa arquitetura de Gaud\u00ed. A combina\u00e7\u00e3o de cores alegres e o estilo art\u00edstico fazem com que esta rolha n\u00e3o seja apenas funcional, mas tamb\u00e9m uma pe\u00e7a decorativa que real\u00e7a a beleza de Barcelona. Fabricada com cer\u00e2mica de alta qualidade, este produto cumpre a dupla fun\u00e7\u00e3o de selar garrafas, mantendo o seu conte\u00fado fresco e protegido, enquanto o seu design apelativo a torna um excelente motivo de conversa em qualquer reuni\u00e3o. Ao escolher esta rolha como recorda\u00e7\u00e3o, n\u00e3o s\u00f3 leva para casa um peda\u00e7o da cultura barcelonesa, mas tamb\u00e9m um s\u00edmbolo da criatividade e da arte que caracterizam esta cidade. Na Ol\u00e9 Mosaic, somos distribuidores de recorda\u00e7\u00f5es por grosso como esta rolha de cer\u00e2mica, perfeita para lojas de presentes tur\u00edsticos que desejem oferecer produtos aut\u00eanticos e representativos de Barcelona.<\/p>\n","protected":false},"excerpt":{"rendered":"<p>Rolha de cer\u00e2mica com uma encantadora panor\u00e2mica de Barcelona na parte superior. Este design atraente, em tons de bege com detalhes coloridos, inclui elementos ic\u00f3nicos como a fonte da Plaza de Catalunya e a arquitetura de Gaud\u00ed. Decorada com ilustra\u00e7\u00f5es vibrantes, a rolha \u00e9 ideal para selar garrafas e recordar a beleza da cidade condal. Uma recorda\u00e7\u00e3o perfeita para quem deseja levar um toque de Barcelona para o seu lar.<\/p>\n","protected":false},"featured_media":7788,"template":"","meta":{"_acf_changed":false},"product_brand":[],"product_cat":[831],"product_tag":[515],"class_list":{"0":"post-34884","1":"product","2":"type-product","3":"status-publish","4":"has-post-thumbnail","6":"product_cat-rolhas","7":"product_tag-ceramica","8":"pa_ciudad-barcelona","9":"pa_motivo-panoramas","10":"pa_pais-espana","12":"first","13":"instock","14":"shipping-taxable","15":"product-type-simple"},"acf":[],"_links":{"self":[{"href":"https:\/\/olemosaic.com\/pt-pt\/wp-json\/wp\/v2\/product\/34884","targetHints":{"allow":["GET"]}}],"collection":[{"href":"https:\/\/olemosaic.com\/pt-pt\/wp-json\/wp\/v2\/product"}],"about":[{"href":"https:\/\/olemosaic.com\/pt-pt\/wp-json\/wp\/v2\/types\/product"}],"wp:featuredmedia":[{"embeddable":true,"href":"https:\/\/olemosaic.com\/pt-pt\/wp-json\/wp\/v2\/media\/7788"}],"wp:attachment":[{"href":"https:\/\/olemosaic.com\/pt-pt\/wp-json\/wp\/v2\/media?parent=34884"}],"wp:term":[{"taxonomy":"product_brand","embeddable":true,"href":"https:\/\/olemosaic.com\/pt-pt\/wp-json\/wp\/v2\/product_brand?post=34884"},{"taxonomy":"product_cat","embeddable":true,"href":"https:\/\/olemosaic.com\/pt-pt\/wp-json\/wp\/v2\/product_cat?post=34884"},{"taxonomy":"product_tag","embeddable":true,"href":"https:\/\/olemosaic.com\/pt-pt\/wp-json\/wp\/v2\/product_tag?post=34884"}],"curies":[{"name":"wp","href":"https:\/\/api.w.org\/{rel}","templated":true}]}}