{"id":34868,"date":"2025-02-20T23:34:35","date_gmt":"2025-02-20T22:34:35","guid":{"rendered":"http:\/\/olemosaic.com\/producto\/tapon-de-ceramica-barcelona-azul\/"},"modified":"2025-07-25T18:38:35","modified_gmt":"2025-07-25T16:38:35","slug":"rolha-de-ceramica-barcelona-azul","status":"publish","type":"product","link":"https:\/\/olemosaic.com\/pt-pt\/produto\/rolha-de-ceramica-barcelona-azul\/","title":{"rendered":"Rolha de cer\u00e2mica. Barcelona. Azul."},"content":{"rendered":"<p>Esta rolha de cer\u00e2mica ilustrada \u00e9 uma encantadora recorda\u00e7\u00e3o de Barcelona que captura a ess\u00eancia vibrante da cidade. Desenhada com uma representa\u00e7\u00e3o colorida da ic\u00f3nica Sagrada Fam\u00edlia e do m\u00e1gico Parque G\u00fcell, destaca-se pelos seus mosaicos em tons de azul, vermelho e verde, evocando a obra do c\u00e9lebre arquiteto Antoni Gaud\u00ed. O acabamento polido acrescenta um brilho especial, enquanto a base de corti\u00e7a natural assegura uma selagem perfeita das suas garrafas, combinando funcionalidade e estilo.<\/p>\n<p>A palavra &#8220;Barcelona&#8221; \u00e9 exibida de forma proeminente no design, real\u00e7ando a experi\u00eancia visual e tornando esta rolha uma recorda\u00e7\u00e3o nost\u00e1lgica e representativa da cultura catal\u00e3. Ideal para quem procura levar um peda\u00e7o desta cidade para sua casa, esta rolha n\u00e3o \u00e9 apenas um acess\u00f3rio pr\u00e1tico, mas tamb\u00e9m acrescenta um toque art\u00edstico e cultural que embeleza qualquer evento ou celebra\u00e7\u00e3o.<\/p>\n<p>Na Ol\u00e9 Mosaic, orgulhamo-nos de oferecer recorda\u00e7\u00f5es aut\u00eanticas e de alta qualidade por grosso, como esta rolha de cer\u00e2mica, perfeita para lojas de presentes tur\u00edsticos que desejam fomentar a liga\u00e7\u00e3o com a rica e diversa heran\u00e7a de Espanha. Este produto \u00e9 uma excelente op\u00e7\u00e3o para turistas que procuram recorda\u00e7\u00f5es que reflitam verdadeiramente o esp\u00edrito de Barcelona em cada detalhe.<\/p>\n","protected":false},"excerpt":{"rendered":"<p>Rolha de cer\u00e2mica ilustrada, inspirada na vibrante arquitetura de Barcelona. Esta encantadora rolha apresenta uma representa\u00e7\u00e3o colorida da Sagrada Fam\u00edlia e do Parque G\u00fcell, destacando os caracter\u00edsticos mosaicos em tons de azul, vermelho e verde. Com um acabamento polido e uma corti\u00e7a natural na base, \u00e9 ideal para selar garrafas com estilo e levar um pedacinho da cultura catal\u00e3 para sua casa. A palavra &#8220;Barcelona&#8221; aparece destacada, acrescentando um toque distintivo.<\/p>\n","protected":false},"featured_media":12102,"template":"","meta":{"_acf_changed":false},"product_brand":[],"product_cat":[831],"product_tag":[515],"class_list":{"0":"post-34868","1":"product","2":"type-product","3":"status-publish","4":"has-post-thumbnail","6":"product_cat-rolhas","7":"product_tag-ceramica","8":"pa_ciudad-barcelona","9":"pa_pais-espana","11":"first","12":"instock","13":"shipping-taxable","14":"product-type-simple"},"acf":[],"_links":{"self":[{"href":"https:\/\/olemosaic.com\/pt-pt\/wp-json\/wp\/v2\/product\/34868","targetHints":{"allow":["GET"]}}],"collection":[{"href":"https:\/\/olemosaic.com\/pt-pt\/wp-json\/wp\/v2\/product"}],"about":[{"href":"https:\/\/olemosaic.com\/pt-pt\/wp-json\/wp\/v2\/types\/product"}],"wp:featuredmedia":[{"embeddable":true,"href":"https:\/\/olemosaic.com\/pt-pt\/wp-json\/wp\/v2\/media\/12102"}],"wp:attachment":[{"href":"https:\/\/olemosaic.com\/pt-pt\/wp-json\/wp\/v2\/media?parent=34868"}],"wp:term":[{"taxonomy":"product_brand","embeddable":true,"href":"https:\/\/olemosaic.com\/pt-pt\/wp-json\/wp\/v2\/product_brand?post=34868"},{"taxonomy":"product_cat","embeddable":true,"href":"https:\/\/olemosaic.com\/pt-pt\/wp-json\/wp\/v2\/product_cat?post=34868"},{"taxonomy":"product_tag","embeddable":true,"href":"https:\/\/olemosaic.com\/pt-pt\/wp-json\/wp\/v2\/product_tag?post=34868"}],"curies":[{"name":"wp","href":"https:\/\/api.w.org\/{rel}","templated":true}]}}