{"id":34867,"date":"2025-02-20T23:34:35","date_gmt":"2025-02-20T22:34:35","guid":{"rendered":"http:\/\/olemosaic.com\/producto\/tapon-de-ceramica-patio-madrid-blanco\/"},"modified":"2025-07-25T18:38:32","modified_gmt":"2025-07-25T16:38:32","slug":"rolha-de-ceramica-patio-madrid-branco","status":"publish","type":"product","link":"https:\/\/olemosaic.com\/pt-pt\/produto\/rolha-de-ceramica-patio-madrid-branco\/","title":{"rendered":"Rolha de cer\u00e2mica. P\u00e1tio. Madrid. Branco."},"content":{"rendered":"<p>Esta rolha de cer\u00e2mica decorativa \u00e9 uma aut\u00eantica joia inspirada no vibrante folclore madrileno, desenhada para adicionar um toque art\u00edstico aos seus vinhos. A pe\u00e7a apresenta um espl\u00eandido design pintado \u00e0 m\u00e3o, onde se destacam dois protagonistas da arte flamenca: uma bailarina com um impressionante vestido de bolinhas vermelhas e um artista com chap\u00e9u. Este encontro festivo tem lugar num p\u00e1tio colorido que evoca a alegria das celebra\u00e7\u00f5es madrilenas, rodeado de vegeta\u00e7\u00e3o e elementos florais que capturam a ess\u00eancia da cultura espanhola.<\/p>\n<p>A parte superior da rolha destaca a palavra &#8220;MADRID&#8221; num estilo elegante, o que torna este produto uma recorda\u00e7\u00e3o representativa da cidade. O seu acabamento em cer\u00e2mica branca n\u00e3o s\u00f3 garante durabilidade, como tamb\u00e9m oferece um contraste perfeito para as cores vibrantes das ilustra\u00e7\u00f5es, criando uma pe\u00e7a que \u00e9 tanto funcional como decorativa.<\/p>\n<p>Ideal para turistas que procuram recorda\u00e7\u00f5es aut\u00eanticas de Madrid, esta rolha \u00e9 a op\u00e7\u00e3o perfeita para quem deseja levar um peda\u00e7o da cultura espanhola. Na Ol\u00e9 Mosaic, somos distribuidores de recorda\u00e7\u00f5es de cer\u00e2mica que destacam a riqueza do patrim\u00f3nio cultural, assegurando que cada produto seja um reflexo da tradi\u00e7\u00e3o e da qualidade. Esta rolha de cer\u00e2mica \u00e9 uma excelente op\u00e7\u00e3o para lojas de presentes tur\u00edsticos que procuram oferecer produtos aut\u00eanticos e de alta qualidade.<\/p>\n","protected":false},"excerpt":{"rendered":"<p>Rolha de cer\u00e2mica decorativa, inspirada no vibrante folclore madrileno. Esta elegante rolha apresenta um design artesanal, pintado \u00e0 m\u00e3o, onde uma bailarina com um vestido de bolinhas vermelhas e um artista com chap\u00e9u partilham um p\u00e1tio colorido. Na parte superior, a palavra &#8220;MADRID&#8221; destaca-se num estilo elegante, rodeada de detalhes florais que evocam a ess\u00eancia festiva da cidade. Ideal para conservar os seus vinhos com um toque art\u00edstico.<\/p>\n","protected":false},"featured_media":7979,"template":"","meta":{"_acf_changed":false},"product_brand":[],"product_cat":[831],"product_tag":[515],"class_list":{"0":"post-34867","1":"product","2":"type-product","3":"status-publish","4":"has-post-thumbnail","6":"product_cat-rolhas","7":"product_tag-ceramica","8":"pa_ciudad-madrid","9":"pa_motivo-patios","10":"pa_pais-espana","12":"first","13":"instock","14":"shipping-taxable","15":"product-type-simple"},"acf":[],"_links":{"self":[{"href":"https:\/\/olemosaic.com\/pt-pt\/wp-json\/wp\/v2\/product\/34867","targetHints":{"allow":["GET"]}}],"collection":[{"href":"https:\/\/olemosaic.com\/pt-pt\/wp-json\/wp\/v2\/product"}],"about":[{"href":"https:\/\/olemosaic.com\/pt-pt\/wp-json\/wp\/v2\/types\/product"}],"wp:featuredmedia":[{"embeddable":true,"href":"https:\/\/olemosaic.com\/pt-pt\/wp-json\/wp\/v2\/media\/7979"}],"wp:attachment":[{"href":"https:\/\/olemosaic.com\/pt-pt\/wp-json\/wp\/v2\/media?parent=34867"}],"wp:term":[{"taxonomy":"product_brand","embeddable":true,"href":"https:\/\/olemosaic.com\/pt-pt\/wp-json\/wp\/v2\/product_brand?post=34867"},{"taxonomy":"product_cat","embeddable":true,"href":"https:\/\/olemosaic.com\/pt-pt\/wp-json\/wp\/v2\/product_cat?post=34867"},{"taxonomy":"product_tag","embeddable":true,"href":"https:\/\/olemosaic.com\/pt-pt\/wp-json\/wp\/v2\/product_tag?post=34867"}],"curies":[{"name":"wp","href":"https:\/\/api.w.org\/{rel}","templated":true}]}}