{"id":34865,"date":"2025-02-20T22:34:34","date_gmt":"2025-02-20T22:34:34","guid":{"rendered":"http:\/\/olemosaic.com\/producto\/tapon-de-ceramica-toros-madrid-blanco\/"},"modified":"2025-07-25T18:53:32","modified_gmt":"2025-07-25T16:53:32","slug":"rolha-de-ceramica-touros-madrid-branco","status":"publish","type":"product","link":"https:\/\/olemosaic.com\/pt-pt\/produto\/rolha-de-ceramica-touros-madrid-branco\/","title":{"rendered":"Rolha de cer\u00e2mica. Touros. Madrid. Branco."},"content":{"rendered":"<p>Esta rolha decorativa de cer\u00e2mica \u00e9 um acess\u00f3rio imprescind\u00edvel para quem deseja levar um peda\u00e7o da rica cultura madrilena para sua casa. Com um design vibrante que representa um touro, este emblem\u00e1tico s\u00edmbolo de Madrid ganha vida numa atraente cor branca que real\u00e7a os detalhes art\u00edsticos. A figura do touro, inspirada na famosa arte do mosaico, \u00e9 adornada com uma explos\u00e3o de cores: azuis vibrantes, vermelhos intensos, verdes frescos e amarelos radiantes, que evocam a energia e a festa da cidade. Ao seu redor, um design festivo inclui motivos florais e um sol radiante, criando uma atmosfera alegre e din\u00e2mica.<\/p>\n<p>O texto &#8220;MADRID&#8221; destaca-se na parte superior da rolha, acrescentando um toque aut\u00eantico que a torna uma recorda\u00e7\u00e3o representativa da capital espanhola. Esta rolha n\u00e3o \u00e9 apenas funcional, mas tamb\u00e9m atua como uma pe\u00e7a decorativa que recorda a tauromaquia e a tradi\u00e7\u00e3o espanhola, celebrando a liga\u00e7\u00e3o cultural e a paix\u00e3o que rodeia esta pr\u00e1tica. Na Ol\u00e9 Mosaic, orgulhamo-nos de oferecer recorda\u00e7\u00f5es aut\u00eanticas e de qualidade por grosso, e esta rolha de cer\u00e2mica \u00e9 uma excelente op\u00e7\u00e3o para lojas de presentes tur\u00edsticos que procuram produtos que se destaquem pela sua relev\u00e2ncia cultural e design atraente. Com esta rolha, os turistas podem levar para casa um fragmento de Madrid, ideal como recorda\u00e7\u00e3o que perdurar\u00e1 no tempo.<\/p>\n","protected":false},"excerpt":{"rendered":"<p>Rolha de cer\u00e2mica decorativa com um design vibrante que representa um touro, s\u00edmbolo emblem\u00e1tico de Madrid. Esta atraente rolha, de cor branca, apresenta um motivo colorido inspirado na arte do mosaico, com detalhes em azul, vermelho, verde e amarelo que complementam a figura do touro num ambiente festivo. O texto &#8220;MADRID&#8221; destaca-se, acrescentando um toque aut\u00eantico a este acess\u00f3rio ideal para recordar a riqueza cultural da cidade.<\/p>\n","protected":false},"featured_media":8613,"template":"","meta":{"_acf_changed":false},"product_brand":[],"product_cat":[831],"product_tag":[516,515],"class_list":{"0":"post-34865","1":"product","2":"type-product","3":"status-publish","4":"has-post-thumbnail","6":"product_cat-rolhas","7":"product_tag-animais","8":"product_tag-ceramica","9":"pa_ciudad-madrid","10":"pa_motivo-touros","11":"pa_pais-espana","13":"first","14":"instock","15":"shipping-taxable","16":"product-type-simple"},"acf":[],"_links":{"self":[{"href":"https:\/\/olemosaic.com\/pt-pt\/wp-json\/wp\/v2\/product\/34865","targetHints":{"allow":["GET"]}}],"collection":[{"href":"https:\/\/olemosaic.com\/pt-pt\/wp-json\/wp\/v2\/product"}],"about":[{"href":"https:\/\/olemosaic.com\/pt-pt\/wp-json\/wp\/v2\/types\/product"}],"wp:featuredmedia":[{"embeddable":true,"href":"https:\/\/olemosaic.com\/pt-pt\/wp-json\/wp\/v2\/media\/8613"}],"wp:attachment":[{"href":"https:\/\/olemosaic.com\/pt-pt\/wp-json\/wp\/v2\/media?parent=34865"}],"wp:term":[{"taxonomy":"product_brand","embeddable":true,"href":"https:\/\/olemosaic.com\/pt-pt\/wp-json\/wp\/v2\/product_brand?post=34865"},{"taxonomy":"product_cat","embeddable":true,"href":"https:\/\/olemosaic.com\/pt-pt\/wp-json\/wp\/v2\/product_cat?post=34865"},{"taxonomy":"product_tag","embeddable":true,"href":"https:\/\/olemosaic.com\/pt-pt\/wp-json\/wp\/v2\/product_tag?post=34865"}],"curies":[{"name":"wp","href":"https:\/\/api.w.org\/{rel}","templated":true}]}}