{"id":34864,"date":"2025-02-20T23:34:34","date_gmt":"2025-02-20T22:34:34","guid":{"rendered":"http:\/\/olemosaic.com\/producto\/tapon-de-ceramica-toros-blanco\/"},"modified":"2025-07-25T18:53:43","modified_gmt":"2025-07-25T16:53:43","slug":"rolha-de-ceramica-touros-branco","status":"publish","type":"product","link":"https:\/\/olemosaic.com\/pt-pt\/produto\/rolha-de-ceramica-touros-branco\/","title":{"rendered":"Rolha de cer\u00e2mica. Touros. Branco."},"content":{"rendered":"<p>Esta rolha de cer\u00e2mica decorada \u00e9 uma aut\u00eantica obra de arte que captura a ess\u00eancia da cultura espanhola. Com um design vibrante que apresenta um touro estilizado numa explos\u00e3o de cor, juntamente com um sol radiante e delicadas flores vermelhas, esta rolha n\u00e3o \u00e9 apenas funcional, mas tamb\u00e9m um objeto decorativo fascinante. O fundo branco real\u00e7a o design pintado \u00e0 m\u00e3o, permitindo que cada cor resplande\u00e7a com vivacidade, tornando-a uma recorda\u00e7\u00e3o ideal que evoca a forte liga\u00e7\u00e3o de Espanha com a cultura taurom\u00e1quica e as suas tradi\u00e7\u00f5es.<\/p>\n<p>A forma redonda da rolha, elaborada com cer\u00e2mica de alta qualidade, n\u00e3o s\u00f3 proporciona um acabamento distintivo e artesanal, como tamb\u00e9m assegura uma adapta\u00e7\u00e3o perfeita \u00e0s suas garrafas, mantendo o conte\u00fado fresco e protegido. Esta rolha \u00e9 mais do que um acess\u00f3rio; \u00e9 um s\u00edmbolo da rica heran\u00e7a cultural de Espanha que fascina tanto locais como turistas.<\/p>\n<p>A Ol\u00e9 Mosaic, como distribuidor de recorda\u00e7\u00f5es por grosso, oferece esta rolha de cer\u00e2mica como uma excelente op\u00e7\u00e3o para lojas de presentes tur\u00edsticos que procuram produtos aut\u00eanticos e representativos. Ideal para quem deseja levar um peda\u00e7o de Espanha consigo, esta rolha \u00e9 um presente encantador e uma recorda\u00e7\u00e3o memor\u00e1vel que celebra a paix\u00e3o e a arte da cultura espanhola.<\/p>\n","protected":false},"excerpt":{"rendered":"<p>Rolha de cer\u00e2mica decorada com um design vibrante de touros, ideal para dar um toque espanhol \u00e0s suas garrafas. Esta elegante rolha apresenta um motivo colorido e estilizado de um touro, juntamente com um sol radiante e flores, design artesanal, pintado \u00e0 m\u00e3o, sobre um fundo branco. A sua forma redonda e o material cer\u00e2mico conferem-lhe um acabamento distintivo e artesanal, tornando-a uma recorda\u00e7\u00e3o perfeita que evoca a tradi\u00e7\u00e3o e a cultura espanhola.<\/p>\n","protected":false},"featured_media":8544,"template":"","meta":{"_acf_changed":false},"product_brand":[],"product_cat":[831],"product_tag":[516,515],"class_list":{"0":"post-34864","1":"product","2":"type-product","3":"status-publish","4":"has-post-thumbnail","6":"product_cat-rolhas","7":"product_tag-animais","8":"product_tag-ceramica","9":"pa_motivo-touros","11":"first","12":"instock","13":"shipping-taxable","14":"product-type-simple"},"acf":[],"_links":{"self":[{"href":"https:\/\/olemosaic.com\/pt-pt\/wp-json\/wp\/v2\/product\/34864","targetHints":{"allow":["GET"]}}],"collection":[{"href":"https:\/\/olemosaic.com\/pt-pt\/wp-json\/wp\/v2\/product"}],"about":[{"href":"https:\/\/olemosaic.com\/pt-pt\/wp-json\/wp\/v2\/types\/product"}],"wp:featuredmedia":[{"embeddable":true,"href":"https:\/\/olemosaic.com\/pt-pt\/wp-json\/wp\/v2\/media\/8544"}],"wp:attachment":[{"href":"https:\/\/olemosaic.com\/pt-pt\/wp-json\/wp\/v2\/media?parent=34864"}],"wp:term":[{"taxonomy":"product_brand","embeddable":true,"href":"https:\/\/olemosaic.com\/pt-pt\/wp-json\/wp\/v2\/product_brand?post=34864"},{"taxonomy":"product_cat","embeddable":true,"href":"https:\/\/olemosaic.com\/pt-pt\/wp-json\/wp\/v2\/product_cat?post=34864"},{"taxonomy":"product_tag","embeddable":true,"href":"https:\/\/olemosaic.com\/pt-pt\/wp-json\/wp\/v2\/product_tag?post=34864"}],"curies":[{"name":"wp","href":"https:\/\/api.w.org\/{rel}","templated":true}]}}