{"id":34861,"date":"2025-02-20T22:34:34","date_gmt":"2025-02-20T22:34:34","guid":{"rendered":"http:\/\/olemosaic.com\/producto\/tapon-de-ceramica-salamandra-mallorca-beige\/"},"modified":"2025-07-25T18:38:39","modified_gmt":"2025-07-25T16:38:39","slug":"rolha-de-ceramica-salamandra-maiorca-bege","status":"publish","type":"product","link":"https:\/\/olemosaic.com\/pt-pt\/produto\/rolha-de-ceramica-salamandra-maiorca-bege\/","title":{"rendered":"Rolha de cer\u00e2mica. Salamandra. Maiorca. Bege."},"content":{"rendered":"<p>Esta rolha de cer\u00e2mica, decorada com uma vibrante salamandra, \u00e9 o souvenir ideal para capturar a ess\u00eancia de Maiorca. Com um acabamento em tons bege, esta elegante rolha n\u00e3o s\u00f3 \u00e9 funcional, como tamb\u00e9m \u00e9 uma pe\u00e7a art\u00edstica representativa da fauna local. A salamandra, emblema da ilha, est\u00e1 adornada com um design multicolor em azul, verde, vermelho e amarelo, conferindo um toque de vida e alegria. Rodeada de flores delicadas em tons vivos, esta obra reflete o ambiente natural e vibrante de Maiorca, transformando cada rolha numa pe\u00e7a \u00fanica e evocativa da heran\u00e7a da ilha.<\/p>\n<p>Na parte superior, o texto &#8220;MALLORCA&#8221; est\u00e1 sublimado, adicionando um detalhe distintivo que recorda aos visitantes a sua experi\u00eancia nesta bela ilha balear. Esta rolha \u00e9 uma excelente op\u00e7\u00e3o para quem procura um souvenir aut\u00eantico que combine utilidade e est\u00e9tica, ideal para manter as suas garrafas fechadas com estilo.<\/p>\n<p>A Ol\u00e9 Mosaic orgulha-se de distribuir estas rolhas de cer\u00e2mica por grosso, perfeitas para lojas de presentes tur\u00edsticos que desejem oferecer recorda\u00e7\u00f5es aut\u00eanticas e representativas de Maiorca. Esta rolha \u00e9 mais do que um simples acess\u00f3rio; \u00e9 uma celebra\u00e7\u00e3o da arte e da cultura maiorquinas, e uma forma perfeita de levar um peda\u00e7o da ilha para casa.<\/p>\n","protected":false},"excerpt":{"rendered":"<p>Rolha de cer\u00e2mica decorada com uma colorida salamandra, representativa da fauna de Maiorca. Esta original rolha apresenta um acabamento em tons bege e vibrantes detalhes em verde, azul, vermelho e amarelo. A salamandra est\u00e1 rodeada de flores delicadas, o que adiciona um toque art\u00edstico ao design. Com a palavra &#8220;MALLORCA&#8221; sublimada na parte superior, \u00e9 um souvenir perfeito para recordar a beleza da ilha balear e, ao mesmo tempo, manter as suas garrafas fechadas.<\/p>\n","protected":false},"featured_media":7732,"template":"","meta":{"_acf_changed":false},"product_brand":[],"product_cat":[831],"product_tag":[516,515],"class_list":{"0":"post-34861","1":"product","2":"type-product","3":"status-publish","4":"has-post-thumbnail","6":"product_cat-rolhas","7":"product_tag-animais","8":"product_tag-ceramica","9":"pa_ciudad-mallorca","10":"pa_motivo-salamandras","11":"pa_pais-espana","13":"first","14":"instock","15":"shipping-taxable","16":"product-type-simple"},"acf":[],"_links":{"self":[{"href":"https:\/\/olemosaic.com\/pt-pt\/wp-json\/wp\/v2\/product\/34861","targetHints":{"allow":["GET"]}}],"collection":[{"href":"https:\/\/olemosaic.com\/pt-pt\/wp-json\/wp\/v2\/product"}],"about":[{"href":"https:\/\/olemosaic.com\/pt-pt\/wp-json\/wp\/v2\/types\/product"}],"wp:featuredmedia":[{"embeddable":true,"href":"https:\/\/olemosaic.com\/pt-pt\/wp-json\/wp\/v2\/media\/7732"}],"wp:attachment":[{"href":"https:\/\/olemosaic.com\/pt-pt\/wp-json\/wp\/v2\/media?parent=34861"}],"wp:term":[{"taxonomy":"product_brand","embeddable":true,"href":"https:\/\/olemosaic.com\/pt-pt\/wp-json\/wp\/v2\/product_brand?post=34861"},{"taxonomy":"product_cat","embeddable":true,"href":"https:\/\/olemosaic.com\/pt-pt\/wp-json\/wp\/v2\/product_cat?post=34861"},{"taxonomy":"product_tag","embeddable":true,"href":"https:\/\/olemosaic.com\/pt-pt\/wp-json\/wp\/v2\/product_tag?post=34861"}],"curies":[{"name":"wp","href":"https:\/\/api.w.org\/{rel}","templated":true}]}}