{"id":34860,"date":"2025-02-20T22:34:34","date_gmt":"2025-02-20T22:34:34","guid":{"rendered":"http:\/\/olemosaic.com\/producto\/tapon-de-ceramica-valencia-blanco\/"},"modified":"2025-07-25T18:43:40","modified_gmt":"2025-07-25T16:43:40","slug":"rolha-de-ceramica-valencia-branco","status":"publish","type":"product","link":"https:\/\/olemosaic.com\/pt-pt\/produto\/rolha-de-ceramica-valencia-branco\/","title":{"rendered":"Rolha de cer\u00e2mica. Val\u00eancia. Branco."},"content":{"rendered":"<p>Esta rolha de cer\u00e2mica, decorada com uma vibrante representa\u00e7\u00e3o de Val\u00eancia, \u00e9 um souvenir emblem\u00e1tico que captura a ess\u00eancia desta bela cidade. O seu design colorido apresenta uma ilustra\u00e7\u00e3o de monumentos ic\u00f3nicos como a Cidade das Artes e das Ci\u00eancias e a hist\u00f3rica Lota da Seda, ambos recriados com detalhe e em tonalidades vivas que se destacam sobre um fundo branco, conferindo luminosidade e frescura ao objeto. O nome &#8220;Val\u00eancia&#8221; destaca-se em letras chamativas, tornando esta rolha uma recorda\u00e7\u00e3o distinta da rica cultura e arquitetura da regi\u00e3o.<\/p>\n<p>Fabricada com corpo de corti\u00e7a, esta rolha \u00e9 funcional e pr\u00e1tica, ideal para tapar garrafas e manter o seu conte\u00fado fresco, ao mesmo tempo que se torna um atraente objeto decorativo. O seu design art\u00edstico torna-a um excelente motivo de conversa em qualquer casa, transportando quem a observa para as ruas ensolaradas de Val\u00eancia. Esta rolha \u00e9 mais do que um simples artigo de cozinha; representa uma liga\u00e7\u00e3o cultural not\u00e1vel com a cidade, recordando aos turistas a majestade do seu patrim\u00f3nio.<\/p>\n<p>Na Ol\u00e9 Mosaic, especializamo-nos na distribui\u00e7\u00e3o de souvenirs por grosso, oferecendo produtos aut\u00eanticos que refletem a identidade de cada destino. Esta rolha de cer\u00e2mica \u00e9 uma op\u00e7\u00e3o perfeita para lojas de presentes tur\u00edsticos que procuram artigos \u00fanicos e de qualidade. Um souvenir de Val\u00eancia que se destaca, ideal para quem deseja levar consigo um peda\u00e7o desta maravilhosa cidade.<\/p>\n","protected":false},"excerpt":{"rendered":"<p>Rolha de cer\u00e2mica decorada com uma vibrante representa\u00e7\u00e3o de Val\u00eancia. Esta elegante rolha apresenta um design colorido com ilustra\u00e7\u00f5es de monumentos emblem\u00e1ticos, como a Cidade das Artes e das Ci\u00eancias e a Lota da Seda, sobre um fundo branco que real\u00e7a a sua beleza. Al\u00e9m disso, exibe o nome &#8220;Val\u00eancia&#8221; em letras chamativas, o que completa o seu apelo art\u00edstico. Fabricada com corpo de corti\u00e7a, \u00e9 uma pe\u00e7a funcional que tamb\u00e9m serve como um distinto souvenir.<\/p>\n","protected":false},"featured_media":9893,"template":"","meta":{"_acf_changed":false},"product_brand":[],"product_cat":[831],"product_tag":[515],"class_list":{"0":"post-34860","1":"product","2":"type-product","3":"status-publish","4":"has-post-thumbnail","6":"product_cat-rolhas","7":"product_tag-ceramica","8":"pa_ciudad-valencia","9":"pa_pais-espana","11":"first","12":"instock","13":"shipping-taxable","14":"product-type-simple"},"acf":[],"_links":{"self":[{"href":"https:\/\/olemosaic.com\/pt-pt\/wp-json\/wp\/v2\/product\/34860","targetHints":{"allow":["GET"]}}],"collection":[{"href":"https:\/\/olemosaic.com\/pt-pt\/wp-json\/wp\/v2\/product"}],"about":[{"href":"https:\/\/olemosaic.com\/pt-pt\/wp-json\/wp\/v2\/types\/product"}],"wp:featuredmedia":[{"embeddable":true,"href":"https:\/\/olemosaic.com\/pt-pt\/wp-json\/wp\/v2\/media\/9893"}],"wp:attachment":[{"href":"https:\/\/olemosaic.com\/pt-pt\/wp-json\/wp\/v2\/media?parent=34860"}],"wp:term":[{"taxonomy":"product_brand","embeddable":true,"href":"https:\/\/olemosaic.com\/pt-pt\/wp-json\/wp\/v2\/product_brand?post=34860"},{"taxonomy":"product_cat","embeddable":true,"href":"https:\/\/olemosaic.com\/pt-pt\/wp-json\/wp\/v2\/product_cat?post=34860"},{"taxonomy":"product_tag","embeddable":true,"href":"https:\/\/olemosaic.com\/pt-pt\/wp-json\/wp\/v2\/product_tag?post=34860"}],"curies":[{"name":"wp","href":"https:\/\/api.w.org\/{rel}","templated":true}]}}