{"id":34859,"date":"2025-02-20T23:34:34","date_gmt":"2025-02-20T22:34:34","guid":{"rendered":"http:\/\/olemosaic.com\/producto\/tapon-de-ceramica-patio-blanco\/"},"modified":"2025-07-25T18:38:37","modified_gmt":"2025-07-25T16:38:37","slug":"rolha-de-ceramica-patio-branco","status":"publish","type":"product","link":"https:\/\/olemosaic.com\/pt-pt\/produto\/rolha-de-ceramica-patio-branco\/","title":{"rendered":"Rolha de cer\u00e2mica. P\u00e1tio. Branco."},"content":{"rendered":"<p>Esta rolha de cer\u00e2mica decorada com uma encantadora ilustra\u00e7\u00e3o de bailarinos \u00e9 uma aut\u00eantica lembran\u00e7a que captura a ess\u00eancia da cultura andaluza. Sobre um fundo branco que simula o caracter\u00edstico mosaico de cer\u00e2mica, a rolha mostra uma vibrante cena com efeito pintado \u00e0 m\u00e3o: uma bailarina com um cativante vestido de bolas vermelhas e um elegante bailarino de fato preto dan\u00e7ando com gra\u00e7a, evocando a paix\u00e3o do flamenco num t\u00edpico p\u00e1tio andaluz. Cada detalhe da ilustra\u00e7\u00e3o, desde o leque da bailarina at\u00e9 \u00e0 postura do bailarino, reflete a tradi\u00e7\u00e3o e a arte desta rica cultura.<\/p>\n<p>Esta rolha n\u00e3o \u00e9 apenas um artigo pr\u00e1tico para selar garrafas, mas tamb\u00e9m uma recorda\u00e7\u00e3o significativa que transporta quem a admira para as festas calorosas e tradi\u00e7\u00f5es vibrantes da Andaluzia. O seu design art\u00edstico torna-a uma magn\u00edfica op\u00e7\u00e3o para quem procura lembran\u00e7as de cer\u00e2mica que falem da autenticidade e do folclore espanhol. Na Ol\u00e9 Mosaic, somos especialistas na distribui\u00e7\u00e3o de souvenirs por grosso e oferecemos produtos que se destacam pela sua qualidade e valor cultural. Esta rolha decorativa \u00e9 uma adi\u00e7\u00e3o ideal para lojas de presentes tur\u00edsticos que desejem oferecer uma lembran\u00e7a que celebre a rica heran\u00e7a cultural de Espanha, transformando cada garrafa numa elegante homenagem \u00e0 Andaluzia.<\/p>\n","protected":false},"excerpt":{"rendered":"<p>Rolha de cer\u00e2mica decorada com uma encantadora ilustra\u00e7\u00e3o de um casal de bailarinos num p\u00e1tio andaluz. Esta atraente rolha branca apresenta uma bel\u00edssima cena de design artesanal, pintada \u00e0 m\u00e3o, com uma bailarina de vestido de bolas vermelhas e um bailarino de fato preto, que acentuam o seu movimento elegante sobre um fundo que simula o caracter\u00edstico mosaico de cer\u00e2mica. Ideal para adicionar um toque cultural a qualquer garrafa.<\/p>\n","protected":false},"featured_media":8427,"template":"","meta":{"_acf_changed":false},"product_brand":[],"product_cat":[831],"product_tag":[515],"class_list":{"0":"post-34859","1":"product","2":"type-product","3":"status-publish","4":"has-post-thumbnail","6":"product_cat-rolhas","7":"product_tag-ceramica","8":"pa_motivo-patios","10":"first","11":"instock","12":"shipping-taxable","13":"product-type-simple"},"acf":[],"_links":{"self":[{"href":"https:\/\/olemosaic.com\/pt-pt\/wp-json\/wp\/v2\/product\/34859","targetHints":{"allow":["GET"]}}],"collection":[{"href":"https:\/\/olemosaic.com\/pt-pt\/wp-json\/wp\/v2\/product"}],"about":[{"href":"https:\/\/olemosaic.com\/pt-pt\/wp-json\/wp\/v2\/types\/product"}],"wp:featuredmedia":[{"embeddable":true,"href":"https:\/\/olemosaic.com\/pt-pt\/wp-json\/wp\/v2\/media\/8427"}],"wp:attachment":[{"href":"https:\/\/olemosaic.com\/pt-pt\/wp-json\/wp\/v2\/media?parent=34859"}],"wp:term":[{"taxonomy":"product_brand","embeddable":true,"href":"https:\/\/olemosaic.com\/pt-pt\/wp-json\/wp\/v2\/product_brand?post=34859"},{"taxonomy":"product_cat","embeddable":true,"href":"https:\/\/olemosaic.com\/pt-pt\/wp-json\/wp\/v2\/product_cat?post=34859"},{"taxonomy":"product_tag","embeddable":true,"href":"https:\/\/olemosaic.com\/pt-pt\/wp-json\/wp\/v2\/product_tag?post=34859"}],"curies":[{"name":"wp","href":"https:\/\/api.w.org\/{rel}","templated":true}]}}