{"id":34823,"date":"2025-02-20T23:34:33","date_gmt":"2025-02-20T22:34:33","guid":{"rendered":"http:\/\/olemosaic.com\/producto\/casa-batllo-figura-de-resina-de-8-cm-pintada-a-mano\/"},"modified":"2025-07-25T19:46:55","modified_gmt":"2025-07-25T17:46:55","slug":"casa-batllo-figura-de-resina-de-8-cm-pintada-a-mao","status":"publish","type":"product","link":"https:\/\/olemosaic.com\/pt-pt\/produto\/casa-batllo-figura-de-resina-de-8-cm-pintada-a-mao\/","title":{"rendered":"Casa Batll\u00f3. Figura de mosaico de 8 cm."},"content":{"rendered":"<p>Este souvenir, a figura de resina da emblem\u00e1tica Casa Batll\u00f3, \u00e9 uma pe\u00e7a imprescind\u00edvel para qualquer amante da arquitetura modernista. Com os seus 8 cm de altura, esta figura artesanal \u00e9 meticulosamente pintada \u00e0 m\u00e3o para capturar cada detalhe deste ic\u00f3nico edif\u00edcio desenhado por Antoni Gaud\u00ed. A representa\u00e7\u00e3o inclui as caracter\u00edsticas varandas onduladas e o vibrante telhado que tornaram a Casa Batll\u00f3 num s\u00edmbolo da criatividade catal\u00e3. As cores vibrantes \u2014 que v\u00e3o desde exuberantes verdes e azuis at\u00e9 cativantes toques de vermelho e amarelo \u2014 real\u00e7am a beleza do design, fazendo com que cada figura seja \u00fanica e cheia de vida.<\/p>\n<p>Este artigo n\u00e3o \u00e9 apenas uma representa\u00e7\u00e3o visual da obra-prima arquitet\u00f3nica que se encontra no cora\u00e7\u00e3o de Barcelona, mas tamb\u00e9m uma recorda\u00e7\u00e3o cultural que evoca a pr\u00f3pria ess\u00eancia da cidade. \u00c9 uma excelente op\u00e7\u00e3o para turistas que procuram levar um pedacinho da rica heran\u00e7a arquitet\u00f3nica barcelonesa. Na Ol\u00e9 Mosaic, orgulhamo-nos de oferecer este e outros souvenirs de qualidade por grosso, ideal para lojas de presentes tur\u00edsticos que desejem surpreender os seus clientes com produtos aut\u00eanticos. Dotada de um encanto especial e um valor cultural significativo, esta figura da Casa Batll\u00f3 \u00e9, sem d\u00favida, um souvenir de destaque que n\u00e3o deveria faltar na sua cole\u00e7\u00e3o.<\/p>\n","protected":false},"excerpt":{"rendered":"<p>Figura de 8 cm que representa a emblem\u00e1tica Casa Batll\u00f3 de Barcelona. Esta pe\u00e7a artesanal, com design artesanal e pintada \u00e0 m\u00e3o, captura com detalhe as ic\u00f3nicas varandas e o colorido telhado do famoso edif\u00edcio desenhado por Antoni Gaud\u00ed. As cores vibrantes, que v\u00e3o do verde e azul a toques de vermelho e amarelo, refletem a criatividade do arquiteto modernista, tornando esta figura num souvenir ideal que evoca a beleza \u00fanica da arquitetura catal\u00e3.<\/p>\n","protected":false},"featured_media":6856,"template":"","meta":{"_acf_changed":false},"product_brand":[],"product_cat":[552],"product_tag":[],"class_list":{"0":"post-34823","1":"product","2":"type-product","3":"status-publish","4":"has-post-thumbnail","6":"product_cat-numeros","7":"pa_ciudad-barcelona","8":"pa_motivo-casa-batllo","9":"pa_pais-espana","11":"first","12":"instock","13":"shipping-taxable","14":"product-type-simple"},"acf":[],"_links":{"self":[{"href":"https:\/\/olemosaic.com\/pt-pt\/wp-json\/wp\/v2\/product\/34823","targetHints":{"allow":["GET"]}}],"collection":[{"href":"https:\/\/olemosaic.com\/pt-pt\/wp-json\/wp\/v2\/product"}],"about":[{"href":"https:\/\/olemosaic.com\/pt-pt\/wp-json\/wp\/v2\/types\/product"}],"wp:featuredmedia":[{"embeddable":true,"href":"https:\/\/olemosaic.com\/pt-pt\/wp-json\/wp\/v2\/media\/6856"}],"wp:attachment":[{"href":"https:\/\/olemosaic.com\/pt-pt\/wp-json\/wp\/v2\/media?parent=34823"}],"wp:term":[{"taxonomy":"product_brand","embeddable":true,"href":"https:\/\/olemosaic.com\/pt-pt\/wp-json\/wp\/v2\/product_brand?post=34823"},{"taxonomy":"product_cat","embeddable":true,"href":"https:\/\/olemosaic.com\/pt-pt\/wp-json\/wp\/v2\/product_cat?post=34823"},{"taxonomy":"product_tag","embeddable":true,"href":"https:\/\/olemosaic.com\/pt-pt\/wp-json\/wp\/v2\/product_tag?post=34823"}],"curies":[{"name":"wp","href":"https:\/\/api.w.org\/{rel}","templated":true}]}}