{"id":34822,"date":"2025-02-20T23:34:32","date_gmt":"2025-02-20T22:34:32","guid":{"rendered":"http:\/\/olemosaic.com\/producto\/6-vasos-de-chupito-de-vidrio-metalizado-8\/"},"modified":"2025-07-25T19:24:59","modified_gmt":"2025-07-25T17:24:59","slug":"6-copos-de-shot-de-vidro-metalizado-8","status":"publish","type":"product","link":"https:\/\/olemosaic.com\/pt-pt\/produto\/6-copos-de-shot-de-vidro-metalizado-8\/","title":{"rendered":"6 copos de shot de vidro metalizado. Gran Canaria."},"content":{"rendered":"<p>Este conjunto de seis copos de shot de vidro metalizado \u00e9 uma vibrante homenagem \u00e0 cultura de Gran Canaria, ideal para quem procura um souvenir aut\u00eantico e festivo. Cada copo apresenta um design \u00fanico adornado com coloridos motivos de lagartos, cuidadosamente elaborados em tons de azul, verde, amarelo, roxo, celeste e vermelho, que evocam a rica biodiversidade da ilha. A inscri\u00e7\u00e3o &#8220;Gran Canaria&#8221; em cada copo n\u00e3o s\u00f3 adiciona um toque local, como tamb\u00e9m real\u00e7a a liga\u00e7\u00e3o com a sua origem.<\/p>\n<p>O acabamento metalizado destes copos permite que cada cor brilhe intensamente, tornando-os um elemento decorativo cativante, perfeito para qualquer celebra\u00e7\u00e3o ou reuni\u00e3o. Estes copos, ideais para desfrutar de bebidas, convidam a partilhar momentos especiais e tornam-se uma recorda\u00e7\u00e3o tang\u00edvel das alegrias das Ilhas Can\u00e1rias.<\/p>\n<p>Como distribuidores de souvenirs por grosso, na Ol\u00e9 Mosaic oferecemos uma ampla sele\u00e7\u00e3o de produtos representativos e de qualidade, e este conjunto n\u00e3o \u00e9 exce\u00e7\u00e3o. \u00c9 uma op\u00e7\u00e3o excelente para lojas de presentes tur\u00edsticos que procuram oferecer aos seus clientes algo aut\u00eantico e significativo. Com estes copos de shot de Gran Canaria, os turistas encontrar\u00e3o uma recorda\u00e7\u00e3o \u00fanica que reflete a alegria e o colorido desta encantadora ilha.<\/p>\n","protected":false},"excerpt":{"rendered":"<p>Conjunto de seis copos de shot de vidro metalizado, inspirados na cultura de Gran Canaria. Cada copo apresenta um design vibrante com motivos de lagartos em diferentes cores: azul, verde, amarelo, roxo, celeste e vermelho. A decora\u00e7\u00e3o completa-se com a inscri\u00e7\u00e3o \u201cGran Canaria\u201d, que adiciona um toque local e alegre. Estes copos s\u00e3o perfeitos para desfrutar das suas bebidas favoritas e, al\u00e9m disso, resultam num souvenir decorativo muito atrativo.<\/p>\n","protected":false},"featured_media":11215,"template":"","meta":{"_acf_changed":false},"product_brand":[],"product_cat":[815],"product_tag":[],"class_list":{"0":"post-34822","1":"product","2":"type-product","3":"status-publish","4":"has-post-thumbnail","6":"product_cat-copos-de-shot","7":"pa_ciudad-gran-canaria","8":"pa_motivo-salamandras","9":"pa_pais-espana","11":"first","12":"instock","13":"shipping-taxable","14":"product-type-simple"},"acf":[],"_links":{"self":[{"href":"https:\/\/olemosaic.com\/pt-pt\/wp-json\/wp\/v2\/product\/34822","targetHints":{"allow":["GET"]}}],"collection":[{"href":"https:\/\/olemosaic.com\/pt-pt\/wp-json\/wp\/v2\/product"}],"about":[{"href":"https:\/\/olemosaic.com\/pt-pt\/wp-json\/wp\/v2\/types\/product"}],"wp:featuredmedia":[{"embeddable":true,"href":"https:\/\/olemosaic.com\/pt-pt\/wp-json\/wp\/v2\/media\/11215"}],"wp:attachment":[{"href":"https:\/\/olemosaic.com\/pt-pt\/wp-json\/wp\/v2\/media?parent=34822"}],"wp:term":[{"taxonomy":"product_brand","embeddable":true,"href":"https:\/\/olemosaic.com\/pt-pt\/wp-json\/wp\/v2\/product_brand?post=34822"},{"taxonomy":"product_cat","embeddable":true,"href":"https:\/\/olemosaic.com\/pt-pt\/wp-json\/wp\/v2\/product_cat?post=34822"},{"taxonomy":"product_tag","embeddable":true,"href":"https:\/\/olemosaic.com\/pt-pt\/wp-json\/wp\/v2\/product_tag?post=34822"}],"curies":[{"name":"wp","href":"https:\/\/api.w.org\/{rel}","templated":true}]}}