{"id":34821,"date":"2025-02-20T23:34:32","date_gmt":"2025-02-20T22:34:32","guid":{"rendered":"http:\/\/olemosaic.com\/producto\/6-vasos-de-chupito-de-vidrio-metalizado-7\/"},"modified":"2025-07-25T19:06:51","modified_gmt":"2025-07-25T17:06:51","slug":"6-copos-de-shot-de-vidro-metalizado-7","status":"publish","type":"product","link":"https:\/\/olemosaic.com\/pt-pt\/produto\/6-copos-de-shot-de-vidro-metalizado-7\/","title":{"rendered":"6 copos de shot de vidro metalizado. Arte Flamenca."},"content":{"rendered":"<p>Este conjunto de seis copos de shot de vidro metalizado \u00e9 uma encantadora amostra da ess\u00eancia cultural espanhola, ideal para quem procura souvenirs aut\u00eanticos e vibrantes. Cada copo apresenta um design \u00fanico e colorido, adornado com ilustra\u00e7\u00f5es de personagens folcl\u00f3ricas, guitarras e cadeiras de flamenco, elementos que evocam a rica tradi\u00e7\u00e3o espanhola. Os bordos metalizados, numa alegre paleta de vermelho, amarelo, verde, p\u00farpura, azul e turquesa, oferecem um toque moderno e festivo, perfeito para qualquer celebra\u00e7\u00e3o.<\/p>\n<p>O vidro transparente permite que as alegres ilustra\u00e7\u00f5es se destaquem, enquanto o acabamento metalizado adiciona um brilho especial, conferindo um ar de eleg\u00e2ncia a cada brinde. Este conjunto n\u00e3o s\u00f3 \u00e9 funcional, como tamb\u00e9m atua como uma brilhante recorda\u00e7\u00e3o das coloridas festas e da vibrante vida cultural de Espanha. Ideal para partilhar momentos com amigos e familiares, \u00e9 um imprescind\u00edvel para qualquer cole\u00e7\u00e3o de souvenirs.<\/p>\n<p>Na Ol\u00e9 Mosaic, a nossa miss\u00e3o \u00e9 oferecer \u00e0s lojas de presentes tur\u00edsticos produtos aut\u00eanticos, e este conjunto de copos de shot \u00e9 uma op\u00e7\u00e3o excecional para quem deseja levar para casa um fragmento do esp\u00edrito espanhol. Como distribuidores de artigos representativos de Espanha, garantimos a qualidade e autenticidade de cada um dos nossos produtos, assegurando a sua relev\u00e2ncia cultural e atratividade no mercado.<\/p>\n","protected":false},"excerpt":{"rendered":"<p>Conjunto de seis copos de shot de vidro metalizado que capturam a ess\u00eancia cultural de Espanha. Cada copo apresenta um design vibrante e colorido, adornado com ilustra\u00e7\u00f5es de personagens folcl\u00f3ricas e elementos tradicionais, como guitarras e cadeiras de flamenco. Os bordos metalizados, em tons de vermelho, amarelo, verde, roxo, azul e turquesa, adicionam um toque moderno e festivo. Perfeitos para celebrar com estilo e partilhar o esp\u00edrito espanhol em cada brinde.<\/p>\n","protected":false},"featured_media":11186,"template":"","meta":{"_acf_changed":false},"product_brand":[],"product_cat":[815],"product_tag":[],"class_list":{"0":"post-34821","1":"product","2":"type-product","3":"status-publish","4":"has-post-thumbnail","6":"product_cat-copos-de-shot","7":"pa_motivo-patios","9":"first","10":"instock","11":"shipping-taxable","12":"product-type-simple"},"acf":[],"_links":{"self":[{"href":"https:\/\/olemosaic.com\/pt-pt\/wp-json\/wp\/v2\/product\/34821","targetHints":{"allow":["GET"]}}],"collection":[{"href":"https:\/\/olemosaic.com\/pt-pt\/wp-json\/wp\/v2\/product"}],"about":[{"href":"https:\/\/olemosaic.com\/pt-pt\/wp-json\/wp\/v2\/types\/product"}],"wp:featuredmedia":[{"embeddable":true,"href":"https:\/\/olemosaic.com\/pt-pt\/wp-json\/wp\/v2\/media\/11186"}],"wp:attachment":[{"href":"https:\/\/olemosaic.com\/pt-pt\/wp-json\/wp\/v2\/media?parent=34821"}],"wp:term":[{"taxonomy":"product_brand","embeddable":true,"href":"https:\/\/olemosaic.com\/pt-pt\/wp-json\/wp\/v2\/product_brand?post=34821"},{"taxonomy":"product_cat","embeddable":true,"href":"https:\/\/olemosaic.com\/pt-pt\/wp-json\/wp\/v2\/product_cat?post=34821"},{"taxonomy":"product_tag","embeddable":true,"href":"https:\/\/olemosaic.com\/pt-pt\/wp-json\/wp\/v2\/product_tag?post=34821"}],"curies":[{"name":"wp","href":"https:\/\/api.w.org\/{rel}","templated":true}]}}