{"id":34820,"date":"2025-02-20T23:34:32","date_gmt":"2025-02-20T22:34:32","guid":{"rendered":"http:\/\/olemosaic.com\/producto\/6-vasos-de-chupito-de-vidrio-metalizado-6\/"},"modified":"2025-07-25T19:03:55","modified_gmt":"2025-07-25T17:03:55","slug":"6-copos-de-shot-de-vidro-metalizado-6","status":"publish","type":"product","link":"https:\/\/olemosaic.com\/pt-pt\/produto\/6-copos-de-shot-de-vidro-metalizado-6\/","title":{"rendered":"6 copos de shot de vidro metalizado. Espanha."},"content":{"rendered":"<p>Este conjunto de seis copos de shot de vidro metalizado \u00e9 um artigo imprescind\u00edvel para quem deseja adicionar um toque da ess\u00eancia espanhola \u00e0s suas celebra\u00e7\u00f5es. Cada copo apresenta um design vibrante e atrativo em cores metalizadas: azul, verde, vermelho, amarelo, turquesa e p\u00farpura. Adornados com ilustra\u00e7\u00f5es de touros, estes copos n\u00e3o s\u00f3 capturam a rica tradi\u00e7\u00e3o cultural de Espanha, como tamb\u00e9m evocam a alegria das festas e a arte de brindar em companhia. A palavra &#8220;ESPANHA&#8221;, gravada em letras elegantes em cada copo, real\u00e7a a autenticidade deste souvenir, tornando-o uma recorda\u00e7\u00e3o representativa e chamativa.<\/p>\n<p>Com o seu acabamento metalizado, cada copo reflete a luz de forma espetacular, adicionando um toque de cor e um ambiente festivo a qualquer reuni\u00e3o. Ideais para desfrutar de shots de licor ou cocktails, estes copos s\u00e3o perfeitos para partilhar risos e bons momentos com amigos e familiares. Ao ser um souvenir pr\u00e1tico, s\u00e3o uma excelente op\u00e7\u00e3o para os turistas que procuram levar consigo um peda\u00e7o da cultura espanhola.<\/p>\n<p>Na Ol\u00e9 Mosaic, como grossista de copos de shot, garantimos a distribui\u00e7\u00e3o de produtos aut\u00eanticos e de qualidade, perfeitos para lojas de presentes tur\u00edsticos que desejam oferecer souvenirs memor\u00e1veis de Espanha. Estes copos de shot metalizados s\u00e3o ideais para quem procura uma recorda\u00e7\u00e3o que combine funcionalidade e estilo, capturando a ess\u00eancia da festa espanhola em cada copo.<\/p>\n","protected":false},"excerpt":{"rendered":"<p>Copos de shot de vidro metalizado, ideais para brindar em qualquer celebra\u00e7\u00e3o. Cada copo apresenta um design vibrante em cores metalizadas, com ilustra\u00e7\u00f5es de touros que representam a tradi\u00e7\u00e3o espanhola, juntamente com a palavra &#8220;ESPANHA&#8221; em letras elegantes. Este conjunto de seis copos, em tons de azul, verde, vermelho, amarelo, turquesa e roxo, \u00e9 perfeito para adicionar um toque festivo \u00e0s suas reuni\u00f5es e desfrutar de uma experi\u00eancia aut\u00eantica.<\/p>\n","protected":false},"featured_media":11185,"template":"","meta":{"_acf_changed":false},"product_brand":[],"product_cat":[815],"product_tag":[516],"class_list":{"0":"post-34820","1":"product","2":"type-product","3":"status-publish","4":"has-post-thumbnail","6":"product_cat-copos-de-shot","7":"product_tag-animais","8":"pa_motivo-touros","10":"first","11":"instock","12":"shipping-taxable","13":"product-type-simple"},"acf":[],"_links":{"self":[{"href":"https:\/\/olemosaic.com\/pt-pt\/wp-json\/wp\/v2\/product\/34820","targetHints":{"allow":["GET"]}}],"collection":[{"href":"https:\/\/olemosaic.com\/pt-pt\/wp-json\/wp\/v2\/product"}],"about":[{"href":"https:\/\/olemosaic.com\/pt-pt\/wp-json\/wp\/v2\/types\/product"}],"wp:featuredmedia":[{"embeddable":true,"href":"https:\/\/olemosaic.com\/pt-pt\/wp-json\/wp\/v2\/media\/11185"}],"wp:attachment":[{"href":"https:\/\/olemosaic.com\/pt-pt\/wp-json\/wp\/v2\/media?parent=34820"}],"wp:term":[{"taxonomy":"product_brand","embeddable":true,"href":"https:\/\/olemosaic.com\/pt-pt\/wp-json\/wp\/v2\/product_brand?post=34820"},{"taxonomy":"product_cat","embeddable":true,"href":"https:\/\/olemosaic.com\/pt-pt\/wp-json\/wp\/v2\/product_cat?post=34820"},{"taxonomy":"product_tag","embeddable":true,"href":"https:\/\/olemosaic.com\/pt-pt\/wp-json\/wp\/v2\/product_tag?post=34820"}],"curies":[{"name":"wp","href":"https:\/\/api.w.org\/{rel}","templated":true}]}}