{"id":34819,"date":"2025-02-20T23:34:32","date_gmt":"2025-02-20T22:34:32","guid":{"rendered":"http:\/\/olemosaic.com\/producto\/6-vasos-de-chupito-de-vidrio-metalizado-5\/"},"modified":"2025-07-25T18:54:35","modified_gmt":"2025-07-25T16:54:35","slug":"6-copos-de-shot-de-vidro-metalizado-5","status":"publish","type":"product","link":"https:\/\/olemosaic.com\/pt-pt\/produto\/6-copos-de-shot-de-vidro-metalizado-5\/","title":{"rendered":"6 copos de shot de vidro metalizado. Festa."},"content":{"rendered":"<p>Este conjunto de seis copos de shot de vidro metalizado \u00e9 a escolha perfeita para quem procura uma recorda\u00e7\u00e3o aut\u00eantica de Espanha que combine funcionalidade e est\u00e9tica. Cada copo \u00e9 desenhado com motivos coloridos que evocam o vibrante folclore espanhol, destacando ilustra\u00e7\u00f5es de bailaoras em atitude festiva. A paleta de cores inclui tons vibrantes como verdes, azuis, vermelhos e amarelos, que contrastam com a transpar\u00eancia del vidro, conseguindo um efeito visual alegre e contempor\u00e2neo que certamente animar\u00e1 qualquer celebra\u00e7\u00e3o.<\/p>\n<p>Estas pe\u00e7as s\u00e3o ideais tanto para o uso di\u00e1rio como para momentos especiais, onde se procura reviver a ess\u00eancia da cultura espanhola. A sua elabora\u00e7\u00e3o em vidro metalizado n\u00e3o s\u00f3 confere um toque distintivo, mas tamb\u00e9m assegura durabilidade e eleg\u00e2ncia, tornando-os souvenirs perfeitos para turistas ou como ofertas simb\u00f3licas que transmitem o calor e a alegria da festa espanhola.<\/p>\n<p>Ao ser um produto representativo da rica tradi\u00e7\u00e3o cultural de Espanha, este conjunto de copos de shot torna-se uma excelente op\u00e7\u00e3o para lojas de presentes tur\u00edsticos que desejem oferecer aos seus clientes um toque de autenticidade. Na Ol\u00e9 Mosaic, como grossista de souvenirs de Espanha, garantimos a qualidade e o design atrativo de cada produto, assegurando que cada copo seja uma recorda\u00e7\u00e3o memor\u00e1vel e uma celebra\u00e7\u00e3o da cultura espanhola.<\/p>\n","protected":false},"excerpt":{"rendered":"<p>Conjunto de seis shots de vidro metalizado, perfeitos para partilhar com amigos e recordar a ess\u00eancia de Espanha. Cada copo apresenta designs coloridos e metalizados, com ilustra\u00e7\u00f5es que evocam o folclore espanhol, como bailaoras em plena festa. As cores vibrantes de cada copo, que incluem verdes, azuis, vermelhos e amarelos, contrastam com a transpar\u00eancia do vidro, conferindo um toque alegre e contempor\u00e2neo a qualquer celebra\u00e7\u00e3o. Ideais como recorda\u00e7\u00e3o ou para uso di\u00e1rio, estes copos s\u00e3o uma pe\u00e7a distintiva para quem aprecia a cultura espanhola.<\/p>\n","protected":false},"featured_media":11184,"template":"","meta":{"_acf_changed":false},"product_brand":[],"product_cat":[815],"product_tag":[],"class_list":{"0":"post-34819","1":"product","2":"type-product","3":"status-publish","4":"has-post-thumbnail","6":"product_cat-copos-de-shot","7":"pa_motivo-dancarinos","9":"first","10":"instock","11":"shipping-taxable","12":"product-type-simple"},"acf":[],"_links":{"self":[{"href":"https:\/\/olemosaic.com\/pt-pt\/wp-json\/wp\/v2\/product\/34819","targetHints":{"allow":["GET"]}}],"collection":[{"href":"https:\/\/olemosaic.com\/pt-pt\/wp-json\/wp\/v2\/product"}],"about":[{"href":"https:\/\/olemosaic.com\/pt-pt\/wp-json\/wp\/v2\/types\/product"}],"wp:featuredmedia":[{"embeddable":true,"href":"https:\/\/olemosaic.com\/pt-pt\/wp-json\/wp\/v2\/media\/11184"}],"wp:attachment":[{"href":"https:\/\/olemosaic.com\/pt-pt\/wp-json\/wp\/v2\/media?parent=34819"}],"wp:term":[{"taxonomy":"product_brand","embeddable":true,"href":"https:\/\/olemosaic.com\/pt-pt\/wp-json\/wp\/v2\/product_brand?post=34819"},{"taxonomy":"product_cat","embeddable":true,"href":"https:\/\/olemosaic.com\/pt-pt\/wp-json\/wp\/v2\/product_cat?post=34819"},{"taxonomy":"product_tag","embeddable":true,"href":"https:\/\/olemosaic.com\/pt-pt\/wp-json\/wp\/v2\/product_tag?post=34819"}],"curies":[{"name":"wp","href":"https:\/\/api.w.org\/{rel}","templated":true}]}}