{"id":34807,"date":"2025-02-20T23:34:32","date_gmt":"2025-02-20T22:34:32","guid":{"rendered":"http:\/\/olemosaic.com\/producto\/saleros-de-ceramica-salamandra-mallorca-beige-2\/"},"modified":"2025-07-25T19:01:42","modified_gmt":"2025-07-25T17:01:42","slug":"saleiros-de-ceramica-salamandra-maiorca-bege-2","status":"publish","type":"product","link":"https:\/\/olemosaic.com\/pt-pt\/produto\/saleiros-de-ceramica-salamandra-maiorca-bege-2\/","title":{"rendered":"Saleiros de cer\u00e2mica. Salamandra e flores. Maiorca. Bege."},"content":{"rendered":"<p>Este conjunto de saleiros de cer\u00e2mica, inspirado na biodiversidade de Maiorca, \u00e9 um acess\u00f3rio encantador que confere um toque mediterr\u00e2nico a qualquer mesa. Cada saleiro, elaborado em cer\u00e2mica de alta qualidade, apresenta um design vibrante em tons de bege, adornado com coloridas ilustra\u00e7\u00f5es de salamandras e flores que evocam a rica flora e fauna da ilha. Os detalhes pintados \u00e0 m\u00e3o n\u00e3o s\u00f3 real\u00e7am o artesanato do produto, como tamb\u00e9m celebram a cultura local e as suas tradi\u00e7\u00f5es art\u00edsticas. O distintivo tamp\u00e3o vermelho acrescenta um elemento de frescura e originalidade, conferindo a cada saleiro um car\u00e1ter \u00fanico e atraente.<\/p>\n<p>Estes saleiros de Maiorca n\u00e3o s\u00e3o apenas funcionais, mas tamb\u00e9m uma representa\u00e7\u00e3o perfeita do estilo de vida relaxado e colorido da ilha. O seu design transmite o calor e a diversidade do ambiente mediterr\u00e2nico, tornando-os uma excelente op\u00e7\u00e3o para quem procura recorda\u00e7\u00f5es aut\u00eanticas que capturem a ess\u00eancia da sua experi\u00eancia em Maiorca. Na Ol\u00e9 Mosaic, especializamo-nos na distribui\u00e7\u00e3o de recorda\u00e7\u00f5es de qualidade por grosso, e estes saleiros s\u00e3o ideais para lojas de presentes tur\u00edsticos que desejem oferecer produtos que reflitam a cultura e o folclore local. Eleve a experi\u00eancia gastron\u00f3mica dos seus clientes com estas aut\u00eanticas recorda\u00e7\u00f5es de cer\u00e2mica, que s\u00e3o tamb\u00e9m uma lembran\u00e7a duradoura da beleza de Maiorca.<\/p>\n","protected":false},"excerpt":{"rendered":"<p>Saleiros de cer\u00e2mica inspirados na rica biodiversidade de Maiorca, com um design vibrante em tons de bege. Cada saleiro apresenta uma colorida ilustra\u00e7\u00e3o de salamandras e flores, que real\u00e7a o car\u00e1ter mediterr\u00e2nico da ilha. Os detalhes pintados \u00e0 m\u00e3o e o toque brilhante do tamp\u00e3o vermelho conferem-lhes um encanto artesanal, tornando-os o acess\u00f3rio perfeito para qualquer mesa que queira adicionar um ar fresco e original, muito t\u00edpico de Maiorca.<\/p>\n","protected":false},"featured_media":7692,"template":"","meta":{"_acf_changed":false},"product_brand":[],"product_cat":[821],"product_tag":[516,515],"class_list":{"0":"post-34807","1":"product","2":"type-product","3":"status-publish","4":"has-post-thumbnail","6":"product_cat-saleiros","7":"product_tag-animais","8":"product_tag-ceramica","9":"pa_ciudad-mallorca","10":"pa_motivo-salamandras","11":"pa_pais-espana","13":"first","14":"instock","15":"shipping-taxable","16":"product-type-simple"},"acf":[],"_links":{"self":[{"href":"https:\/\/olemosaic.com\/pt-pt\/wp-json\/wp\/v2\/product\/34807","targetHints":{"allow":["GET"]}}],"collection":[{"href":"https:\/\/olemosaic.com\/pt-pt\/wp-json\/wp\/v2\/product"}],"about":[{"href":"https:\/\/olemosaic.com\/pt-pt\/wp-json\/wp\/v2\/types\/product"}],"wp:featuredmedia":[{"embeddable":true,"href":"https:\/\/olemosaic.com\/pt-pt\/wp-json\/wp\/v2\/media\/7692"}],"wp:attachment":[{"href":"https:\/\/olemosaic.com\/pt-pt\/wp-json\/wp\/v2\/media?parent=34807"}],"wp:term":[{"taxonomy":"product_brand","embeddable":true,"href":"https:\/\/olemosaic.com\/pt-pt\/wp-json\/wp\/v2\/product_brand?post=34807"},{"taxonomy":"product_cat","embeddable":true,"href":"https:\/\/olemosaic.com\/pt-pt\/wp-json\/wp\/v2\/product_cat?post=34807"},{"taxonomy":"product_tag","embeddable":true,"href":"https:\/\/olemosaic.com\/pt-pt\/wp-json\/wp\/v2\/product_tag?post=34807"}],"curies":[{"name":"wp","href":"https:\/\/api.w.org\/{rel}","templated":true}]}}