{"id":34806,"date":"2025-02-20T23:34:32","date_gmt":"2025-02-20T22:34:32","guid":{"rendered":"http:\/\/olemosaic.com\/producto\/saleros-de-ceramica-salamandra-mallorca-beige\/"},"modified":"2025-07-25T18:47:00","modified_gmt":"2025-07-25T16:47:00","slug":"saleiros-de-ceramica-salamandra-maiorca-bege","status":"publish","type":"product","link":"https:\/\/olemosaic.com\/pt-pt\/produto\/saleiros-de-ceramica-salamandra-maiorca-bege\/","title":{"rendered":"Saleiros de cer\u00e2mica. Salamandra. Maiorca. Bege."},"content":{"rendered":"<p>Este conjunto de saleiros de cer\u00e2mica \u00e9 uma atraente e engenhosa recorda\u00e7\u00e3o de Maiorca, perfeito para quem deseja levar um peda\u00e7o da beleza mediterr\u00e2nica para casa. Cada saleiro, elaborado em cer\u00e2mica de alta qualidade, apresenta um design vibrante e colorido que evoca a riqueza da vida marinha. As ilustra\u00e7\u00f5es mostram cavalos-marinhos e golfinhos num ambiente repleto de corais coloridos e estrelas-do-mar, tudo pintado \u00e0 m\u00e3o com um cuidado excecional. Os detalhes meticulosos s\u00e3o emoldurados por um fundo branco brilhante que real\u00e7a a vivacidade das cores, incluindo tonalidades de azul e vermelho que capturam a ess\u00eancia do oceano.<\/p>\n<p>A tampa de cer\u00e2mica em cor bege acrescenta um toque de eleg\u00e2ncia e sofistica\u00e7\u00e3o, transformando estes saleiros em elementos decorativos que complementam qualquer mesa com um esp\u00edrito mediterr\u00e2nico. Esta recorda\u00e7\u00e3o de Maiorca n\u00e3o \u00e9 apenas funcional, mas tamb\u00e9m uma pe\u00e7a de conversa que recorda aos turistas a beleza natural das costas da ilha. Na Ol\u00e9 Mosaic, somos distribuidores de recorda\u00e7\u00f5es aut\u00eanticas e representativas, e estes saleiros s\u00e3o uma excelente op\u00e7\u00e3o para lojas de presentes tur\u00edsticos que procuram produtos de qualidade que reflitam a cultura e a arte local. Por isso, os nossos saleiros de cer\u00e2mica s\u00e3o a op\u00e7\u00e3o ideal para quem deseja levar uma recorda\u00e7\u00e3o \u00fanica de Maiorca para casa.<\/p>\n","protected":false},"excerpt":{"rendered":"<p>Saleiros de cer\u00e2mica decorados com motivos marinhos, inspirados na beleza de Maiorca. Cada saleiro apresenta um design vibrante com cavalos-marinhos e golfinhos, rodeados de corais coloridos e estrelas-do-mar. Os detalhes s\u00e3o pintados \u00e0 m\u00e3o, com um acabamento em tons de azul e vermelho sobre um fundo branco brilhante. A tampa de cer\u00e2mica em cor bege acrescenta um toque de eleg\u00e2ncia, transformando estes saleiros num elemento decorativo e funcional encantador para qualquer mesa.<\/p>\n","protected":false},"featured_media":7865,"template":"","meta":{"_acf_changed":false},"product_brand":[],"product_cat":[821],"product_tag":[516,515],"class_list":{"0":"post-34806","1":"product","2":"type-product","3":"status-publish","4":"has-post-thumbnail","6":"product_cat-saleiros","7":"product_tag-animais","8":"product_tag-ceramica","9":"pa_ciudad-mallorca","10":"pa_motivo-salamandras","11":"pa_pais-espana","13":"first","14":"instock","15":"shipping-taxable","16":"product-type-simple"},"acf":[],"_links":{"self":[{"href":"https:\/\/olemosaic.com\/pt-pt\/wp-json\/wp\/v2\/product\/34806","targetHints":{"allow":["GET"]}}],"collection":[{"href":"https:\/\/olemosaic.com\/pt-pt\/wp-json\/wp\/v2\/product"}],"about":[{"href":"https:\/\/olemosaic.com\/pt-pt\/wp-json\/wp\/v2\/types\/product"}],"wp:featuredmedia":[{"embeddable":true,"href":"https:\/\/olemosaic.com\/pt-pt\/wp-json\/wp\/v2\/media\/7865"}],"wp:attachment":[{"href":"https:\/\/olemosaic.com\/pt-pt\/wp-json\/wp\/v2\/media?parent=34806"}],"wp:term":[{"taxonomy":"product_brand","embeddable":true,"href":"https:\/\/olemosaic.com\/pt-pt\/wp-json\/wp\/v2\/product_brand?post=34806"},{"taxonomy":"product_cat","embeddable":true,"href":"https:\/\/olemosaic.com\/pt-pt\/wp-json\/wp\/v2\/product_cat?post=34806"},{"taxonomy":"product_tag","embeddable":true,"href":"https:\/\/olemosaic.com\/pt-pt\/wp-json\/wp\/v2\/product_tag?post=34806"}],"curies":[{"name":"wp","href":"https:\/\/api.w.org\/{rel}","templated":true}]}}