{"id":34776,"date":"2025-02-20T23:34:31","date_gmt":"2025-02-20T22:34:31","guid":{"rendered":"http:\/\/olemosaic.com\/producto\/4-bols-de-coco-de-13-x-6-cm-delfin-2\/"},"modified":"2025-07-25T20:22:26","modified_gmt":"2025-07-25T18:22:26","slug":"4-tacas-de-coco-de-13-x-6-cm-golfinho-2","status":"publish","type":"product","link":"https:\/\/olemosaic.com\/pt-pt\/produto\/4-tacas-de-coco-de-13-x-6-cm-golfinho-2\/","title":{"rendered":"4 Ta\u00e7as de coco de 13 x 6 cm. Golfinho."},"content":{"rendered":"<p>Este conjunto de quatro ta\u00e7as de coco decorativas \u00e9 uma homenagem \u00e0 beleza marinha, desenhado para evocar a frescura dos oceanos. Cada ta\u00e7a, com um tamanho de 13 x 6 cm, apresenta uma cor de fundo vibrante em tons de azul, vermelho, laranja e f\u00facsia, conferindo um toque alegre e festivo a qualquer mesa. Os elegantes bordos em estilo mosaico acrescentam um acabamento sofisticado, enquanto os golfinhos pintados num branco puro e brilhante se destacam com gra\u00e7a sobre cada fundo colorido, simbolizando a liberdade e a alegria do mar. Ideais tanto para servir aperitivos como para serem utilizadas como pe\u00e7as decorativas modernas, estas ta\u00e7as s\u00e3o perfeitas para quem deseja enriquecer a sua casa com um elemento t\u00edpico das regi\u00f5es costeiras.<\/p>\n<p>Estas lembran\u00e7as, que refletem a ess\u00eancia do estilo de vida mediterr\u00e2nico, s\u00e3o uma excelente op\u00e7\u00e3o para turistas que procuram recorda\u00e7\u00f5es aut\u00eanticas e representativas da cultura marinha. Na Ol\u00e9 Mosaic, como grossista de lembran\u00e7as, oferecemos produtos artesanais que captam a magia do mar e a sua biodiversidade. Este conjunto de ta\u00e7as de coco n\u00e3o \u00e9 apenas um artigo funcional, mas tamb\u00e9m uma bela recorda\u00e7\u00e3o que representa a liga\u00e7\u00e3o com a natureza e o encanto da vida costeira. Um presente ideal para lojas de presentes tur\u00edsticos que desejem oferecer artigos \u00fanicos e com um significado cultural profundo.<\/p>\n","protected":false},"excerpt":{"rendered":"<p>Conjunto de quatro ta\u00e7as de coco de 13 x 6 cm decoradas com alegres golfinhos. Cada ta\u00e7a apresenta uma cor de fundo vibrante: azul, vermelho, laranja e f\u00facsia, com um elegante bordo de estilo mosaico. Os golfinhos, pintados num branco imaculado, destacam-se com gra\u00e7a sobre o fundo colorido, conferindo um toque alegre e marinho. Ideais para servir aperitivos ou como modernas pe\u00e7as decorativas, estas ta\u00e7as evocam a frescura e a beleza do mar.<\/p>\n","protected":false},"featured_media":13821,"template":"","meta":{"_acf_changed":false},"product_brand":[],"product_cat":[513],"product_tag":[516],"class_list":{"0":"post-34776","1":"product","2":"type-product","3":"status-publish","4":"has-post-thumbnail","6":"product_cat-bols","7":"product_tag-animais","8":"pa_motivo-golfinhos","10":"first","11":"instock","12":"shipping-taxable","13":"product-type-simple"},"acf":[],"_links":{"self":[{"href":"https:\/\/olemosaic.com\/pt-pt\/wp-json\/wp\/v2\/product\/34776","targetHints":{"allow":["GET"]}}],"collection":[{"href":"https:\/\/olemosaic.com\/pt-pt\/wp-json\/wp\/v2\/product"}],"about":[{"href":"https:\/\/olemosaic.com\/pt-pt\/wp-json\/wp\/v2\/types\/product"}],"wp:featuredmedia":[{"embeddable":true,"href":"https:\/\/olemosaic.com\/pt-pt\/wp-json\/wp\/v2\/media\/13821"}],"wp:attachment":[{"href":"https:\/\/olemosaic.com\/pt-pt\/wp-json\/wp\/v2\/media?parent=34776"}],"wp:term":[{"taxonomy":"product_brand","embeddable":true,"href":"https:\/\/olemosaic.com\/pt-pt\/wp-json\/wp\/v2\/product_brand?post=34776"},{"taxonomy":"product_cat","embeddable":true,"href":"https:\/\/olemosaic.com\/pt-pt\/wp-json\/wp\/v2\/product_cat?post=34776"},{"taxonomy":"product_tag","embeddable":true,"href":"https:\/\/olemosaic.com\/pt-pt\/wp-json\/wp\/v2\/product_tag?post=34776"}],"curies":[{"name":"wp","href":"https:\/\/api.w.org\/{rel}","templated":true}]}}