{"id":34775,"date":"2025-02-20T23:34:31","date_gmt":"2025-02-20T22:34:31","guid":{"rendered":"http:\/\/olemosaic.com\/producto\/4-bols-de-coco-de-13-x-6-cm-tortuga-3\/"},"modified":"2025-07-25T19:01:40","modified_gmt":"2025-07-25T17:01:40","slug":"4-tacas-de-coco-de-13-x-6-cm-tartaruga-3","status":"publish","type":"product","link":"https:\/\/olemosaic.com\/pt-pt\/produto\/4-tacas-de-coco-de-13-x-6-cm-tartaruga-3\/","title":{"rendered":"4 Ta\u00e7as de coco de 13 x 6 cm. Tartaruga."},"content":{"rendered":"<p>Este conjunto de quatro ta\u00e7as de coco decoradas com simp\u00e1ticas tartarugas \u00e9 uma adi\u00e7\u00e3o vibrante a qualquer cole\u00e7\u00e3o de recorda\u00e7\u00f5es. Cada ta\u00e7a, de 13 x 6 cm, apresenta um acabamento brilhante que reflete um estilo alegre e tropical. As tonalidades vibrantes de azul, vermelho, laranja e f\u00facsia captam a ess\u00eancia do calor mediterr\u00e2nico, enquanto o motivo da tartaruga pintado no centro de cada ta\u00e7a confere um toque \u00fanico e distintivo. Os detalhes brancos que rodeiam a tartaruga evocam uma sensa\u00e7\u00e3o de frescura e autenticidade, real\u00e7ando o car\u00e1ter artesanal destes artigos.<\/p>\n<p>Origin\u00e1rias de zonas costeiras onde a tartaruga \u00e9 considerada um s\u00edmbolo de longevidade e sabedoria, estas ta\u00e7as n\u00e3o s\u00f3 s\u00e3o \u00fateis para servir aperitivos, como tamb\u00e9m funcionam como elementos decorativos que evocam mem\u00f3rias de ver\u00e3o e escapadelas ex\u00f3ticas. O seu design colorido e alegre torna-as uma op\u00e7\u00e3o ideal para as lojas de presentes tur\u00edsticos que procuram oferecer produtos representativos da cultura mediterr\u00e2nica.<\/p>\n<p>Na Ol\u00e9 Mosaic, somos distribuidores de recorda\u00e7\u00f5es aut\u00eanticas e apelativas, e estas ta\u00e7as de coco s\u00e3o uma excelente op\u00e7\u00e3o para os turistas que procuram levar consigo um peda\u00e7o da vibrante cultura mar\u00edtima. Com este conjunto, garantimos qualidade e um design excecional, tornando-as um valor acrescentado para qualquer neg\u00f3cio.<\/p>\n","protected":false},"excerpt":{"rendered":"<p>Ta\u00e7as de coco de 13 x 6 cm decoradas com simp\u00e1ticas tartarugas. Este conjunto colorido inclui quatro ta\u00e7as em tons vibrantes de azul, vermelho, laranja e f\u00facsia, cada uma com uma tartaruga pintada no centro. O design, com um acabamento brilhante e detalhes em branco, evoca um estilo alegre e tropical. Perfeitas como elementos decorativos ou para servir aperitivos, estas ta\u00e7as s\u00e3o ideais para adicionar um toque ex\u00f3tico a qualquer mesa.<\/p>\n","protected":false},"featured_media":10633,"template":"","meta":{"_acf_changed":false},"product_brand":[],"product_cat":[513],"product_tag":[516],"class_list":{"0":"post-34775","1":"product","2":"type-product","3":"status-publish","4":"has-post-thumbnail","6":"product_cat-bols","7":"product_tag-animais","8":"pa_motivo-tartarugas","10":"first","11":"instock","12":"shipping-taxable","13":"product-type-simple"},"acf":[],"_links":{"self":[{"href":"https:\/\/olemosaic.com\/pt-pt\/wp-json\/wp\/v2\/product\/34775","targetHints":{"allow":["GET"]}}],"collection":[{"href":"https:\/\/olemosaic.com\/pt-pt\/wp-json\/wp\/v2\/product"}],"about":[{"href":"https:\/\/olemosaic.com\/pt-pt\/wp-json\/wp\/v2\/types\/product"}],"wp:featuredmedia":[{"embeddable":true,"href":"https:\/\/olemosaic.com\/pt-pt\/wp-json\/wp\/v2\/media\/10633"}],"wp:attachment":[{"href":"https:\/\/olemosaic.com\/pt-pt\/wp-json\/wp\/v2\/media?parent=34775"}],"wp:term":[{"taxonomy":"product_brand","embeddable":true,"href":"https:\/\/olemosaic.com\/pt-pt\/wp-json\/wp\/v2\/product_brand?post=34775"},{"taxonomy":"product_cat","embeddable":true,"href":"https:\/\/olemosaic.com\/pt-pt\/wp-json\/wp\/v2\/product_cat?post=34775"},{"taxonomy":"product_tag","embeddable":true,"href":"https:\/\/olemosaic.com\/pt-pt\/wp-json\/wp\/v2\/product_tag?post=34775"}],"curies":[{"name":"wp","href":"https:\/\/api.w.org\/{rel}","templated":true}]}}