{"id":34773,"date":"2025-02-20T23:34:30","date_gmt":"2025-02-20T22:34:30","guid":{"rendered":"http:\/\/olemosaic.com\/producto\/4-bols-de-coco-de-13-x-6-cm-tortuga-mallorca-2\/"},"modified":"2025-07-25T20:37:38","modified_gmt":"2025-07-25T18:37:38","slug":"4-tacas-de-coco-de-13-x-6-cm-tartaruga-maiorca-2","status":"publish","type":"product","link":"https:\/\/olemosaic.com\/pt-pt\/produto\/4-tacas-de-coco-de-13-x-6-cm-tartaruga-maiorca-2\/","title":{"rendered":"4 Ta\u00e7as de coco de 13 x 6 cm. Tartaruga. Maiorca."},"content":{"rendered":"<p>Este jogo de quatro ta\u00e7as de coco, de 13 x 6 cm, \u00e9 uma adi\u00e7\u00e3o vibrante e distintiva que evoca a beleza e o encanto de Maiorca. Cada ta\u00e7a est\u00e1 meticulosamente decorada com motivos de tartaruga, um s\u00edmbolo ic\u00f3nico da ilha, que real\u00e7a o amor pelo mar e pela natureza. A paleta de cores inclui tons vibrantes de azul, vermelho, amarelo e rosa, criando um efeito visual impactante. O acabamento brilhante real\u00e7a os detalhes em forma de cora\u00e7\u00f5es, conferindo um toque l\u00fadico e alegre que encarna a ess\u00eancia mediterr\u00e2nica.<\/p>\n<p>Estas vers\u00e1teis ta\u00e7as n\u00e3o s\u00e3o apenas ideais para servir aperitivos, mas tamb\u00e9m funcionam como elementos decorativos \u00fanicos que adicionar\u00e3o car\u00e1ter a qualquer casa. A liga\u00e7\u00e3o cultural destas ta\u00e7as com Maiorca manifesta-se no seu design, que reflete a rica biodiversidade e a abund\u00e2ncia da vida marinha que rodeia a ilha. Como lembran\u00e7as de Maiorca, estas ta\u00e7as de coco s\u00e3o uma op\u00e7\u00e3o excelente para turistas que procuram levar um peda\u00e7o da cultura local.<\/p>\n<p>Na Ol\u00e9 Mosaic, especializamo-nos na distribui\u00e7\u00e3o de lembran\u00e7as por grosso, e estas ta\u00e7as s\u00e3o um exemplo perfeito de como capturar a ess\u00eancia de um lugar num objeto funcional e decorativo. A sua autenticidade e estilo tornam-nas um presente ideal para aqueles que procuram uma pe\u00e7a representativa da beleza de Maiorca.<\/p>\n","protected":false},"excerpt":{"rendered":"<p>Ta\u00e7as de coco de 13 x 6 cm, decoradas com encantadores motivos de tartaruga, ideais para dar um toque distintivo a qualquer casa. Cada ta\u00e7a apresenta uma vibrante paleta de cores, incluindo azul, vermelho, amarelo e rosa, com um acabamento brilhante que real\u00e7a os detalhes em forma de cora\u00e7\u00f5es. Com o texto \u201cMAIORCA\u201d posicionando a tartaruga como s\u00edmbolo ic\u00f3nico, estas vers\u00e1teis ta\u00e7as s\u00e3o perfeitas para servir aperitivos ou como elemento decorativo, refletindo a ess\u00eancia mediterr\u00e2nica da ilha.<\/p>\n","protected":false},"featured_media":10682,"template":"","meta":{"_acf_changed":false},"product_brand":[],"product_cat":[513],"product_tag":[516],"class_list":{"0":"post-34773","1":"product","2":"type-product","3":"status-publish","4":"has-post-thumbnail","6":"product_cat-bols","7":"product_tag-animais","8":"pa_ciudad-mallorca","9":"pa_motivo-tartarugas","10":"pa_pais-espana","12":"first","13":"instock","14":"shipping-taxable","15":"product-type-simple"},"acf":[],"_links":{"self":[{"href":"https:\/\/olemosaic.com\/pt-pt\/wp-json\/wp\/v2\/product\/34773","targetHints":{"allow":["GET"]}}],"collection":[{"href":"https:\/\/olemosaic.com\/pt-pt\/wp-json\/wp\/v2\/product"}],"about":[{"href":"https:\/\/olemosaic.com\/pt-pt\/wp-json\/wp\/v2\/types\/product"}],"wp:featuredmedia":[{"embeddable":true,"href":"https:\/\/olemosaic.com\/pt-pt\/wp-json\/wp\/v2\/media\/10682"}],"wp:attachment":[{"href":"https:\/\/olemosaic.com\/pt-pt\/wp-json\/wp\/v2\/media?parent=34773"}],"wp:term":[{"taxonomy":"product_brand","embeddable":true,"href":"https:\/\/olemosaic.com\/pt-pt\/wp-json\/wp\/v2\/product_brand?post=34773"},{"taxonomy":"product_cat","embeddable":true,"href":"https:\/\/olemosaic.com\/pt-pt\/wp-json\/wp\/v2\/product_cat?post=34773"},{"taxonomy":"product_tag","embeddable":true,"href":"https:\/\/olemosaic.com\/pt-pt\/wp-json\/wp\/v2\/product_tag?post=34773"}],"curies":[{"name":"wp","href":"https:\/\/api.w.org\/{rel}","templated":true}]}}