{"id":34772,"date":"2025-02-20T23:34:30","date_gmt":"2025-02-20T22:34:30","guid":{"rendered":"http:\/\/olemosaic.com\/producto\/4-bols-de-coco-de-13-x-6-cm-flor-2\/"},"modified":"2025-07-25T19:06:29","modified_gmt":"2025-07-25T17:06:29","slug":"4-tacas-de-coco-de-13-x-6-cm-flor-2","status":"publish","type":"product","link":"https:\/\/olemosaic.com\/pt-pt\/produto\/4-tacas-de-coco-de-13-x-6-cm-flor-2\/","title":{"rendered":"4 Ta\u00e7as de coco de 13 x 6 cm. Flor. Estilo artesanal."},"content":{"rendered":"<p>Este conjunto de quatro ta\u00e7as de coco de 13 x 6 cm \u00e9 a escolha perfeita para quem procura lembran\u00e7as aut\u00eanticas que reflitam a riqueza da arte folcl\u00f3rica. Cada ta\u00e7a \u00e9 cuidadosamente decorada com delicados motivos florais em vibrantes tons de azul, laranja, vermelho e dourado, o que confere um toque de cor e eleg\u00e2ncia a qualquer apresenta\u00e7\u00e3o. A t\u00e9cnica de pintura utilizada real\u00e7a a singularidade de cada pe\u00e7a, transformando cada ta\u00e7a numa obra de arte em si mesma.<\/p>\n<p>As ta\u00e7as t\u00eam uma forma arredondada que as torna ideais para servir aperitivos, frutos secos ou para us\u00e1-las como elementos decorativos na casa, evocando a ess\u00eancia cultural do ambiente mediterr\u00e2nico. O uso de materiais naturais como o coco destaca a sua liga\u00e7\u00e3o com a tradi\u00e7\u00e3o artesanal, fazendo deste conjunto uma recorda\u00e7\u00e3o representativa da cultura local.<\/p>\n<p>A Ol\u00e9 Mosaic orgulha-se de oferecer este tipo de artigos aut\u00eanticos e originais, ideais para lojas de presentes tur\u00edsticos. Estas ta\u00e7as de coco n\u00e3o s\u00e3o apenas funcionais, mas tamb\u00e9m oferecem uma amostra da arte e da diversidade artesanal que caracterizam a regi\u00e3o. Ao escolher este conjunto, os seus clientes n\u00e3o adquirem apenas uma lembran\u00e7a, mas uma pe\u00e7a da cultura espanhola que enriquecer\u00e1 qualquer casa. Como distribuidores de lembran\u00e7as por grosso, garantimos a qualidade e a relev\u00e2ncia cultural de cada produto que oferecemos.<\/p>\n","protected":false},"excerpt":{"rendered":"<p>Ta\u00e7as de coco de 13 x 6 cm, decoradas com delicados motivos florais e acabamentos coloridos. Este conjunto de quatro ta\u00e7as apresenta uma requintada t\u00e9cnica de pintura que real\u00e7a os vibrantes tons azul, laranja, vermelho e dourado, cada um com um design floral \u00fanico. O seu estilo artesanal e forma elegante tornam-nas uma op\u00e7\u00e3o ideal para apresentar aperitivos ou como pe\u00e7a decorativa em qualquer casa, evocando a riqueza da arte folcl\u00f3rica.<\/p>\n","protected":false},"featured_media":10638,"template":"","meta":{"_acf_changed":false},"product_brand":[],"product_cat":[513],"product_tag":[],"class_list":{"0":"post-34772","1":"product","2":"type-product","3":"status-publish","4":"has-post-thumbnail","6":"product_cat-bols","7":"pa_motivo-flores","9":"first","10":"instock","11":"shipping-taxable","12":"product-type-simple"},"acf":[],"_links":{"self":[{"href":"https:\/\/olemosaic.com\/pt-pt\/wp-json\/wp\/v2\/product\/34772","targetHints":{"allow":["GET"]}}],"collection":[{"href":"https:\/\/olemosaic.com\/pt-pt\/wp-json\/wp\/v2\/product"}],"about":[{"href":"https:\/\/olemosaic.com\/pt-pt\/wp-json\/wp\/v2\/types\/product"}],"wp:featuredmedia":[{"embeddable":true,"href":"https:\/\/olemosaic.com\/pt-pt\/wp-json\/wp\/v2\/media\/10638"}],"wp:attachment":[{"href":"https:\/\/olemosaic.com\/pt-pt\/wp-json\/wp\/v2\/media?parent=34772"}],"wp:term":[{"taxonomy":"product_brand","embeddable":true,"href":"https:\/\/olemosaic.com\/pt-pt\/wp-json\/wp\/v2\/product_brand?post=34772"},{"taxonomy":"product_cat","embeddable":true,"href":"https:\/\/olemosaic.com\/pt-pt\/wp-json\/wp\/v2\/product_cat?post=34772"},{"taxonomy":"product_tag","embeddable":true,"href":"https:\/\/olemosaic.com\/pt-pt\/wp-json\/wp\/v2\/product_tag?post=34772"}],"curies":[{"name":"wp","href":"https:\/\/api.w.org\/{rel}","templated":true}]}}