{"id":34771,"date":"2025-02-20T23:34:30","date_gmt":"2025-02-20T22:34:30","guid":{"rendered":"http:\/\/olemosaic.com\/producto\/4-bols-de-coco-de-13-x-6-cm-delfin-mallorca-4\/"},"modified":"2025-07-25T20:28:17","modified_gmt":"2025-07-25T18:28:17","slug":"4-tacas-de-coco-de-13-x-6-cm-golfinho-maiorca-4","status":"publish","type":"product","link":"https:\/\/olemosaic.com\/pt-pt\/produto\/4-tacas-de-coco-de-13-x-6-cm-golfinho-maiorca-4\/","title":{"rendered":"4 Ta\u00e7as de coco de 13 x 6 cm. Golfinho. Maiorca. Estilo mediterr\u00e2nico."},"content":{"rendered":"<p>Este jogo de quatro ta\u00e7as de coco, decoradas com vibrantes mosaicos e a encantadora figura de um golfinho, \u00e9 um reflexo da beleza de Maiorca. Cada ta\u00e7a, de 13 x 6 cm, apresenta um design pintado \u00e0 m\u00e3o no qual as varia\u00e7\u00f5es de cor, desde lilases e azuis at\u00e9 dourados e alaranjados, evocam os tons do Mediterr\u00e2neo. As superf\u00edcies das ta\u00e7as est\u00e3o adornadas com delicados motivos, como cora\u00e7\u00f5es e flores, que adicionam um toque alegre e colorido, real\u00e7ando o seu apelo visual.<\/p>\n<p>Com a palavra &#8220;Maiorca&#8221; impressa em cada ta\u00e7a, estas lembran\u00e7as oferecem uma recorda\u00e7\u00e3o tang\u00edvel do tempo passado nesta ilha paradis\u00edaca. A figura do golfinho, s\u00edmbolo da alegria do mar Mediterr\u00e2neo, refor\u00e7a a sua liga\u00e7\u00e3o cultural com o ambiente marinho de Maiorca e a rica fauna que habita nas suas \u00e1guas.<\/p>\n<p>Ideais para turistas que procuram lembran\u00e7as aut\u00eanticas e representativas, estas ta\u00e7as de coco n\u00e3o s\u00e3o apenas decorativas, mas tamb\u00e9m funcionais. S\u00e3o perfeitas para servir aperitivos ou como um elemento decorativo distintivo na casa. Na Ol\u00e9 Mosaic, como distribuidores de lembran\u00e7as por grosso, garantimos a qualidade e autenticidade de cada pe\u00e7a, o que torna este jogo uma excelente op\u00e7\u00e3o para lojas de presentes tur\u00edsticos que desejem oferecer produtos com um aut\u00eantico sabor mediterr\u00e2nico.<\/p>\n","protected":false},"excerpt":{"rendered":"<p>Ta\u00e7a de coco de 13 x 6 cm, decorada com coloridos mosaicos e a figura de um golfinho, inspirada na beleza de Maiorca. Este conjunto de quatro ta\u00e7as apresenta um design artesanal, pintado \u00e0 m\u00e3o, com varia\u00e7\u00f5es nos tons, que v\u00e3o desde lilases e azuis at\u00e9 dourados e alaranjados. Cada ta\u00e7a tem impressa a palavra &#8220;Maiorca&#8221;, capturando a ess\u00eancia do Mediterr\u00e2neo e tornando-as uma excelente recorda\u00e7\u00e3o ou decora\u00e7\u00e3o para a sua casa.<\/p>\n","protected":false},"featured_media":10704,"template":"","meta":{"_acf_changed":false},"product_brand":[],"product_cat":[513],"product_tag":[516],"class_list":{"0":"post-34771","1":"product","2":"type-product","3":"status-publish","4":"has-post-thumbnail","6":"product_cat-bols","7":"product_tag-animais","8":"pa_ciudad-mallorca","9":"pa_motivo-golfinhos","10":"pa_pais-espana","12":"first","13":"instock","14":"shipping-taxable","15":"product-type-simple"},"acf":[],"_links":{"self":[{"href":"https:\/\/olemosaic.com\/pt-pt\/wp-json\/wp\/v2\/product\/34771","targetHints":{"allow":["GET"]}}],"collection":[{"href":"https:\/\/olemosaic.com\/pt-pt\/wp-json\/wp\/v2\/product"}],"about":[{"href":"https:\/\/olemosaic.com\/pt-pt\/wp-json\/wp\/v2\/types\/product"}],"wp:featuredmedia":[{"embeddable":true,"href":"https:\/\/olemosaic.com\/pt-pt\/wp-json\/wp\/v2\/media\/10704"}],"wp:attachment":[{"href":"https:\/\/olemosaic.com\/pt-pt\/wp-json\/wp\/v2\/media?parent=34771"}],"wp:term":[{"taxonomy":"product_brand","embeddable":true,"href":"https:\/\/olemosaic.com\/pt-pt\/wp-json\/wp\/v2\/product_brand?post=34771"},{"taxonomy":"product_cat","embeddable":true,"href":"https:\/\/olemosaic.com\/pt-pt\/wp-json\/wp\/v2\/product_cat?post=34771"},{"taxonomy":"product_tag","embeddable":true,"href":"https:\/\/olemosaic.com\/pt-pt\/wp-json\/wp\/v2\/product_tag?post=34771"}],"curies":[{"name":"wp","href":"https:\/\/api.w.org\/{rel}","templated":true}]}}