{"id":34758,"date":"2025-02-20T23:34:29","date_gmt":"2025-02-20T22:34:29","guid":{"rendered":"http:\/\/olemosaic.com\/producto\/4-bols-de-coco-de-13-x-6-cm-camino-de-santiago-2\/"},"modified":"2025-07-25T19:20:41","modified_gmt":"2025-07-25T17:20:41","slug":"4-tacas-de-coco-de-13-x-6-cm-caminho-de-santiago-2","status":"publish","type":"product","link":"https:\/\/olemosaic.com\/pt-pt\/produto\/4-tacas-de-coco-de-13-x-6-cm-caminho-de-santiago-2\/","title":{"rendered":"4 Ta\u00e7as de coco de 13 x 6 cm. Caminho de Santiago."},"content":{"rendered":"<p>Este conjunto de quatro ta\u00e7as de coco de 13 x 6 cm \u00e9 uma representa\u00e7\u00e3o vibrante e aut\u00eantica do famoso Caminho de Santiago, ideal como recorda\u00e7\u00e3o para quem deseja levar um peda\u00e7o desta emblem\u00e1tica rota jacobeia. Cada ta\u00e7a destaca-se pelo seu design \u00fanico, cuidadosamente pintado \u00e0 m\u00e3o, e exibe no seu interior mosaicos coloridos com cora\u00e7\u00f5es e flores, criando uma est\u00e9tica alegre e acolhedora. No centro de cada ta\u00e7a, um selo distintivo do Caminho n\u00e3o s\u00f3 embeleza o objeto, como tamb\u00e9m simboliza a rica hist\u00f3ria e cultura associada a esta antiga rota de peregrina\u00e7\u00e3o.<\/p>\n<p>Al\u00e9m de serem pr\u00e1ticas para servir aperitivos, estas ta\u00e7as tamb\u00e9m podem funcionar como encantadoras pe\u00e7as decorativas que evocam a tradi\u00e7\u00e3o e a beleza do Caminho de Santiago. O seu elaborado trabalho artesanal real\u00e7a o compromisso com a autenticidade e a qualidade, transformando cada pe\u00e7a numa recorda\u00e7\u00e3o memor\u00e1vel e representativa da experi\u00eancia do peregrino. Na Ol\u00e9 Mosaic, especializamo-nos na distribui\u00e7\u00e3o de recorda\u00e7\u00f5es por grosso, oferecendo produtos que capturam a ess\u00eancia da sua regi\u00e3o de origem. Estas ta\u00e7as de coco s\u00e3o uma excelente op\u00e7\u00e3o para lojas de recorda\u00e7\u00f5es tur\u00edsticas que procuram oferecer aos seus clientes aut\u00eanticos souvenirs do Caminho de Santiago, garantindo um legado cultural significativo em cada venda.<\/p>\n","protected":false},"excerpt":{"rendered":"<p>Ta\u00e7as de coco de 13 x 6 cm, decoradas com motivos do Caminho de Santiago. Cada ta\u00e7a apresenta um design \u00fanico com mosaicos de cores vibrantes que incluem cora\u00e7\u00f5es e flores, emoldurados com eleg\u00e2ncia em torno de um selo distintivo do Caminho. Pintadas com estilo artesanal, estas ta\u00e7as refletem a riqueza cultural da rota jacobeia, integrando elementos decorativos que evocam a sua hist\u00f3ria e beleza. Perfeitas para servir aperitivos ou como pe\u00e7a decorativa.<\/p>\n","protected":false},"featured_media":10695,"template":"","meta":{"_acf_changed":false},"product_brand":[],"product_cat":[513],"product_tag":[],"class_list":{"0":"post-34758","1":"product","2":"type-product","3":"status-publish","4":"has-post-thumbnail","6":"product_cat-bols","7":"pa_ciudad-santiago","8":"pa_pais-espana","10":"first","11":"instock","12":"shipping-taxable","13":"product-type-simple"},"acf":[],"_links":{"self":[{"href":"https:\/\/olemosaic.com\/pt-pt\/wp-json\/wp\/v2\/product\/34758","targetHints":{"allow":["GET"]}}],"collection":[{"href":"https:\/\/olemosaic.com\/pt-pt\/wp-json\/wp\/v2\/product"}],"about":[{"href":"https:\/\/olemosaic.com\/pt-pt\/wp-json\/wp\/v2\/types\/product"}],"wp:featuredmedia":[{"embeddable":true,"href":"https:\/\/olemosaic.com\/pt-pt\/wp-json\/wp\/v2\/media\/10695"}],"wp:attachment":[{"href":"https:\/\/olemosaic.com\/pt-pt\/wp-json\/wp\/v2\/media?parent=34758"}],"wp:term":[{"taxonomy":"product_brand","embeddable":true,"href":"https:\/\/olemosaic.com\/pt-pt\/wp-json\/wp\/v2\/product_brand?post=34758"},{"taxonomy":"product_cat","embeddable":true,"href":"https:\/\/olemosaic.com\/pt-pt\/wp-json\/wp\/v2\/product_cat?post=34758"},{"taxonomy":"product_tag","embeddable":true,"href":"https:\/\/olemosaic.com\/pt-pt\/wp-json\/wp\/v2\/product_tag?post=34758"}],"curies":[{"name":"wp","href":"https:\/\/api.w.org\/{rel}","templated":true}]}}