{"id":34755,"date":"2025-02-20T23:34:29","date_gmt":"2025-02-20T22:34:29","guid":{"rendered":"http:\/\/olemosaic.com\/producto\/6-vasos-de-chupito-de-vidrio-metalizado-4\/"},"modified":"2025-07-25T18:48:26","modified_gmt":"2025-07-25T16:48:26","slug":"6-copos-de-shot-de-vidro-metalizado-lanzarote","status":"publish","type":"product","link":"https:\/\/olemosaic.com\/pt-pt\/produto\/6-copos-de-shot-de-vidro-metalizado-lanzarote\/","title":{"rendered":"6 copos de shot de vidro metalizado. Lanzarote."},"content":{"rendered":"<p>Este conjunto de 6 copos de shot de vidro metalizado \u00e9 uma homenagem \u00e0 beleza e \u00e0 biodiversidade de Lanzarote. Cada copo apresenta um design exclusivo com vibrantes detalhes met\u00e1licos em tons como azul, verde, vermelho e roxo, que refletem a rica flora local e as ic\u00f3nicas formas naturais da ilha. Com o seu acabamento elegante, estes copos n\u00e3o s\u00e3o apenas ideais para desfrutar de bebidas, mas tamb\u00e9m conferem um toque distintivo a qualquer celebra\u00e7\u00e3o, transformando cada brinde numa ocasi\u00e3o especial.<\/p>\n<p>Os copos apresentam delicados motivos decorativos que evocam as paisagens vulc\u00e2nicas e a vegeta\u00e7\u00e3o singular de Lanzarote, como o emblem\u00e1tico cacto e as ondas do oceano que acariciam a costa. Este souvenir n\u00e3o s\u00f3 captura a ess\u00eancia da ilha, como tamb\u00e9m \u00e9 uma recorda\u00e7\u00e3o perfeita da cultura e da natureza deste destino tur\u00edstico. Ao escolher estes copos como parte da sua cole\u00e7\u00e3o de recorda\u00e7\u00f5es, est\u00e1 a oferecer aos seus clientes uma pe\u00e7a aut\u00eantica que representa a rica heran\u00e7a da ilha.<\/p>\n<p>Na Ol\u00e9 Mosaic, especializamo-nos na distribui\u00e7\u00e3o de souvenirs por grosso, e este conjunto de copos de shot \u00e9 uma excelente op\u00e7\u00e3o para quem procura produtos de qualidade e relev\u00e2ncia cultural para as suas lojas. Com um foco no artesanato e no design exclusivo, estes copos de Lanzarote s\u00e3o a recorda\u00e7\u00e3o ideal para turistas que desejam levar um peda\u00e7o da ilha consigo.<\/p>\n","protected":false},"excerpt":{"rendered":"<p>Conjunto de 6 copos de shot de vidro metalizado que evocam a beleza de Lanzarote. Cada copo apresenta um design \u00fanico com detalhes met\u00e1licos em diversas tonalidades, como azul, verde, vermelho e roxo, exibindo motivos decorativos inspirados na flora local e nas formas ic\u00f3nicas da ilha. Com um acabamento elegante, estes copos s\u00e3o perfeitos para desfrutar das suas bebidas favoritas e adicionar um toque distintivo a qualquer celebra\u00e7\u00e3o.<\/p>\n","protected":false},"featured_media":11214,"template":"","meta":{"_acf_changed":false},"product_brand":[],"product_cat":[815],"product_tag":[],"class_list":{"0":"post-34755","1":"product","2":"type-product","3":"status-publish","4":"has-post-thumbnail","6":"product_cat-copos-de-shot","7":"pa_ciudad-lanzarote","8":"pa_motivo-salamandras","9":"pa_pais-espana","11":"first","12":"instock","13":"shipping-taxable","14":"product-type-simple"},"acf":[],"_links":{"self":[{"href":"https:\/\/olemosaic.com\/pt-pt\/wp-json\/wp\/v2\/product\/34755","targetHints":{"allow":["GET"]}}],"collection":[{"href":"https:\/\/olemosaic.com\/pt-pt\/wp-json\/wp\/v2\/product"}],"about":[{"href":"https:\/\/olemosaic.com\/pt-pt\/wp-json\/wp\/v2\/types\/product"}],"wp:featuredmedia":[{"embeddable":true,"href":"https:\/\/olemosaic.com\/pt-pt\/wp-json\/wp\/v2\/media\/11214"}],"wp:attachment":[{"href":"https:\/\/olemosaic.com\/pt-pt\/wp-json\/wp\/v2\/media?parent=34755"}],"wp:term":[{"taxonomy":"product_brand","embeddable":true,"href":"https:\/\/olemosaic.com\/pt-pt\/wp-json\/wp\/v2\/product_brand?post=34755"},{"taxonomy":"product_cat","embeddable":true,"href":"https:\/\/olemosaic.com\/pt-pt\/wp-json\/wp\/v2\/product_cat?post=34755"},{"taxonomy":"product_tag","embeddable":true,"href":"https:\/\/olemosaic.com\/pt-pt\/wp-json\/wp\/v2\/product_tag?post=34755"}],"curies":[{"name":"wp","href":"https:\/\/api.w.org\/{rel}","templated":true}]}}