{"id":34754,"date":"2025-02-20T22:34:29","date_gmt":"2025-02-20T22:34:29","guid":{"rendered":"http:\/\/olemosaic.com\/producto\/4-bols-de-coco-de-13-x-6-cm-camino-de-santiago\/"},"modified":"2025-07-25T19:21:06","modified_gmt":"2025-07-25T17:21:06","slug":"4-tacas-de-coco-de-13-x-6-cm-caminho-de-santiago","status":"publish","type":"product","link":"https:\/\/olemosaic.com\/pt-pt\/produto\/4-tacas-de-coco-de-13-x-6-cm-caminho-de-santiago\/","title":{"rendered":"4 Ta\u00e7as de coco de 13 x 6 cm. Caminho de Santiago."},"content":{"rendered":"<p>Este conjunto de 4 ta\u00e7as de coco, de 13 x 6 cm cada uma, \u00e9 uma representa\u00e7\u00e3o colorida do famoso Caminho de Santiago, um percurso emblem\u00e1tico de peregrina\u00e7\u00e3o que atrai milhares de viajantes todos os anos. Com uma paleta de cores vibrante que inclui azul, vermelho, laranja e rosa, cada ta\u00e7a \u00e9 decorada com designs gr\u00e1ficos intrincados que destacam a ic\u00f3nica concha do peregrino, s\u00edmbolo do caminho, juntamente com a inscri\u00e7\u00e3o &#8220;CAMINO DE SANTIAGO&#8221;. Os bordos das ta\u00e7as est\u00e3o adornados com cora\u00e7\u00f5es, acrescentando um toque l\u00fadico e atraente que as torna perfeitas para qualquer ocasi\u00e3o.<\/p>\n<p>Estas ta\u00e7as n\u00e3o s\u00e3o apenas ideais para guardar pequenos objetos, mas tamb\u00e9m funcionam como uma decora\u00e7\u00e3o colorida para a casa, levando consigo um pedacinho da rica heran\u00e7a cultural de Espanha. O Caminho de Santiago \u00e9 conhecido pela sua espiritualidade e beleza natural, qualidades que se refletem na ess\u00eancia destes maravilhosos souvenirs.<\/p>\n<p>Na Ol\u00e9 Mosaic, somos grossistas de artigos representativos e aut\u00eanticos de diversas regi\u00f5es de Espanha. Estas ta\u00e7as de coco s\u00e3o uma excelente op\u00e7\u00e3o para lojas de recorda\u00e7\u00f5es tur\u00edsticas que procuram produtos \u00fanicos e de qualidade. Oferecem aos turistas uma recorda\u00e7\u00e3o pr\u00e1tica e memor\u00e1vel da sua experi\u00eancia no Caminho de Santiago, al\u00e9m de um bonito acess\u00f3rio decorativo que iluminar\u00e1 qualquer espa\u00e7o.<\/p>\n","protected":false},"excerpt":{"rendered":"<p>Ta\u00e7as de coco de 13 x 6 cm com motivos do Caminho de Santiago, perfeitas para guardar pequenos objetos. Cada ta\u00e7a apresenta uma cor vibrante, como azul, vermelho, laranja e rosa, e est\u00e3o decoradas com um design gr\u00e1fico que destaca a emblem\u00e1tica concha do peregrino e a inscri\u00e7\u00e3o &#8220;CAMINO DE SANTIAGO&#8221;. Os seus bordos est\u00e3o adornados com cora\u00e7\u00f5es, o que acrescenta um toque divertido e atraente. S\u00e3o ideais como recorda\u00e7\u00e3o ou para dar um toque colorido a qualquer espa\u00e7o.<\/p>\n","protected":false},"featured_media":10670,"template":"","meta":{"_acf_changed":false},"product_brand":[],"product_cat":[513],"product_tag":[],"class_list":{"0":"post-34754","1":"product","2":"type-product","3":"status-publish","4":"has-post-thumbnail","6":"product_cat-bols","7":"pa_ciudad-santiago","8":"pa_pais-espana","10":"first","11":"instock","12":"shipping-taxable","13":"product-type-simple"},"acf":[],"_links":{"self":[{"href":"https:\/\/olemosaic.com\/pt-pt\/wp-json\/wp\/v2\/product\/34754","targetHints":{"allow":["GET"]}}],"collection":[{"href":"https:\/\/olemosaic.com\/pt-pt\/wp-json\/wp\/v2\/product"}],"about":[{"href":"https:\/\/olemosaic.com\/pt-pt\/wp-json\/wp\/v2\/types\/product"}],"wp:featuredmedia":[{"embeddable":true,"href":"https:\/\/olemosaic.com\/pt-pt\/wp-json\/wp\/v2\/media\/10670"}],"wp:attachment":[{"href":"https:\/\/olemosaic.com\/pt-pt\/wp-json\/wp\/v2\/media?parent=34754"}],"wp:term":[{"taxonomy":"product_brand","embeddable":true,"href":"https:\/\/olemosaic.com\/pt-pt\/wp-json\/wp\/v2\/product_brand?post=34754"},{"taxonomy":"product_cat","embeddable":true,"href":"https:\/\/olemosaic.com\/pt-pt\/wp-json\/wp\/v2\/product_cat?post=34754"},{"taxonomy":"product_tag","embeddable":true,"href":"https:\/\/olemosaic.com\/pt-pt\/wp-json\/wp\/v2\/product_tag?post=34754"}],"curies":[{"name":"wp","href":"https:\/\/api.w.org\/{rel}","templated":true}]}}