{"id":34718,"date":"2025-02-20T23:34:28","date_gmt":"2025-02-20T22:34:28","guid":{"rendered":"http:\/\/olemosaic.com\/producto\/4-bols-de-coco-de-13-x-6-cm-caballito-de-mar-barcelona-2\/"},"modified":"2025-07-25T19:23:31","modified_gmt":"2025-07-25T17:23:31","slug":"4-tacas-de-coco-de-13-x-6-cm-cavalo-marinho-barcelona-2","status":"publish","type":"product","link":"https:\/\/olemosaic.com\/pt-pt\/produto\/4-tacas-de-coco-de-13-x-6-cm-cavalo-marinho-barcelona-2\/","title":{"rendered":"4 Ta\u00e7as de coco de 13 x 6 cm. Cavalo-marinho. Estilo marinho. Barcelona."},"content":{"rendered":"<p>Este conjunto de 4 ta\u00e7as de coco de 13 x 6 cm \u00e9 uma aut\u00eantica recorda\u00e7\u00e3o de Barcelona, desenhado para capturar a ess\u00eancia do Mediterr\u00e2neo. Cada ta\u00e7a, pintada \u00e0 m\u00e3o, est\u00e1 decorada com um encantador motivo de cavalos-marinhos, que evoca a vida marinha da costa catal\u00e3. As cores vibrantes em tons de azul, verde e laranja ir\u00e3o mergulh\u00e1-lo na frescura do mar, enquanto os detalhes que imitam a textura da \u00e1gua conferem uma dimens\u00e3o art\u00edstica a cada pe\u00e7a. A inclus\u00e3o do emblem\u00e1tico log\u00f3tipo de Barcelona em cada ta\u00e7a acrescenta um car\u00e1ter distintivo, tornando-as um detalhe ornamental perfeito para qualquer lar.<\/p>\n<p>Estas ta\u00e7as n\u00e3o s\u00e3o apenas ideais para servir aperitivos, mas tamb\u00e9m como pe\u00e7as decorativas que conferem um toque mediterr\u00e2nico a qualquer ambiente. O seu design artesanal garante que cada ta\u00e7a seja \u00fanica, oferecendo aos visitantes uma lembran\u00e7a aut\u00eantica que reflete a rica cultura de Barcelona. Na Ol\u00e9 Mosaic, especializamo-nos na distribui\u00e7\u00e3o de lembran\u00e7as por grosso, e este conjunto de ta\u00e7as de coco representa uma excelente op\u00e7\u00e3o para lojas de presentes tur\u00edsticos que procuram produtos com um forte valor cultural. A combina\u00e7\u00e3o de arte, funcionalidade e liga\u00e7\u00e3o cultural faz destas ta\u00e7as uma recorda\u00e7\u00e3o imperd\u00edvel para quem deseja levar um peda\u00e7o de Barcelona para casa.<\/p>\n","protected":false},"excerpt":{"rendered":"<p>Conjunto de 4 ta\u00e7as de coco de 13 x 6 cm, decoradas com um design de cavalos-marinhos que evoca a ess\u00eancia do Mediterr\u00e2neo e a cidade de Barcelona. Cada ta\u00e7a apresenta um acabamento colorido em tons de azul, verde e laranja, criando um efeito visual atraente, com detalhes que simulam a textura da \u00e1gua. Ideais para servir aperitivos ou como pe\u00e7as decorativas, estas ta\u00e7as s\u00e3o pintadas \u00e0 m\u00e3o, o que confere uma singularidade a cada uma, juntamente com o emblem\u00e1tico log\u00f3tipo de Barcelona.<\/p>\n","protected":false},"featured_media":10653,"template":"","meta":{"_acf_changed":false},"product_brand":[],"product_cat":[513],"product_tag":[516],"class_list":{"0":"post-34718","1":"product","2":"type-product","3":"status-publish","4":"has-post-thumbnail","6":"product_cat-bols","7":"product_tag-animais","8":"pa_ciudad-barcelona","9":"pa_motivo-cavalos-marinhos","10":"pa_pais-espana","12":"first","13":"instock","14":"shipping-taxable","15":"product-type-simple"},"acf":[],"_links":{"self":[{"href":"https:\/\/olemosaic.com\/pt-pt\/wp-json\/wp\/v2\/product\/34718","targetHints":{"allow":["GET"]}}],"collection":[{"href":"https:\/\/olemosaic.com\/pt-pt\/wp-json\/wp\/v2\/product"}],"about":[{"href":"https:\/\/olemosaic.com\/pt-pt\/wp-json\/wp\/v2\/types\/product"}],"wp:featuredmedia":[{"embeddable":true,"href":"https:\/\/olemosaic.com\/pt-pt\/wp-json\/wp\/v2\/media\/10653"}],"wp:attachment":[{"href":"https:\/\/olemosaic.com\/pt-pt\/wp-json\/wp\/v2\/media?parent=34718"}],"wp:term":[{"taxonomy":"product_brand","embeddable":true,"href":"https:\/\/olemosaic.com\/pt-pt\/wp-json\/wp\/v2\/product_brand?post=34718"},{"taxonomy":"product_cat","embeddable":true,"href":"https:\/\/olemosaic.com\/pt-pt\/wp-json\/wp\/v2\/product_cat?post=34718"},{"taxonomy":"product_tag","embeddable":true,"href":"https:\/\/olemosaic.com\/pt-pt\/wp-json\/wp\/v2\/product_tag?post=34718"}],"curies":[{"name":"wp","href":"https:\/\/api.w.org\/{rel}","templated":true}]}}