{"id":34714,"date":"2025-02-20T22:34:27","date_gmt":"2025-02-20T22:34:27","guid":{"rendered":"http:\/\/olemosaic.com\/producto\/salvamanteles-de-ceramica-santiago\/"},"modified":"2025-07-25T18:37:37","modified_gmt":"2025-07-25T16:37:37","slug":"descanso-de-pratos-em-ceramica-santiago","status":"publish","type":"product","link":"https:\/\/olemosaic.com\/pt-pt\/produto\/descanso-de-pratos-em-ceramica-santiago\/","title":{"rendered":"Descanso de pratos em cer\u00e2mica. Santiago."},"content":{"rendered":"<p>Este descanso de pratos em cer\u00e2mica, inspirado no emblem\u00e1tico Caminho de Santiago, \u00e9 uma pe\u00e7a fascinante que funde funcionalidade e arte, ideal para quem procura uma recorda\u00e7\u00e3o aut\u00eantica da cultura espanhola. Com um design colorido que se destaca em tons vibrantes de amarelo, vermelho e verde, este acess\u00f3rio n\u00e3o s\u00f3 protege a sua mesa, como tamb\u00e9m serve como um elemento decorativo atraente. Na sua ilustra\u00e7\u00e3o, a majestosa catedral de Santiago ergue-se com detalhes estilizados, acompanhada por um peregrino com o seu manto, s\u00edmbolo ic\u00f3nico da famosa peregrina\u00e7\u00e3o, e a concha, que representa o caminho.<\/p>\n<p>O mosaico que adorna este descanso de pratos reflete a rica tradi\u00e7\u00e3o art\u00edstica de Espanha e a sua liga\u00e7\u00e3o ao Caminho de Santiago, uma viagem espiritual e cultural reconhecida pela UNESCO. \u00c9 uma recorda\u00e7\u00e3o distintiva que evoca a hist\u00f3ria dos milh\u00f5es de peregrinos que percorreram este caminho ao longo dos s\u00e9culos, tornando-o um artigo essencial para os turistas interessados na riqueza cultural da Galiza.<\/p>\n<p>Na Ol\u00e9 Mosaic, especializamo-nos na distribui\u00e7\u00e3o de lembran\u00e7as por grosso, oferecendo produtos aut\u00eanticos que os turistas valorizam. Este descanso de pratos em cer\u00e2mica \u00e9 uma excelente ideia para aquelas lojas de presentes que desejam oferecer artigos com significado cultural, garantindo assim uma recorda\u00e7\u00e3o memor\u00e1vel da viagem a Santiago.<\/p>\n","protected":false},"excerpt":{"rendered":"<p>Descanso de pratos em cer\u00e2mica decorado, inspirado no emblem\u00e1tico Caminho de Santiago. Este pr\u00e1tico acess\u00f3rio apresenta uma ilustra\u00e7\u00e3o vibrante da catedral de Santiago, acompanhada por um peregrino e a concha, s\u00edmbolo do caminho. Com um design colorido e em mosaico que sobressai em tons amarelos, vermelhos e verdes, o descanso de pratos \u00e9 ideal para dar um toque cultural e art\u00edstico \u00e0 sua mesa, al\u00e9m de a proteger. Uma pe\u00e7a distintiva e funcional que celebra a tradi\u00e7\u00e3o da peregrina\u00e7\u00e3o em Espanha.<\/p>\n","protected":false},"featured_media":9932,"template":"","meta":{"_acf_changed":false},"product_brand":[],"product_cat":[830],"product_tag":[515],"class_list":{"0":"post-34714","1":"product","2":"type-product","3":"status-publish","4":"has-post-thumbnail","6":"product_cat-bases-para-pratos","7":"product_tag-ceramica","8":"pa_ciudad-santiago","9":"pa_pais-espana","11":"first","12":"instock","13":"shipping-taxable","14":"product-type-simple"},"acf":[],"_links":{"self":[{"href":"https:\/\/olemosaic.com\/pt-pt\/wp-json\/wp\/v2\/product\/34714","targetHints":{"allow":["GET"]}}],"collection":[{"href":"https:\/\/olemosaic.com\/pt-pt\/wp-json\/wp\/v2\/product"}],"about":[{"href":"https:\/\/olemosaic.com\/pt-pt\/wp-json\/wp\/v2\/types\/product"}],"wp:featuredmedia":[{"embeddable":true,"href":"https:\/\/olemosaic.com\/pt-pt\/wp-json\/wp\/v2\/media\/9932"}],"wp:attachment":[{"href":"https:\/\/olemosaic.com\/pt-pt\/wp-json\/wp\/v2\/media?parent=34714"}],"wp:term":[{"taxonomy":"product_brand","embeddable":true,"href":"https:\/\/olemosaic.com\/pt-pt\/wp-json\/wp\/v2\/product_brand?post=34714"},{"taxonomy":"product_cat","embeddable":true,"href":"https:\/\/olemosaic.com\/pt-pt\/wp-json\/wp\/v2\/product_cat?post=34714"},{"taxonomy":"product_tag","embeddable":true,"href":"https:\/\/olemosaic.com\/pt-pt\/wp-json\/wp\/v2\/product_tag?post=34714"}],"curies":[{"name":"wp","href":"https:\/\/api.w.org\/{rel}","templated":true}]}}