{"id":34703,"date":"2025-02-20T22:34:27","date_gmt":"2025-02-20T22:34:27","guid":{"rendered":"http:\/\/olemosaic.com\/producto\/salvamanteles-de-ceramica-salamandra-mallorca\/"},"modified":"2025-07-25T19:58:50","modified_gmt":"2025-07-25T17:58:50","slug":"base-de-ceramica-salamandra-maiorca","status":"publish","type":"product","link":"https:\/\/olemosaic.com\/pt-pt\/produto\/base-de-ceramica-salamandra-maiorca\/","title":{"rendered":"Base de cer\u00e2mica para tachos. Salamandra. Maiorca."},"content":{"rendered":"<p>Esta base de cer\u00e2mica para tachos, decorada com um vibrante design de salamandras, \u00e9 um acess\u00f3rio art\u00edstico e funcional ideal para qualquer cozinha. Inspirada no colorido folclore de Maiorca, apresenta chamativas salamandras em tons de vermelho, verde e azul, dispostas sobre um fundo de azulejos que evoca a rica heran\u00e7a cultural da ilha. As salamandras, representadas de forma estilizada, adicionam um toque de alegria e vida, enquanto os motivos florais, tamb\u00e9m em tons brilhantes, complementam na perfei\u00e7\u00e3o este design festivo.<\/p>\n<p>A base conta com um rebordo entran\u00e7ado vermelho que n\u00e3o s\u00f3 oferece um acabamento distintivo, mas tamb\u00e9m facilita o seu manuseamento, proporcionando seguran\u00e7a e conforto ao servir pratos quentes. Este acess\u00f3rio n\u00e3o \u00e9 apenas um elemento \u00fatil na mesa, mas tamb\u00e9m um belo objeto decorativo que pode embelezar qualquer ambiente.<\/p>\n<p>As salamandras t\u00eam uma relev\u00e2ncia cultural especial na tradi\u00e7\u00e3o mediterr\u00e2nica, simbolizando a transforma\u00e7\u00e3o e a vitalidade, o que torna esta base uma excelente recorda\u00e7\u00e3o representativa de Maiorca. Cada pe\u00e7a desta base de cer\u00e2mica real\u00e7a a autenticidade das recorda\u00e7\u00f5es da regi\u00e3o, tornando-a perfeita para turistas que desejem levar um peda\u00e7o da vida mediterr\u00e2nica para casa. Na Ol\u00e9 Mosaic, distribu\u00edmos bases para tachos por grosso que refletem a artesania e a cultura espanhola, ideal para lojas de recorda\u00e7\u00f5es tur\u00edsticas que procurem produtos \u00fanicos e aut\u00eanticos.<\/p>\n","protected":false},"excerpt":{"rendered":"<p>Base de cer\u00e2mica para tachos decorada com um vibrante design de salamandras, inspirado no colorido folclore maiorquino. Este pr\u00e1tico acess\u00f3rio de cozinha apresenta chamativas salamandras vermelhas, verdes e azuis sobre um fundo que imita azulejos, adornado com motivos florais em tons brilhantes. A pe\u00e7a est\u00e1 emoldurada com um rebordo entran\u00e7ado vermelho, que adiciona um toque distintivo e facilita o seu manuseamento. Ideal para dar um toque mediterr\u00e2nico \u00e0 sua mesa.<\/p>\n","protected":false},"featured_media":8973,"template":"","meta":{"_acf_changed":false},"product_brand":[],"product_cat":[830],"product_tag":[516,515],"class_list":{"0":"post-34703","1":"product","2":"type-product","3":"status-publish","4":"has-post-thumbnail","6":"product_cat-bases-para-pratos","7":"product_tag-animais","8":"product_tag-ceramica","9":"pa_ciudad-mallorca","10":"pa_motivo-salamandras","11":"pa_pais-espana","13":"first","14":"instock","15":"shipping-taxable","16":"product-type-simple"},"acf":[],"_links":{"self":[{"href":"https:\/\/olemosaic.com\/pt-pt\/wp-json\/wp\/v2\/product\/34703","targetHints":{"allow":["GET"]}}],"collection":[{"href":"https:\/\/olemosaic.com\/pt-pt\/wp-json\/wp\/v2\/product"}],"about":[{"href":"https:\/\/olemosaic.com\/pt-pt\/wp-json\/wp\/v2\/types\/product"}],"wp:featuredmedia":[{"embeddable":true,"href":"https:\/\/olemosaic.com\/pt-pt\/wp-json\/wp\/v2\/media\/8973"}],"wp:attachment":[{"href":"https:\/\/olemosaic.com\/pt-pt\/wp-json\/wp\/v2\/media?parent=34703"}],"wp:term":[{"taxonomy":"product_brand","embeddable":true,"href":"https:\/\/olemosaic.com\/pt-pt\/wp-json\/wp\/v2\/product_brand?post=34703"},{"taxonomy":"product_cat","embeddable":true,"href":"https:\/\/olemosaic.com\/pt-pt\/wp-json\/wp\/v2\/product_cat?post=34703"},{"taxonomy":"product_tag","embeddable":true,"href":"https:\/\/olemosaic.com\/pt-pt\/wp-json\/wp\/v2\/product_tag?post=34703"}],"curies":[{"name":"wp","href":"https:\/\/api.w.org\/{rel}","templated":true}]}}