{"id":34701,"date":"2025-02-20T22:34:26","date_gmt":"2025-02-20T22:34:26","guid":{"rendered":"http:\/\/olemosaic.com\/producto\/salvamanteles-de-ceramica-flores-barcelona\/"},"modified":"2025-07-25T20:04:36","modified_gmt":"2025-07-25T18:04:36","slug":"base-de-ceramica-flores-barcelona","status":"publish","type":"product","link":"https:\/\/olemosaic.com\/pt-pt\/produto\/base-de-ceramica-flores-barcelona\/","title":{"rendered":"Base de cer\u00e2mica para tachos. Flores. Barcelona."},"content":{"rendered":"<p>Esta base de cer\u00e2mica para tachos, decorada com um vibrante design floral, \u00e9 uma pe\u00e7a que evoca a ess\u00eancia \u00fanica de Barcelona. O seu colorido mosaico inspira-se no famoso estilo modernista da cidade, utilizando uma paleta de tons vermelhos, amarelos, azuis e verdes que conferem um toque festivo a qualquer mesa. Com um acabamento brilhante que real\u00e7a o seu apelo visual, esta base n\u00e3o \u00e9 apenas um elemento funcional, mas tamb\u00e9m uma adi\u00e7\u00e3o decorativa que transformar\u00e1 o seu lar num espa\u00e7o cheio de vida e cor. Os intrincados detalhes do design demonstram a mestria artesanal por tr\u00e1s desta obra, e a inscri\u00e7\u00e3o &#8220;Barcelona&#8221; numa lateral refor\u00e7a a sua identidade como recorda\u00e7\u00e3o ic\u00f3nica da capital catal\u00e3. Esta base \u00e9 ideal para proteger as superf\u00edcies do calor e da humidade, servindo simultaneamente como uma elegante recorda\u00e7\u00e3o representativa da arte e da cultura de Barcelona. Na Ol\u00e9 Mosaic, reconhecemos a import\u00e2ncia de oferecer recorda\u00e7\u00f5es aut\u00eanticas, e esta base de cer\u00e2mica \u00e9 uma excelente op\u00e7\u00e3o para lojas de recorda\u00e7\u00f5es tur\u00edsticas que desejem oferecer aos seus clientes um peda\u00e7o da vibrante cultura da cidade. Com a sua mistura de arte, funcionalidade e tradi\u00e7\u00e3o, esta \u00e9 a recorda\u00e7\u00e3o ideal para quem procura um toque de Barcelona.<\/p>\n","protected":false},"excerpt":{"rendered":"<p>Base de cer\u00e2mica para tachos decorada com um design floral vibrante, inspirado no modernismo barcelon\u00eas. Este artigo apresenta um mosaico colorido em tons de vermelho, amarelo, azul e verde, que confere um toque festivo a qualquer mesa. Com um acabamento brilhante e detalhes intrincados, a base inclui a palavra &#8220;Barcelona&#8221;, tornando-a uma elegante recorda\u00e7\u00e3o que evoca a ess\u00eancia art\u00edstica da cidade. Ideal para proteger superf\u00edcies e como elemento decorativo.<\/p>\n","protected":false},"featured_media":9062,"template":"","meta":{"_acf_changed":false},"product_brand":[],"product_cat":[830],"product_tag":[515],"class_list":{"0":"post-34701","1":"product","2":"type-product","3":"status-publish","4":"has-post-thumbnail","6":"product_cat-bases-para-pratos","7":"product_tag-ceramica","8":"pa_ciudad-barcelona","9":"pa_motivo-flores","10":"pa_pais-espana","12":"first","13":"instock","14":"shipping-taxable","15":"product-type-simple"},"acf":[],"_links":{"self":[{"href":"https:\/\/olemosaic.com\/pt-pt\/wp-json\/wp\/v2\/product\/34701","targetHints":{"allow":["GET"]}}],"collection":[{"href":"https:\/\/olemosaic.com\/pt-pt\/wp-json\/wp\/v2\/product"}],"about":[{"href":"https:\/\/olemosaic.com\/pt-pt\/wp-json\/wp\/v2\/types\/product"}],"wp:featuredmedia":[{"embeddable":true,"href":"https:\/\/olemosaic.com\/pt-pt\/wp-json\/wp\/v2\/media\/9062"}],"wp:attachment":[{"href":"https:\/\/olemosaic.com\/pt-pt\/wp-json\/wp\/v2\/media?parent=34701"}],"wp:term":[{"taxonomy":"product_brand","embeddable":true,"href":"https:\/\/olemosaic.com\/pt-pt\/wp-json\/wp\/v2\/product_brand?post=34701"},{"taxonomy":"product_cat","embeddable":true,"href":"https:\/\/olemosaic.com\/pt-pt\/wp-json\/wp\/v2\/product_cat?post=34701"},{"taxonomy":"product_tag","embeddable":true,"href":"https:\/\/olemosaic.com\/pt-pt\/wp-json\/wp\/v2\/product_tag?post=34701"}],"curies":[{"name":"wp","href":"https:\/\/api.w.org\/{rel}","templated":true}]}}