{"id":34700,"date":"2025-02-20T22:34:26","date_gmt":"2025-02-20T22:34:26","guid":{"rendered":"http:\/\/olemosaic.com\/producto\/salvamanteles-de-ceramica-gato\/"},"modified":"2025-07-25T19:55:13","modified_gmt":"2025-07-25T17:55:13","slug":"base-de-ceramica-gato","status":"publish","type":"product","link":"https:\/\/olemosaic.com\/pt-pt\/produto\/base-de-ceramica-gato\/","title":{"rendered":"Base de cer\u00e2mica para tachos. Gato."},"content":{"rendered":"<p>Esta base de cer\u00e2mica para tachos, adornada com um vibrante design de gatos, \u00e9 um exemplo encantador da arte decorativa que evoca a rica tradi\u00e7\u00e3o do mosaico espanhol. A sua alegre paleta de cores inclui azuis, vermelhos e verdes intensos que resplandecem gra\u00e7as ao seu acabamento brilhante. A superf\u00edcie est\u00e1 decorada com gatos divertidos em diferentes posturas e padr\u00f5es coloridos que capturam a ess\u00eancia brincalhona destes ador\u00e1veis felinos. Borboletas faceiras, tamb\u00e9m coloridas, adicionam um toque de leveza e felicidade, criando uma atmosfera alegre em qualquer mesa.<\/p>\n<p>Esta base n\u00e3o \u00e9 apenas um objeto funcional, mas uma pe\u00e7a decorativa que celebra a heran\u00e7a cultural de Espanha, onde a arte do mosaico \u00e9 uma parte hist\u00f3rica e est\u00e9tica muito relevante. O seu design contempor\u00e2neo funde-se com uma t\u00e9cnica tradicional, tornando-a uma recorda\u00e7\u00e3o aut\u00eantica que representa a alegria e o calor do lar espanhol.<\/p>\n<p>Na Ol\u00e9 Mosaic, o nosso compromisso \u00e9 oferecer recorda\u00e7\u00f5es de cer\u00e2mica aut\u00eanticas e de qualidade. Esta base \u00e9 uma excelente escolha para lojas de recorda\u00e7\u00f5es tur\u00edsticas que procuram um produto que combine arte, funcionalidade e um toque de cultura. Perfeita para turistas que desejam levar um pedacinho de Espanha para casa, esta base de gatos torna-se um presente memor\u00e1vel e original. Como grossistas de cer\u00e2mica, garantimos que cada pe\u00e7a reflete a dedica\u00e7\u00e3o e mestria artesanal, ideal para qualquer estabelecimento que valorize a qualidade e a est\u00e9tica.<\/p>\n","protected":false},"excerpt":{"rendered":"<p>Base de cer\u00e2mica para tachos decorada com gatos coloridos num design que evoca o estilo mosaico. Esta atraente base, com acabamento brilhante, real\u00e7a as suas cores vivas, como o azul, o vermelho e o verde, e est\u00e1 adornada com borboletas que lhe d\u00e3o um toque brincalh\u00e3o. A cer\u00e2mica \u00e9 resistente e f\u00e1cil de limpar, o que a torna uma pe\u00e7a funcional e decorativa, ideal para alegrar a mesa.<\/p>\n","protected":false},"featured_media":8651,"template":"","meta":{"_acf_changed":false},"product_brand":[],"product_cat":[830],"product_tag":[516,515],"class_list":{"0":"post-34700","1":"product","2":"type-product","3":"status-publish","4":"has-post-thumbnail","6":"product_cat-bases-para-pratos","7":"product_tag-animais","8":"product_tag-ceramica","9":"pa_motivo-gatos","11":"first","12":"instock","13":"shipping-taxable","14":"product-type-simple"},"acf":[],"_links":{"self":[{"href":"https:\/\/olemosaic.com\/pt-pt\/wp-json\/wp\/v2\/product\/34700","targetHints":{"allow":["GET"]}}],"collection":[{"href":"https:\/\/olemosaic.com\/pt-pt\/wp-json\/wp\/v2\/product"}],"about":[{"href":"https:\/\/olemosaic.com\/pt-pt\/wp-json\/wp\/v2\/types\/product"}],"wp:featuredmedia":[{"embeddable":true,"href":"https:\/\/olemosaic.com\/pt-pt\/wp-json\/wp\/v2\/media\/8651"}],"wp:attachment":[{"href":"https:\/\/olemosaic.com\/pt-pt\/wp-json\/wp\/v2\/media?parent=34700"}],"wp:term":[{"taxonomy":"product_brand","embeddable":true,"href":"https:\/\/olemosaic.com\/pt-pt\/wp-json\/wp\/v2\/product_brand?post=34700"},{"taxonomy":"product_cat","embeddable":true,"href":"https:\/\/olemosaic.com\/pt-pt\/wp-json\/wp\/v2\/product_cat?post=34700"},{"taxonomy":"product_tag","embeddable":true,"href":"https:\/\/olemosaic.com\/pt-pt\/wp-json\/wp\/v2\/product_tag?post=34700"}],"curies":[{"name":"wp","href":"https:\/\/api.w.org\/{rel}","templated":true}]}}