{"id":34699,"date":"2025-02-20T23:34:26","date_gmt":"2025-02-20T22:34:26","guid":{"rendered":"http:\/\/olemosaic.com\/producto\/salvamanteles-de-ceramica-salamandra-2\/"},"modified":"2025-07-25T20:28:08","modified_gmt":"2025-07-25T18:28:08","slug":"base-de-ceramica-salamandra-2","status":"publish","type":"product","link":"https:\/\/olemosaic.com\/pt-pt\/produto\/base-de-ceramica-salamandra-2\/","title":{"rendered":"Base de cer\u00e2mica para tachos. Mosaico. Salamandra."},"content":{"rendered":"<p>Esta base de cer\u00e2mica para tachos, adornada com salamandras coloridas, \u00e9 uma pe\u00e7a representativa da arte mediterr\u00e2nica, ideal para quem deseja adicionar um toque vibrante \u00e0 sua cozinha. Elaborada com cer\u00e2mica de alta qualidade, o seu design apresenta um fundo de mosaico que evoca os t\u00edpicos azulejos do sul de Espanha, complementado por um rebordo tecido em vermelho que lhe confere um acabamento distintivo e atraente. As salamandras, com as suas cores vivas em vermelho, verde, azul e amarelo, n\u00e3o s\u00f3 trazem alegria, como tamb\u00e9m simbolizam a fertilidade e a transforma\u00e7\u00e3o, conceitos profundamente enraizados na cultura mediterr\u00e2nica.<\/p>\n<p>Esta base n\u00e3o \u00e9 apenas funcional, mas tamb\u00e9m uma homenagem \u00e0 rica tradi\u00e7\u00e3o artesanal da regi\u00e3o. A combina\u00e7\u00e3o dos detalhes florais no design refor\u00e7a a sua liga\u00e7\u00e3o cultural e torna-a uma excelente recorda\u00e7\u00e3o para turistas que procuram rememorar a sua experi\u00eancia em Espanha. Al\u00e9m disso, \u00e9 uma op\u00e7\u00e3o atraente para lojas de recorda\u00e7\u00f5es tur\u00edsticas, pois oferece um produto aut\u00eantico e distintivo que celebra o patrim\u00f3nio art\u00edstico do Mediterr\u00e2neo. Na Ol\u00e9 Mosaic, como distribuidores de recorda\u00e7\u00f5es por grosso, garantimos a qualidade e a singularidade em cada pe\u00e7a, tornando esta base uma escolha excecional para quem deseja capturar a ess\u00eancia de Espanha na sua decora\u00e7\u00e3o.<\/p>\n","protected":false},"excerpt":{"rendered":"<p>Base de cer\u00e2mica para tachos decorada com salamandras coloridas que evocam a ess\u00eancia da arte mediterr\u00e2nica. Esta pr\u00e1tica base apresenta um design vibrante com salamandras em tons de vermelho, verde, azul e amarelo, complementadas por flores sobre um fundo de mosaico que imita os t\u00edpicos azulejos do sul de Espanha. Com um rebordo tecido em vermelho, \u00e9 ideal para adicionar um toque art\u00edstico e funcional \u00e0 sua cozinha, criando um ambiente acolhedor e distintivo.<\/p>\n","protected":false},"featured_media":8653,"template":"","meta":{"_acf_changed":false},"product_brand":[],"product_cat":[830],"product_tag":[516,515],"class_list":{"0":"post-34699","1":"product","2":"type-product","3":"status-publish","4":"has-post-thumbnail","6":"product_cat-bases-para-pratos","7":"product_tag-animais","8":"product_tag-ceramica","9":"pa_motivo-salamandras","11":"first","12":"instock","13":"shipping-taxable","14":"product-type-simple"},"acf":[],"_links":{"self":[{"href":"https:\/\/olemosaic.com\/pt-pt\/wp-json\/wp\/v2\/product\/34699","targetHints":{"allow":["GET"]}}],"collection":[{"href":"https:\/\/olemosaic.com\/pt-pt\/wp-json\/wp\/v2\/product"}],"about":[{"href":"https:\/\/olemosaic.com\/pt-pt\/wp-json\/wp\/v2\/types\/product"}],"wp:featuredmedia":[{"embeddable":true,"href":"https:\/\/olemosaic.com\/pt-pt\/wp-json\/wp\/v2\/media\/8653"}],"wp:attachment":[{"href":"https:\/\/olemosaic.com\/pt-pt\/wp-json\/wp\/v2\/media?parent=34699"}],"wp:term":[{"taxonomy":"product_brand","embeddable":true,"href":"https:\/\/olemosaic.com\/pt-pt\/wp-json\/wp\/v2\/product_brand?post=34699"},{"taxonomy":"product_cat","embeddable":true,"href":"https:\/\/olemosaic.com\/pt-pt\/wp-json\/wp\/v2\/product_cat?post=34699"},{"taxonomy":"product_tag","embeddable":true,"href":"https:\/\/olemosaic.com\/pt-pt\/wp-json\/wp\/v2\/product_tag?post=34699"}],"curies":[{"name":"wp","href":"https:\/\/api.w.org\/{rel}","templated":true}]}}